{"id":51,"date":"2025-04-06T21:14:48","date_gmt":"2025-04-06T19:14:48","guid":{"rendered":"https:\/\/xn--frulein-wundershop-mtb.de\/index.php\/agb\/"},"modified":"2025-07-22T10:50:21","modified_gmt":"2025-07-22T08:50:21","slug":"agb","status":"publish","type":"page","link":"https:\/\/xn--frulein-wundershop-mtb.de\/index.php\/agb\/","title":{"rendered":"AGB"},"content":{"rendered":"\n  \n    <section class=\"u-clearfix u-section-1\" id=\"sec-a224\">\n      <div class=\"u-clearfix u-sheet u-sheet-1\">\n        <h1 class=\"u-text u-text-default u-text-1\"> Allgemeine Gesch\u00e4ftsbedingungen<\/h1>\n        <p class=\"u-text u-text-default u-text-2\"><span style=\"font-weight: 700;\"> \u00a7 1<br>Geltungsbereich &amp; Abwehrklausel:<\/span>\n          <br>(1) F\u00fcr die \u00fcber diesen Internet-Shop begr\u00fcndeten Rechtsbeziehungen zwischen dem Betreiber des Shops (nachfolgend \u201eAnbieter\u201c) und seinen Kunden gelten ausschlie\u00dflich die folgenden Allgemeinen Gesch\u00e4ftsbedingungen in der jeweiligen Fassung zum Zeitpunkt der Bestellung.<br>(2) Abweichende Allgemeine Gesch\u00e4ftsbedingungen des Kunden werden zur\u00fcckgewiesen.<br>\n          <br><span style=\"font-weight: 700;\">\u00a7 2<br>Zustandekommen des Vertrages:<\/span>\n          <br>(1) Die Pr\u00e4sentation der Waren im Internet-Shop stellt kein bindendes Angebot des Anbieters auf Abschluss eines Kaufvertrages dar. Der Kunde wird hierdurch lediglich aufgefordert, durch eine Bestellung ein Angebot abzugeben.<br>(2) Durch das Absenden der Bestellung im Internet-Shop gibt der Kunde ein verbindliches Angebot gerichtet auf den Abschluss eines Kaufvertrages \u00fcber die im Warenkorb enthaltenen Waren ab. Mit dem Absenden der Bestellung erkennt der Kunde auch diese Gesch\u00e4ftsbedingungen als f\u00fcr das Rechtsverh\u00e4ltnis mit dem Anbieter allein ma\u00dfgeblich an.<br>(3) Der Anbieter best\u00e4tigt den Eingang der Bestellung des Kunden durch Versendung einer Best\u00e4tigungs-E-Mail. Diese Bestellbest\u00e4tigung stellt noch nicht die Annahme des Vertragsangebotes durch den Anbieter dar. Sie dient lediglich der Information des Kunden, dass die Bestellung beim Anbieter eingegangen ist. Die Erkl\u00e4rung der Annahme des Vertragsangebotes erfolgt durch die Auslieferung der Ware oder eine ausdr\u00fcckliche Annahmeerkl\u00e4rung.<br>\n          <br><span style=\"font-weight: 700;\">\u00a7 3<br>Eigentumsvorbehalt:<\/span>\n          <br>Die gelieferte Ware verbleibt bis zur vollst\u00e4ndigen Bezahlung im Eigentum des Anbieters.<br>\n          <br><span style=\"font-weight: 700;\">\u00a7 4<br>F\u00e4lligkeit:<\/span>\n          <br>Die Zahlung des Kaufpreises ist mit Vertragsschluss f\u00e4llig.<br>\n          <br><span style=\"font-weight: 700;\">\u00a7 5<br>Gew\u00e4hrleistung:<\/span>\n          <br>(1) Die Gew\u00e4hrleistungsrechte des Kunden richten sich nach den allgemeinen gesetzlichen Vorschriften, soweit nachfolgend nichts anderes bestimmt ist. F\u00fcr Schadensersatzanspr\u00fcche des Kunden gegen\u00fcber dem Anbieter gilt die Regelung in \u00a7 6 dieser AGB.<br>(2) Die Verj\u00e4hrungsfrist f\u00fcr Gew\u00e4hrleistungsanspr\u00fcche des Kunden betr\u00e4gt bei Verbrauchern bei neu hergestellten Sachen 2 Jahre, bei gebrauchten Sachen 1 Jahr. Gegen\u00fcber Unternehmern betr\u00e4gt die Verj\u00e4hrungsfrist bei neu hergestellten Sachen und bei gebrauchten Sachen 1 Jahr. Die vorstehende Verk\u00fcrzung der Verj\u00e4hrungsfristen gilt nicht f\u00fcr Schadensersatzanspr\u00fcche des Kunden aufgrund einer Verletzung des Lebens, des K\u00f6rpers, der Gesundheit sowie f\u00fcr Schadensersatzanspr\u00fcche aufgrund einer Verletzung wesentlicher Vertragspflichten. Wesentliche Vertragspflichten sind solche, deren Erf\u00fcllung zur Erreichung des Ziels des Vertrags notwendig ist, z.B. hat der Anbieter dem Kunden die Sache frei von Sach- und Rechtsm\u00e4ngeln zu \u00fcbergeben und das Eigentum an ihr zu verschaffen. Die vorstehende Verk\u00fcrzung der Verj\u00e4hrungsfristen gilt ebenfalls nicht f\u00fcr Schadensersatzanspr\u00fcche, die auf einer vors\u00e4tzlichen oder grob fahrl\u00e4ssigen Pflichtverletzung des Anbieters, seiner gesetzlichen Vertreter oder Erf\u00fcllungsgehilfen beruhen. Gegen\u00fcber Unternehmern ebenfalls ausgenommen von der Verk\u00fcrzung der Verj\u00e4hrungsfristen ist der R\u00fcckgriffsanspruch nach \u00a7 478 BGB.<br>(3) Eine Garantie wird von dem Anbieter nicht erkl\u00e4rt.<br>\n          <br><span style=\"font-weight: 700;\">\u00a7 6<br>Haftungsausschluss:<\/span>\n          <br>(1) Schadensersatzanspr\u00fcche des Kunden sind ausgeschlossen, soweit nachfolgend nichts anderes bestimmt ist. Der vorstehende Haftungsausschluss gilt auch zugunsten der gesetzlichen Vertreter und Erf\u00fcllungsgehilfen des Anbieters, sofern der Kunde Anspr\u00fcche gegen diese geltend macht.<br>(2) Von dem unter Ziffer 1 bestimmten Haftungsausschluss ausgenommen sind Schadensersatzanspr\u00fcche aufgrund einer Verletzung des Lebens, des K\u00f6rpers, der Gesundheit und Schadensersatzanspr\u00fcche aus der Verletzung wesentlicher Vertragspflichten. Wesentliche Vertragspflichten sind solche, deren Erf\u00fcllung zur Erreichung des Ziels des Vertrags notwendig ist, z.B. hat der Anbieter dem Kunden die Sache frei von Sach- und Rechtsm\u00e4ngeln zu \u00fcbergeben und das Eigentum an ihr zu verschaffen. Von dem Haftungsausschluss ebenfalls ausgenommen ist die Haftung f\u00fcr Sch\u00e4den, die auf einer vors\u00e4tzlichen oder grob fahrl\u00e4ssigen Pflichtverletzung des Anbieters, seiner gesetzlichen Vertreter oder Erf\u00fcllungsgehilfen beruhen.<br>(3) Vorschriften des Produkthaftungsgesetzes (ProdHaftG) bleiben unber\u00fchrt.<br>\n          <br><span style=\"font-weight: 700;\">\u00a7 7<br>Abtretungs- und Verpf\u00e4ndungsverbot:<\/span>\n          <br>Die Abtretung oder Verpf\u00e4ndung von dem Kunden gegen\u00fcber dem Anbieter zustehenden Anspr\u00fcchen oder Rechten ist ohne Zustimmung des Anbieters ausgeschlossen, sofern der Kunde nicht ein berechtigtes Interesse an der Abtretung oder Verpf\u00e4ndung nachweist.<br>\n          <br><span style=\"font-weight: 700;\">\u00a7 8<br>Aufrechnung:<\/span>\n          <br>Ein Aufrechnungsrecht des Kunden besteht nur, wenn seine zur Aufrechnung gestellte Forderung rechtskr\u00e4ftig festgestellt wurde oder unbestritten ist.<br>\n          <br><span style=\"font-weight: 700;\">\u00a7 9<br>Rechtswahl &amp; Gerichtsstand:<\/span>\n          <br>(1) Auf die vertraglichen Beziehungen zwischen dem Anbieter und dem Kunden findet das Recht der Bundesrepublik Deutschland Anwendung. Von dieser Rechtswahl ausgenommen sind die zwingenden Verbraucherschutzvorschriften des Landes, in dem der Kunde seinen gew\u00f6hnlichen Aufenthalt hat. Die Anwendung des UN-Kaufrechts ist ausgeschlossen.<br>(2) Gerichtsstand f\u00fcr alle Streitigkeiten aus dem Vertragsverh\u00e4ltnis zwischen dem Kunden und dem Anbieter ist der Sitz des Anbieters, sofern es sich bei dem Kunden um einen Kaufmann, eine juristische Person des \u00f6ffentlichen Rechts oder ein \u00f6ffentlich-rechtliches Sonderverm\u00f6gen handelt.<br>\n          <br><span style=\"font-weight: 700;\">\u00a7 10:<br>Salvatorische Klausel<\/span>\n          <br>Sollte eine Bestimmung dieser Allgemeinen Gesch\u00e4ftsbedingungen unwirksam sein, wird davon die Wirksamkeit der \u00fcbrigen Bestimmungen nicht ber\u00fchrt.\n        <\/p>\n      <\/div>\n    <\/section>\n    \n    \n    \n    \n    \n  \n","protected":false},"excerpt":{"rendered":"<p>Allgemeine Gesch\u00e4ftsbedingungen \u00a7 1Geltungsbereich &amp; Abwehrklausel: (1) F\u00fcr die \u00fcber diesen Internet-Shop begr\u00fcndeten Rechtsbeziehungen zwischen dem Betreiber des Shops (nachfolgend \u201eAnbieter\u201c) und seinen Kunden gelten ausschlie\u00dflich die folgenden Allgemeinen Gesch\u00e4ftsbedingungen in der jeweiligen Fassung zum Zeitpunkt der Bestellung.(2) Abweichende Allgemeine Gesch\u00e4ftsbedingungen des Kunden werden zur\u00fcckgewiesen. \u00a7 2Zustandekommen des Vertrages: (1) Die Pr\u00e4sentation der Waren im &hellip; <a href=\"https:\/\/xn--frulein-wundershop-mtb.de\/index.php\/agb\/\" class=\"more-link\">Continue reading<span class=\"screen-reader-text\"> &#8222;AGB&#8220;<\/span><\/a><\/p>\n","protected":false},"author":1,"featured_media":0,"parent":0,"menu_order":3,"comment_status":"closed","ping_status":"closed","template":"","meta":{"footnotes":""},"class_list":["post-51","page","type-page","status-publish","hentry"],"_links":{"self":[{"href":"https:\/\/xn--frulein-wundershop-mtb.de\/index.php\/wp-json\/wp\/v2\/pages\/51","targetHints":{"allow":["GET"]}}],"collection":[{"href":"https:\/\/xn--frulein-wundershop-mtb.de\/index.php\/wp-json\/wp\/v2\/pages"}],"about":[{"href":"https:\/\/xn--frulein-wundershop-mtb.de\/index.php\/wp-json\/wp\/v2\/types\/page"}],"author":[{"embeddable":true,"href":"https:\/\/xn--frulein-wundershop-mtb.de\/index.php\/wp-json\/wp\/v2\/users\/1"}],"replies":[{"embeddable":true,"href":"https:\/\/xn--frulein-wundershop-mtb.de\/index.php\/wp-json\/wp\/v2\/comments?post=51"}],"version-history":[{"count":2,"href":"https:\/\/xn--frulein-wundershop-mtb.de\/index.php\/wp-json\/wp\/v2\/pages\/51\/revisions"}],"predecessor-version":[{"id":1344,"href":"https:\/\/xn--frulein-wundershop-mtb.de\/index.php\/wp-json\/wp\/v2\/pages\/51\/revisions\/1344"}],"wp:attachment":[{"href":"https:\/\/xn--frulein-wundershop-mtb.de\/index.php\/wp-json\/wp\/v2\/media?parent=51"}],"curies":[{"name":"wp","href":"https:\/\/api.w.org\/{rel}","templated":true}]}}