{"id":56,"date":"2025-04-06T21:14:53","date_gmt":"2025-04-06T19:14:53","guid":{"rendered":"https:\/\/xn--frulein-wundershop-mtb.de\/index.php\/muetzen\/"},"modified":"2025-04-06T21:15:18","modified_gmt":"2025-04-06T19:15:18","slug":"muetzen","status":"publish","type":"page","link":"https:\/\/xn--frulein-wundershop-mtb.de\/index.php\/muetzen\/","title":{"rendered":"M\u00fctzen"},"content":{"rendered":"\n  \n    <section class=\"u-clearfix u-section-1\" id=\"sec-0317\">\n      <div class=\"u-clearfix u-sheet u-sheet-1\">\n        <h1 class=\"u-text u-text-default u-text-1\"> Gut beh\u00fctet sollt ihr sein!<\/h1>\n        <p class=\"u-text u-text-default u-text-2\"> Auf der Suche nach der ultimativen Kopfbedeckung, absoluten Individualit\u00e4t, warmen Ohren oder der Express-L\u00f6sungen f\u00fcr Bad-Hair-Days wirst du hier f\u00fcndig. Liebevoll gestaltete, handgen\u00e4hte M\u00fctzen mit individuellen Details jenseits des Wohlbekannten.<\/p>\n      <\/div>\n    <\/section>\n    <section class=\"u-clearfix u-section-2\" id=\"sec-c51b\">\n      <div class=\"u-clearfix u-sheet u-sheet-1\"><!--products_options_json--><!--{\"type\":\"products-category\",\"source\":\"M\u00fctzen\",\"tags\":\"\",\"count\":\"30\"}--><!--\/products_options_json-->\n        <div class=\"u-expanded-width u-products u-products-1 u-cms u-hidden-visibility\"  data-site-sorting-prop=\"created\" data-site-sorting-order=\"desc\" data-products-id=\"1\" data-products-datasource=\"cms\" data-items-per-page=\"6\" data-payment-service=\"48b247e777898b665fe8519e762c200f\" data-site-category=\"9\" data-max-items=\"30\">\n          <div class=\"u-list-control\"><\/div>\n          <div class=\"u-repeater u-repeater-1\">\n            <div class=\"u-align-center u-border-1 u-border-grey-10 u-container-align-center u-container-style u-products-item u-repeater-item\">\n              <div class=\"u-container-layout u-similar-container u-container-layout-1\">\n                <img alt=\"\" class=\"u-expanded-width u-image u-image-default u-product-control lazyload u-image-1\" data-src=\"https:\/\/xn--frulein-wundershop-mtb.de\/wp-content\/uploads\/2025\/04\/MtzeStripes-1.jpg\" style=\"cursor:pointer;\" data-product-control=\"https:\/\/xn--frulein-wundershop-mtb.de\/index.php\/produkt\/muetze-jersey-stripes\/\" loading=\"lazy\">\n                <h4 class=\"u-product-control u-text u-text-1\">\n                  <a class=\"u-product-title-link\" href=\"https:\/\/xn--frulein-wundershop-mtb.de\/index.php\/produkt\/muetze-jersey-stripes\/\">M\u00fctze Jersey Stripes<\/a>\n                <\/h4>\n                <div data-add-zero-cents=\"false\" class=\"u-product-control u-product-price u-product-price-1\">\n                  <div class=\"u-price-wrapper u-spacing-10\">\n                    <div class=\"u-hide-price u-old-price\" style=\"text-decoration: line-through !important;\">  <\/div>\n                    <div class=\"u-price u-text-palette-1-base\" style=\"font-size: 1.25rem; font-weight: 700;\"> <span class=\"woocommerce-Price-amount amount\"><bdi>19,00&nbsp;<span class=\"woocommerce-Price-currencySymbol\">&euro;<\/span><\/bdi><\/span><span style=\"color:rgb(0, 0, 0);margin-left: 6px;font-size: 94%;\"><\/span> <\/div>\n                  <\/div>\n                <\/div>\n                <a href=\"https:\/\/xn--frulein-wundershop-mtb.de\/index.php\/produkt\/muetze-jersey-stripes\/\" class=\"u-active-grey-75 u-border-none u-btn u-button-style u-hover-grey-75 u-palette-1-base u-product-control u-btn-1\" data-product-button-click-type=\"go-to-page\">Ansehen<\/a>\n              <\/div>\n            <\/div>\n            <div class=\"u-align-center u-border-1 u-border-grey-10 u-container-align-center u-container-style u-products-item u-repeater-item\">\n              <div class=\"u-container-layout u-similar-container u-container-layout-2\">\n                <img alt=\"\" class=\"u-expanded-width u-image u-image-default u-product-control lazyload u-image-2\" data-src=\"https:\/\/xn--frulein-wundershop-mtb.de\/wp-content\/uploads\/2025\/04\/MtzeWollViolett-1.jpg\" style=\"cursor:pointer;\" data-product-control=\"https:\/\/xn--frulein-wundershop-mtb.de\/index.php\/produkt\/muetze-wolle-violett\/\" loading=\"lazy\">\n                <h4 class=\"u-product-control u-text u-text-2\">\n                  <a class=\"u-product-title-link\" href=\"https:\/\/xn--frulein-wundershop-mtb.de\/index.php\/produkt\/muetze-wolle-violett\/\">M\u00fctze Wolle Violett<\/a>\n                <\/h4>\n                <div data-add-zero-cents=\"false\" class=\"u-product-control u-product-price u-product-price-2\">\n                  <div class=\"u-price-wrapper u-spacing-10\">\n                    <div class=\"u-hide-price u-old-price\" style=\"text-decoration: line-through !important;\">  <\/div>\n                    <div class=\"u-price u-text-palette-1-base\" style=\"font-size: 1.25rem; font-weight: 700;\"> <span class=\"woocommerce-Price-amount amount\"><bdi>24,00&nbsp;<span class=\"woocommerce-Price-currencySymbol\">&euro;<\/span><\/bdi><\/span><span style=\"color:rgb(0, 0, 0);margin-left: 6px;font-size: 94%;\"><\/span> <\/div>\n                  <\/div>\n                <\/div>\n                <a href=\"https:\/\/xn--frulein-wundershop-mtb.de\/index.php\/produkt\/muetze-wolle-violett\/\" class=\"u-active-grey-75 u-border-none u-btn u-button-style u-hover-grey-75 u-palette-1-base u-product-control u-btn-2\" data-product-button-click-type=\"go-to-page\">Ansehen<\/a>\n              <\/div>\n            <\/div>\n            <div class=\"u-align-center u-border-1 u-border-grey-10 u-container-align-center u-container-style u-products-item u-repeater-item\">\n              <div class=\"u-container-layout u-similar-container u-container-layout-3\">\n                <img alt=\"\" class=\"u-expanded-width u-image u-image-default u-product-control lazyload u-image-3\" data-src=\"https:\/\/xn--frulein-wundershop-mtb.de\/wp-content\/uploads\/2025\/04\/DSC_07632-1.jpg\" style=\"cursor:pointer;\" data-product-control=\"https:\/\/xn--frulein-wundershop-mtb.de\/index.php\/produkt\/muetze-segler\/\" loading=\"lazy\">\n                <h4 class=\"u-product-control u-text u-text-3\">\n                  <a class=\"u-product-title-link\" href=\"https:\/\/xn--frulein-wundershop-mtb.de\/index.php\/produkt\/muetze-segler\/\">M\u00fctze Segler<\/a>\n                <\/h4>\n                <div data-add-zero-cents=\"false\" class=\"u-product-control u-product-price u-product-price-3\">\n                  <div class=\"u-price-wrapper u-spacing-10\">\n                    <div class=\"u-hide-price u-old-price\" style=\"text-decoration: line-through !important;\">  <\/div>\n                    <div class=\"u-price u-text-palette-1-base\" style=\"font-size: 1.25rem; font-weight: 700;\"> <span class=\"woocommerce-Price-amount amount\"><bdi>24,00&nbsp;<span class=\"woocommerce-Price-currencySymbol\">&euro;<\/span><\/bdi><\/span><span style=\"color:rgb(0, 0, 0);margin-left: 6px;font-size: 94%;\"><\/span> <\/div>\n                  <\/div>\n                <\/div>\n                <a href=\"https:\/\/xn--frulein-wundershop-mtb.de\/index.php\/produkt\/muetze-segler\/\" class=\"u-active-grey-75 u-border-none u-btn u-button-style u-hover-grey-75 u-palette-1-base u-product-control u-btn-3\" data-product-button-click-type=\"go-to-page\">Ansehen<\/a>\n              <\/div>\n            <\/div>\n            <div class=\"u-align-center u-border-1 u-border-grey-10 u-container-align-center u-container-style u-products-item u-repeater-item\">\n              <div class=\"u-container-layout u-similar-container u-container-layout-4\">\n                <img alt=\"\" class=\"u-expanded-width u-image u-image-default u-product-control lazyload u-image-4\" data-src=\"https:\/\/xn--frulein-wundershop-mtb.de\/wp-content\/uploads\/2025\/04\/DSC_07412-1.jpg\" style=\"cursor:pointer;\" data-product-control=\"https:\/\/xn--frulein-wundershop-mtb.de\/index.php\/produkt\/muetze-pusteblume\/\" loading=\"lazy\">\n                <h4 class=\"u-product-control u-text u-text-4\">\n                  <a class=\"u-product-title-link\" href=\"https:\/\/xn--frulein-wundershop-mtb.de\/index.php\/produkt\/muetze-pusteblume\/\">M\u00fctze Pusteblume<\/a>\n                <\/h4>\n                <div data-add-zero-cents=\"false\" class=\"u-product-control u-product-price u-product-price-4\">\n                  <div class=\"u-price-wrapper u-spacing-10\">\n                    <div class=\"u-hide-price u-old-price\" style=\"text-decoration: line-through !important;\">  <\/div>\n                    <div class=\"u-price u-text-palette-1-base\" style=\"font-size: 1.25rem; font-weight: 700;\"> <span class=\"woocommerce-Price-amount amount\"><bdi>24,00&nbsp;<span class=\"woocommerce-Price-currencySymbol\">&euro;<\/span><\/bdi><\/span><span style=\"color:rgb(0, 0, 0);margin-left: 6px;font-size: 94%;\"><\/span> <\/div>\n                  <\/div>\n                <\/div>\n                <a href=\"https:\/\/xn--frulein-wundershop-mtb.de\/index.php\/produkt\/muetze-pusteblume\/\" class=\"u-active-grey-75 u-border-none u-btn u-button-style u-hover-grey-75 u-palette-1-base u-product-control u-btn-4\" data-product-button-click-type=\"go-to-page\">Ansehen<\/a>\n              <\/div>\n            <\/div>\n            <div class=\"u-align-center u-border-1 u-border-grey-10 u-container-align-center u-container-style u-products-item u-repeater-item\">\n              <div class=\"u-container-layout u-similar-container u-container-layout-5\">\n                <img alt=\"\" class=\"u-expanded-width u-image u-image-default u-product-control lazyload u-image-5\" data-src=\"https:\/\/xn--frulein-wundershop-mtb.de\/wp-content\/uploads\/2025\/04\/DSC_07602-1.jpg\" style=\"cursor:pointer;\" data-product-control=\"https:\/\/xn--frulein-wundershop-mtb.de\/index.php\/produkt\/muetze-zopf-tuerkis\/\" loading=\"lazy\">\n                <h4 class=\"u-product-control u-text u-text-5\">\n                  <a class=\"u-product-title-link\" href=\"https:\/\/xn--frulein-wundershop-mtb.de\/index.php\/produkt\/muetze-zopf-tuerkis\/\">M\u00fctze Zopf T\u00fcrkis<\/a>\n                <\/h4>\n                <div data-add-zero-cents=\"false\" class=\"u-product-control u-product-price u-product-price-5\">\n                  <div class=\"u-price-wrapper u-spacing-10\">\n                    <div class=\"u-hide-price u-old-price\" style=\"text-decoration: line-through !important;\">  <\/div>\n                    <div class=\"u-price u-text-palette-1-base\" style=\"font-size: 1.25rem; font-weight: 700;\"> <span class=\"woocommerce-Price-amount amount\"><bdi>24,00&nbsp;<span class=\"woocommerce-Price-currencySymbol\">&euro;<\/span><\/bdi><\/span><span style=\"color:rgb(0, 0, 0);margin-left: 6px;font-size: 94%;\"><\/span> <\/div>\n                  <\/div>\n                <\/div>\n                <a href=\"https:\/\/xn--frulein-wundershop-mtb.de\/index.php\/produkt\/muetze-zopf-tuerkis\/\" class=\"u-active-grey-75 u-border-none u-btn u-button-style u-hover-grey-75 u-palette-1-base u-product-control u-btn-5\" data-product-button-click-type=\"go-to-page\">Ansehen<\/a>\n              <\/div>\n            <\/div>\n            <div class=\"u-align-center u-border-1 u-border-grey-10 u-container-align-center u-container-style u-products-item u-repeater-item\">\n              <div class=\"u-container-layout u-similar-container u-container-layout-6\">\n                <img alt=\"\" class=\"u-expanded-width u-image u-image-default u-product-control lazyload u-image-6\" data-src=\"https:\/\/xn--frulein-wundershop-mtb.de\/wp-content\/uploads\/2025\/04\/DSC_07492-1-1.jpg\" style=\"cursor:pointer;\" data-product-control=\"https:\/\/xn--frulein-wundershop-mtb.de\/index.php\/produkt\/muetze-fischgraet-anthrazit-mit-buendchen\/\" loading=\"lazy\">\n                <h4 class=\"u-product-control u-text u-text-6\">\n                  <a class=\"u-product-title-link\" href=\"https:\/\/xn--frulein-wundershop-mtb.de\/index.php\/produkt\/muetze-fischgraet-anthrazit-mit-buendchen\/\">M\u00fctze Fischgr\u00e4t anthrazit mit B\u00fcndchen<\/a>\n                <\/h4>\n                <div data-add-zero-cents=\"false\" class=\"u-product-control u-product-price u-product-price-6\">\n                  <div class=\"u-price-wrapper u-spacing-10\">\n                    <div class=\"u-hide-price u-old-price\" style=\"text-decoration: line-through !important;\">  <\/div>\n                    <div class=\"u-price u-text-palette-1-base\" style=\"font-size: 1.25rem; font-weight: 700;\"> <span class=\"woocommerce-Price-amount amount\"><bdi>24,00&nbsp;<span class=\"woocommerce-Price-currencySymbol\">&euro;<\/span><\/bdi><\/span><span style=\"color:rgb(0, 0, 0);margin-left: 6px;font-size: 94%;\"><\/span> <\/div>\n                  <\/div>\n                <\/div>\n                <a href=\"https:\/\/xn--frulein-wundershop-mtb.de\/index.php\/produkt\/muetze-fischgraet-anthrazit-mit-buendchen\/\" class=\"u-active-grey-75 u-border-none u-btn u-button-style u-hover-grey-75 u-palette-1-base u-product-control u-btn-6\" data-product-button-click-type=\"go-to-page\">Ansehen<\/a>\n              <\/div>\n            <\/div>\n            <div class=\"u-align-center u-border-1 u-border-grey-10 u-container-align-center u-container-style u-products-item u-repeater-item\">\n              <div class=\"u-container-layout u-similar-container u-container-layout-1\">\n                <img alt=\"\" class=\"u-expanded-width u-image u-image-default u-product-control lazyload u-image-1\" data-src=\"https:\/\/xn--frulein-wundershop-mtb.de\/wp-content\/uploads\/2025\/04\/DSC_07472-1.jpg\" style=\"cursor:pointer;\" data-product-control=\"https:\/\/xn--frulein-wundershop-mtb.de\/index.php\/produkt\/muetze-fischgraet-anthrazit-mit-futter\/\" loading=\"lazy\">\n                <h4 class=\"u-product-control u-text u-text-1\">\n                  <a class=\"u-product-title-link\" href=\"https:\/\/xn--frulein-wundershop-mtb.de\/index.php\/produkt\/muetze-fischgraet-anthrazit-mit-futter\/\">M\u00fctze Fischgr\u00e4t anthrazit mit Futter<\/a>\n                <\/h4>\n                <div data-add-zero-cents=\"false\" class=\"u-product-control u-product-price u-product-price-1\">\n                  <div class=\"u-price-wrapper u-spacing-10\">\n                    <div class=\"u-hide-price u-old-price\" style=\"text-decoration: line-through !important;\">  <\/div>\n                    <div class=\"u-price u-text-palette-1-base\" style=\"font-size: 1.25rem; font-weight: 700;\"> <span class=\"woocommerce-Price-amount amount\"><bdi>24,00&nbsp;<span class=\"woocommerce-Price-currencySymbol\">&euro;<\/span><\/bdi><\/span><span style=\"color:rgb(0, 0, 0);margin-left: 6px;font-size: 94%;\"><\/span> <\/div>\n                  <\/div>\n                <\/div>\n                <a href=\"https:\/\/xn--frulein-wundershop-mtb.de\/index.php\/produkt\/muetze-fischgraet-anthrazit-mit-futter\/\" class=\"u-active-grey-75 u-border-none u-btn u-button-style u-hover-grey-75 u-palette-1-base u-product-control u-btn-1\" data-product-button-click-type=\"go-to-page\">Ansehen<\/a>\n              <\/div>\n            <\/div>\n            <div class=\"u-align-center u-border-1 u-border-grey-10 u-container-align-center u-container-style u-products-item u-repeater-item\">\n              <div class=\"u-container-layout u-similar-container u-container-layout-2\">\n                <img alt=\"\" class=\"u-expanded-width u-image u-image-default u-product-control lazyload u-image-2\" data-src=\"https:\/\/xn--frulein-wundershop-mtb.de\/wp-content\/uploads\/2025\/04\/MS03-1.jpg\" style=\"cursor:pointer;\" data-product-control=\"https:\/\/xn--frulein-wundershop-mtb.de\/index.php\/produkt\/muetze-streifen-gelb-weiss\/\" loading=\"lazy\">\n                <h4 class=\"u-product-control u-text u-text-2\">\n                  <a class=\"u-product-title-link\" href=\"https:\/\/xn--frulein-wundershop-mtb.de\/index.php\/produkt\/muetze-streifen-gelb-weiss\/\">M\u00fctze Streifen gelb-weiss<\/a>\n                <\/h4>\n                <div data-add-zero-cents=\"false\" class=\"u-product-control u-product-price u-product-price-2\">\n                  <div class=\"u-price-wrapper u-spacing-10\">\n                    <div class=\"u-hide-price u-old-price\" style=\"text-decoration: line-through !important;\">  <\/div>\n                    <div class=\"u-price u-text-palette-1-base\" style=\"font-size: 1.25rem; font-weight: 700;\"> <span class=\"woocommerce-Price-amount amount\"><bdi>20,00&nbsp;<span class=\"woocommerce-Price-currencySymbol\">&euro;<\/span><\/bdi><\/span><span style=\"color:rgb(0, 0, 0);margin-left: 6px;font-size: 94%;\"><\/span> <\/div>\n                  <\/div>\n                <\/div>\n                <a href=\"https:\/\/xn--frulein-wundershop-mtb.de\/index.php\/produkt\/muetze-streifen-gelb-weiss\/\" class=\"u-active-grey-75 u-border-none u-btn u-button-style u-hover-grey-75 u-palette-1-base u-product-control u-btn-2\" data-product-button-click-type=\"go-to-page\">Ansehen<\/a>\n              <\/div>\n            <\/div>\n            <div class=\"u-align-center u-border-1 u-border-grey-10 u-container-align-center u-container-style u-products-item u-repeater-item\">\n              <div class=\"u-container-layout u-similar-container u-container-layout-3\">\n                <img alt=\"\" class=\"u-expanded-width u-image u-image-default u-product-control lazyload u-image-3\" data-src=\"https:\/\/xn--frulein-wundershop-mtb.de\/wp-content\/uploads\/2025\/04\/MS03-1.jpg\" style=\"cursor:pointer;\" data-product-control=\"https:\/\/xn--frulein-wundershop-mtb.de\/index.php\/produkt\/muetze-streifen-schwarz-weiss\/\" loading=\"lazy\">\n                <h4 class=\"u-product-control u-text u-text-3\">\n                  <a class=\"u-product-title-link\" href=\"https:\/\/xn--frulein-wundershop-mtb.de\/index.php\/produkt\/muetze-streifen-schwarz-weiss\/\">M\u00fctze Streifen schwarz-weiss<\/a>\n                <\/h4>\n                <div data-add-zero-cents=\"false\" class=\"u-product-control u-product-price u-product-price-3\">\n                  <div class=\"u-price-wrapper u-spacing-10\">\n                    <div class=\"u-hide-price u-old-price\" style=\"text-decoration: line-through !important;\">  <\/div>\n                    <div class=\"u-price u-text-palette-1-base\" style=\"font-size: 1.25rem; font-weight: 700;\"> <span class=\"woocommerce-Price-amount amount\"><bdi>20,00&nbsp;<span class=\"woocommerce-Price-currencySymbol\">&euro;<\/span><\/bdi><\/span><span style=\"color:rgb(0, 0, 0);margin-left: 6px;font-size: 94%;\"><\/span> <\/div>\n                  <\/div>\n                <\/div>\n                <a href=\"https:\/\/xn--frulein-wundershop-mtb.de\/index.php\/produkt\/muetze-streifen-schwarz-weiss\/\" class=\"u-active-grey-75 u-border-none u-btn u-button-style u-hover-grey-75 u-palette-1-base u-product-control u-btn-3\" data-product-button-click-type=\"go-to-page\">Ansehen<\/a>\n              <\/div>\n            <\/div>\n            <div class=\"u-align-center u-border-1 u-border-grey-10 u-container-align-center u-container-style u-products-item u-repeater-item\">\n              <div class=\"u-container-layout u-similar-container u-container-layout-4\">\n                <img alt=\"\" class=\"u-expanded-width u-image u-image-default u-product-control lazyload u-image-4\" data-src=\"https:\/\/xn--frulein-wundershop-mtb.de\/wp-content\/uploads\/2025\/04\/DSC_07512-1.jpg\" style=\"cursor:pointer;\" data-product-control=\"https:\/\/xn--frulein-wundershop-mtb.de\/index.php\/produkt\/muetze-strick-blaugrau\/\" loading=\"lazy\">\n                <h4 class=\"u-product-control u-text u-text-4\">\n                  <a class=\"u-product-title-link\" href=\"https:\/\/xn--frulein-wundershop-mtb.de\/index.php\/produkt\/muetze-strick-blaugrau\/\">M\u00fctze Strick blaugrau<\/a>\n                <\/h4>\n                <div data-add-zero-cents=\"false\" class=\"u-product-control u-product-price u-product-price-4\">\n                  <div class=\"u-price-wrapper u-spacing-10\">\n                    <div class=\"u-hide-price u-old-price\" style=\"text-decoration: line-through !important;\">  <\/div>\n                    <div class=\"u-price u-text-palette-1-base\" style=\"font-size: 1.25rem; font-weight: 700;\"> <span class=\"woocommerce-Price-amount amount\"><bdi>20,00&nbsp;<span class=\"woocommerce-Price-currencySymbol\">&euro;<\/span><\/bdi><\/span><span style=\"color:rgb(0, 0, 0);margin-left: 6px;font-size: 94%;\"><\/span> <\/div>\n                  <\/div>\n                <\/div>\n                <a href=\"https:\/\/xn--frulein-wundershop-mtb.de\/index.php\/produkt\/muetze-strick-blaugrau\/\" class=\"u-active-grey-75 u-border-none u-btn u-button-style u-hover-grey-75 u-palette-1-base u-product-control u-btn-4\" data-product-button-click-type=\"go-to-page\">Ansehen<\/a>\n              <\/div>\n            <\/div>\n          <\/div>\n          <div class=\"u-list-control\"><\/div>\n        <\/div>\n      <\/div>\n    <\/section>\n    \n    \n    \n    \n    \n  \n","protected":false},"excerpt":{"rendered":"<p>Gut beh\u00fctet sollt ihr sein! Auf der Suche nach der ultimativen Kopfbedeckung, absoluten Individualit\u00e4t, warmen Ohren oder der Express-L\u00f6sungen f\u00fcr Bad-Hair-Days wirst du hier f\u00fcndig. Liebevoll gestaltete, handgen\u00e4hte M\u00fctzen mit individuellen Details jenseits des Wohlbekannten. M\u00fctze Jersey Stripes 19,00&nbsp;&euro; Ansehen M\u00fctze Wolle Violett 24,00&nbsp;&euro; Ansehen M\u00fctze Segler 24,00&nbsp;&euro; Ansehen M\u00fctze Pusteblume 24,00&nbsp;&euro; Ansehen M\u00fctze Zopf &hellip; <a href=\"https:\/\/xn--frulein-wundershop-mtb.de\/index.php\/muetzen\/\" class=\"more-link\">Continue reading<span class=\"screen-reader-text\"> &#8222;M\u00fctzen&#8220;<\/span><\/a><\/p>\n","protected":false},"author":1,"featured_media":0,"parent":0,"menu_order":8,"comment_status":"closed","ping_status":"closed","template":"","meta":{"footnotes":""},"class_list":["post-56","page","type-page","status-publish","hentry"],"_links":{"self":[{"href":"https:\/\/xn--frulein-wundershop-mtb.de\/index.php\/wp-json\/wp\/v2\/pages\/56","targetHints":{"allow":["GET"]}}],"collection":[{"href":"https:\/\/xn--frulein-wundershop-mtb.de\/index.php\/wp-json\/wp\/v2\/pages"}],"about":[{"href":"https:\/\/xn--frulein-wundershop-mtb.de\/index.php\/wp-json\/wp\/v2\/types\/page"}],"author":[{"embeddable":true,"href":"https:\/\/xn--frulein-wundershop-mtb.de\/index.php\/wp-json\/wp\/v2\/users\/1"}],"replies":[{"embeddable":true,"href":"https:\/\/xn--frulein-wundershop-mtb.de\/index.php\/wp-json\/wp\/v2\/comments?post=56"}],"version-history":[{"count":1,"href":"https:\/\/xn--frulein-wundershop-mtb.de\/index.php\/wp-json\/wp\/v2\/pages\/56\/revisions"}],"predecessor-version":[{"id":86,"href":"https:\/\/xn--frulein-wundershop-mtb.de\/index.php\/wp-json\/wp\/v2\/pages\/56\/revisions\/86"}],"wp:attachment":[{"href":"https:\/\/xn--frulein-wundershop-mtb.de\/index.php\/wp-json\/wp\/v2\/media?parent=56"}],"curies":[{"name":"wp","href":"https:\/\/api.w.org\/{rel}","templated":true}]}}