{"id":60,"date":"2025-04-06T21:14:57","date_gmt":"2025-04-06T19:14:57","guid":{"rendered":"https:\/\/xn--frulein-wundershop-mtb.de\/index.php\/kontakt\/"},"modified":"2025-08-11T13:37:00","modified_gmt":"2025-08-11T11:37:00","slug":"kontakt","status":"publish","type":"page","link":"https:\/\/xn--frulein-wundershop-mtb.de\/index.php\/kontakt\/","title":{"rendered":"Kontakt"},"content":{"rendered":"\n  \n    \n    <section class=\"u-clearfix u-section-2\" id=\"sec-ea51\">\n      <div class=\"u-clearfix u-sheet u-sheet-1\">\n        <div class=\"data-layout-selected u-clearfix u-expanded-width u-layout-wrap u-layout-wrap-1\">\n          <div class=\"u-layout\">\n            <div class=\"u-layout-row\">\n              <div class=\"u-container-style u-layout-cell u-size-30 u-layout-cell-1\">\n                <div class=\"u-container-layout u-container-layout-1\">\n                  <h2 class=\"u-text u-text-1\"> Fragen, Anregungen, Kritik und Sonderw\u00fcnsche<\/h2>\n                  <p class=\"u-text u-text-default u-text-2\"> Nadine K\u00f6hler<br>K\u00f6rnerstra\u00dfe 16, 19055 Schwerin<br>\n                    <br>Telefon: <a href=\"tel:0163 13 18 936\" class=\"u-active-none u-border-none u-btn u-button-link u-button-style u-hover-none u-none u-text-palette-1-base u-btn-1\">0163 - 13 18 936<\/a>\n                    <br>E-Mail: <a href=\"mailto:nadine-koehler@gmx.net?subject=Anfrage%20Fr%C3%A4ulein%20Wunder\" class=\"u-active-none u-border-none u-btn u-button-link u-button-style u-hover-none u-none u-text-palette-1-base u-btn-2\">nadine-koehler@gmx.net<\/a>\n                  <\/p>\n                <\/div>\n              <\/div>\n              <div class=\"u-container-style u-layout-cell u-size-30 u-layout-cell-2\">\n                <div class=\"u-container-layout u-container-layout-2\">\n                  <div class=\"u-container-style u-expanded-width-md u-expanded-width-sm u-expanded-width-xs u-group u-shape-rectangle u-group-1\">\n                    <div class=\"u-container-layout\">\n                      <h2 class=\"u-text u-text-default u-text-3\"> Schreibe Fr\u00e4ulein Wunder :<\/h2>\n                      <div class=\"u-form u-form-1\">\n                        <form action=\"https:\/\/forms.nicepagesrv.com\/v2\/form\/process\" class=\"u-clearfix u-form-spacing-10 u-form-vertical u-inner-form\" source=\"email\" name=\"form\" style=\"padding: 0px;\">\n                          <div class=\"u-form-group u-form-name\">\n                            <label for=\"name-f58e\" class=\"u-label\">Name<\/label>\n                            <input type=\"text\" placeholder=\"Gib deinen Namen ein\" id=\"name-f58e\" name=\"name\" class=\"u-input u-input-rectangle\" required=\"\">\n                          <\/div>\n                          <div class=\"u-form-email u-form-group\">\n                            <label for=\"email-f58e\" class=\"u-label\">E-Mail<\/label>\n                            <input type=\"email\" placeholder=\"Gib eine g\u00fcltige E-Mail-Adresse ein\" id=\"email-f58e\" name=\"email\" class=\"u-input u-input-rectangle\" required=\"\">\n                          <\/div>\n                          <div class=\"u-form-group u-form-phone u-form-group-3\">\n                            <label for=\"phone-8213\" class=\"u-label\">Telefon<\/label>\n                            <input type=\"tel\" pattern=\"+?d{0,3}[s(-]?([0-9]{2,3})[s)-]?([s-]?)([0-9]{3})[s-]?([0-9]{2})[s-]?([0-9]{2})\" placeholder=\"Gib deine Telefonnummer ein (z.B. +14155552675)\" id=\"phone-8213\" name=\"phone\" class=\"u-input u-input-rectangle\">\n                          <\/div>\n                          <div class=\"u-form-group u-form-message\">\n                            <label for=\"message-f58e\" class=\"u-label\">Nachricht<\/label>\n                            <textarea placeholder=\"Gib deine Nachricht ein\" rows=\"4\" cols=\"50\" id=\"message-f58e\" name=\"message\" class=\"u-input u-input-rectangle\" required=\"\"><\/textarea>\n                          <\/div>\n                          <div class=\"u-align-left u-form-group u-form-submit\">\n                            <a href=\"#\" class=\"u-btn u-btn-submit u-button-style\">Absenden<\/a>\n                            <input type=\"submit\" value=\"submit\" class=\"u-form-control-hidden\">\n                          <\/div>\n                          <div class=\"u-form-send-message u-form-send-success\"> Vielen Dank! Deine Nachricht wurde gesendet. <\/div>\n                          <div class=\"u-form-send-error u-form-send-message\"> Deine Nachricht konnte nicht gesendet werden. Bitte behebe die Fehler und versuche es erneut. <\/div>\n                          <input type=\"hidden\" value=\"\" name=\"recaptchaResponse\">\n                          <input type=\"hidden\" name=\"formServices\" value=\"c37ecc72-cc78-9616-ad0b-47f051c8d5c2;465f0dc8-273f-ced1-3cf4-43d7c8744718\">\n                          <input type=\"hidden\" name=\"siteKey\" value=\"6Le9R6gqAAAAAJJdewYE3VxCesZlvGd0v101WWFq\">\n                        <\/form>\n                      <\/div>\n                    <\/div>\n                  <\/div>\n                <\/div>\n              <\/div>\n            <\/div>\n          <\/div>\n        <\/div>\n      <\/div>\n    <\/section>\n    <section class=\"u-border-1 u-border-no-left u-border-no-right u-border-palette-5-base u-clearfix u-section-3\" id=\"sec-5296\">\n      <div class=\"u-clearfix u-sheet u-sheet-1\">\n        <div class=\"data-layout-selected u-clearfix u-expanded-width u-layout-wrap u-layout-wrap-1\">\n          <div class=\"u-layout\">\n            <div class=\"u-layout-row\">\n              <div class=\"u-container-style u-layout-cell u-size-30 u-layout-cell-1\">\n                <div class=\"u-container-layout u-container-layout-1\">\n                  <h2 class=\"u-text u-text-default u-text-1\"> Fr\u00e4ulein Wunder im Kreativ Kaufhaus Schwerin<\/h2>\n                  <p class=\"u-align-left u-text u-text-default u-text-2\"> Adresse: Kl\u00f6resgang 5, 19053 Schwerin<\/p>\n                  <a href=\"https:\/\/kreativ-kaufhaus-schwerin.de\/\" class=\"u-btn u-button-style u-hover-palette-1-dark-1 u-palette-1-base u-btn-1\" target=\"_blank\"> Zur Website<\/a>\n                <\/div>\n              <\/div>\n              <div class=\"u-container-style u-layout-cell u-size-30 u-layout-cell-2\">\n                <div class=\"u-container-layout u-container-layout-2\">\n                  <div class=\"u-clearfix u-custom-html u-expanded-width u-custom-html-1\">\n                    <iframe loading=\"lazy\" width=\"100%\" height=\"350\" src=\"https:\/\/www.openstreetmap.org\/export\/embed.html?bbox=11.406541764736177%2C53.628221152956776%2C11.411798894405367%2C53.63015529030131&amp;layer=mapnik&amp;marker=53.629188232710646%2C11.40917032957077\" style=\"border: 1px solid black\"><\/iframe>\n                    <br>\n                    <small>\n                      <a href=\"https:\/\/www.openstreetmap.org\/?mlat=53.629188&amp;mlon=11.409170#map=19\/53.629188\/11.409170\">Gr\u00f6\u00dfere Karte anzeigen<\/a>\n                    <\/small>\n                  <\/div>\n                <\/div>\n              <\/div>\n            <\/div>\n          <\/div>\n        <\/div>\n      <\/div>\n    <\/section>\n    <section class=\"u-clearfix u-section-4\" id=\"sec-cb54\">\n      <div class=\"u-clearfix u-sheet u-sheet-1\"><\/div>\n    <\/section>\n    \n    \n    \n    \n  \n","protected":false},"excerpt":{"rendered":"<p>Fragen, Anregungen, Kritik und Sonderw\u00fcnsche Nadine K\u00f6hlerK\u00f6rnerstra\u00dfe 16, 19055 Schwerin Telefon: 0163 &#8211; 13 18 936 E-Mail: nadine-koehler@gmx.net Schreibe Fr\u00e4ulein Wunder : Name E-Mail Telefon Nachricht Absenden Vielen Dank! Deine Nachricht wurde gesendet. Deine Nachricht konnte nicht gesendet werden. Bitte behebe die Fehler und versuche es erneut. Fr\u00e4ulein Wunder im Kreativ Kaufhaus Schwerin Adresse: Kl\u00f6resgang &hellip; <a href=\"https:\/\/xn--frulein-wundershop-mtb.de\/index.php\/kontakt\/\" class=\"more-link\">Continue reading<span class=\"screen-reader-text\"> &#8222;Kontakt&#8220;<\/span><\/a><\/p>\n","protected":false},"author":1,"featured_media":0,"parent":0,"menu_order":12,"comment_status":"closed","ping_status":"closed","template":"","meta":{"footnotes":""},"class_list":["post-60","page","type-page","status-publish","hentry"],"_links":{"self":[{"href":"https:\/\/xn--frulein-wundershop-mtb.de\/index.php\/wp-json\/wp\/v2\/pages\/60","targetHints":{"allow":["GET"]}}],"collection":[{"href":"https:\/\/xn--frulein-wundershop-mtb.de\/index.php\/wp-json\/wp\/v2\/pages"}],"about":[{"href":"https:\/\/xn--frulein-wundershop-mtb.de\/index.php\/wp-json\/wp\/v2\/types\/page"}],"author":[{"embeddable":true,"href":"https:\/\/xn--frulein-wundershop-mtb.de\/index.php\/wp-json\/wp\/v2\/users\/1"}],"replies":[{"embeddable":true,"href":"https:\/\/xn--frulein-wundershop-mtb.de\/index.php\/wp-json\/wp\/v2\/comments?post=60"}],"version-history":[{"count":1,"href":"https:\/\/xn--frulein-wundershop-mtb.de\/index.php\/wp-json\/wp\/v2\/pages\/60\/revisions"}],"predecessor-version":[{"id":90,"href":"https:\/\/xn--frulein-wundershop-mtb.de\/index.php\/wp-json\/wp\/v2\/pages\/60\/revisions\/90"}],"wp:attachment":[{"href":"https:\/\/xn--frulein-wundershop-mtb.de\/index.php\/wp-json\/wp\/v2\/media?parent=60"}],"curies":[{"name":"wp","href":"https:\/\/api.w.org\/{rel}","templated":true}]}}