{"id":61,"date":"2025-04-06T21:14:58","date_gmt":"2025-04-06T19:14:58","guid":{"rendered":"https:\/\/xn--frulein-wundershop-mtb.de\/index.php\/datenschutz\/"},"modified":"2025-04-06T21:15:18","modified_gmt":"2025-04-06T19:15:18","slug":"datenschutz","status":"publish","type":"page","link":"https:\/\/xn--frulein-wundershop-mtb.de\/index.php\/datenschutz\/","title":{"rendered":"Datenschutz"},"content":{"rendered":"\n  \n    <section class=\"u-clearfix u-section-1\" id=\"sec-fce1\">\n      <div class=\"u-clearfix u-sheet u-sheet-1\">\n        <h1 class=\"u-text u-text-default u-text-1\"> Datenschutzerkl\u00e4rung<\/h1>\n        <p class=\"u-text u-text-default u-text-2\"><span style=\"font-weight: 700;\"> Datenschutzhinweis:<\/span>\n          <br>\n          <br>Erhebung, Verarbeitung und Nutzung personenbezogener Daten<br>\n          <br>Der Schutz Ihrer Daten liegt uns am Herzen. Um unseren online-shop zu besuchen, m\u00fcssen Sie keine Daten angeben. Wir speichern lediglich anonymisierte Zugriffsdaten ohne Personenbezug, wie z.B. Namen Ihres Internetserviceproviders, die Seite, von der aus Sie uns besuchen oder den Namen der angeforderten Datei. Zur Datenerhebung k\u00f6nnen dabei cookies eingesetzt werden, die allerdings ebenfalls die Daten ausschlie\u00dflich in anonymer oder pseudonymer Form erheben und speichern und keinen R\u00fcckschluss auf Ihre Person erlauben.&nbsp;<br>\n          <br>Personenbezogene Daten erheben wir nur, wenn Sie uns diese im Zuge des Bestellvorgangs, bei Er\u00f6ffnung eines Kundenkontos oder bei der Registrierung f\u00fcr unseren newsletter freiwillig mitteilen. Wir verwenden die erhobenen Daten ausschlie\u00dflich zur Abwicklung des Vertrages. Nach vollst\u00e4ndiger Vertragsabwicklung werden Ihre Daten gesperrt und nach Ablauf der steuer- und handelsrechtlichen Vorschriften gel\u00f6scht, sofern Sie nicht ausdr\u00fccklich einer dar\u00fcber hinausgehenden Datenverwendung zugestimmt haben. Wenn Sie sich mit Ihrer Emailadresse f\u00fcr unseren monatlichen Newsletter anmelden, nutzen wir Ihre Emailadresse f\u00fcr eigene Werbezwecke, bis Sie sich vom Newsletter-Bezug abmelden.&nbsp;<br>\n          <br>Datensicherheit<br>Ihre personenbezogenen Daten sind bei uns sicher! Sie werden durch SSL Verschl\u00fcsselung an uns \u00fcbertragen. Unsere Webseiten sind durch technische Ma\u00dfnahmen gegen Besch\u00e4digung, Zerst\u00f6rung, unberechtigten Zugriff gesch\u00fctzt.&nbsp;<br>\n          <br>Auskunfts- &amp; Widerrufsrecht<br>Sie erhalten jederzeit ohne Angaben von Gr\u00fcnden kostenfrei Auskunft \u00fcber Ihre bei uns gespeicherten Daten. Sie k\u00f6nnen jederzeit Ihre bei uns erhobenen Daten sperren, berichtigen oder l\u00f6schen lassen. Sie k\u00f6nnen jederzeit die uns erteilten Einwilligung zur Datenerhebung und Verwendung ohne Angaben von Gr\u00fcnden widerrufen. Wenden Sie dazu an mail@mmgd.de.<br>\n          <br>\n          <br><span style=\"font-weight: 700;\">Website-Analyse mit Google Analytics<\/span>\n          <br>\n          <br>Diese Website nutzt Google Analytics 4, einen Webanalyse-Dienst der Google LLC, nachdem die Einwilligung des Benutzers eingeholt wurde. Die zust\u00e4ndigen Stellen sind Google Ireland Limited, Google Building Gordon House, 4 Barrow St, Dublin, D04 E5W5, Irland, f\u00fcr Benutzer aus der EU\/EWR und der Schweiz. Google Analytics 4 praktiziert standardm\u00e4\u00dfig die IP-Anonymisierung, d.h., deine IP-Adresse wird sofort gek\u00fcrzt, wenn du mit dieser Website interagierst. Nur in seltenen F\u00e4llen wird deine vollst\u00e4ndige IP an einen in den USA basierten Google-Server \u00fcbertragen und dort gek\u00fcrzt. Google beteuert, dass die \u00fcber Google Analytics \u00fcbertragene IP niemals mit anderen Google-Daten kombiniert wird. Google Analytics 4 wird nur mit deiner Zustimmung \u00fcber das Cookie-Banner aktiviert und kann jederzeit \u00fcber die Cookie-Einstellungen r\u00fcckg\u00e4ngig gemacht werden.<br>\n          <br>Die verarbeiteten Daten umfassen: Nutzungsdaten wie Seitenaufrufe, Website-Interaktion, allgemeiner Standort und Besuchsdauer; und Kommunikationsdaten wie gek\u00fcrzte IP-Adressen, User-Agent, Spracheinstellungen und Bildschirmaufl\u00f6sung. Der Zweck dieser Datenverarbeitung besteht darin, dass Google in Ihrem Namen die Nutzung Ihrer Website auswertet, Berichte \u00fcber die Aktivit\u00e4ten zusammenstellt und die Leistung der Website analysiert. Diese Datenverarbeitung ist legal, basierend auf deiner Zustimmung gem\u00e4\u00df Art. 6 Abs. 1 S. 1 lit. a DSGVO und \u00a7 25 Abs. 1 S. 1 TDDDG.<br>\n          <br>Google Ireland Limited, Google LLC und Alphabet Inc sind die Empf\u00e4nger dieser Daten. Deine Website-Nutzungsinformationen werden in der Regel an einen Google-Server in den USA gesendet, eine Aktion, die durch den j\u00fcngsten Angemessenheitsbeschluss der Europ\u00e4ischen Kommission vom 10. Juli 2023 legitimiert wurde, der die Zertifizierung von Google LLC unter dem EU-US-Datenschutzschild anerkennt. In Bezug auf die Datenspeicherung wird jede Daten, die mit Cookies verkn\u00fcpft sind, automatisch nach einer bestimmten Zeit gel\u00f6scht, monatlich f\u00fcr Daten, die ihre Aufbewahrungsfrist erreicht haben, und maximal 2 Jahre f\u00fcr Google Analytics-Cookies.<br>\n          <br>F\u00fcr weitere Informationen zu den Nutzungsbedingungen von Google Analytics und zur Datenschutzrichtlinie von Google, besuchen Sie bitte <a href=\"https:\/\/policies.google.com\/\" class=\"u-active-none u-border-none u-btn u-button-link u-button-style u-hover-none u-none u-text-palette-1-base u-btn-1\" target=\"_blank\">https:\/\/policies.google.com\/<\/a>&nbsp;und <a href=\"https:\/\/support.google.com\/analytics\/answer\/12017362\" class=\"u-active-none u-border-none u-btn u-button-link u-button-style u-hover-none u-none u-text-palette-1-base u-btn-2\" target=\"_blank\">https:\/\/support.google.com\/analytics\/answer\/12017362<\/a>.<br>\n          <br>Google Analytics verwendet sog. \"Cookies\", Textdateien, die auf dem Computer des Seitenbesuchers gespeichert werden und die eine Analyse der Benutzung der Website durch den Seitenbesucher erm\u00f6glichen. Die durch das Cookie erzeugten Informationen \u00fcber die Benutzung dieser Website durch den Seitenbesucher (einschlie\u00dflich der gek\u00fcrzten IP-Adresse) werden in der Regel an einen Server von Google \u00fcbertragen und dort gespeichert.<br>\n          <br>Google Analytics wird ausschlie\u00dflich mit der Erweiterung \"_anonymizeIp()\" auf dieser Website verwendet. Diese Erweiterung stellt eine Anonymisierung der IP-Adresse durch K\u00fcrzung sicher und schlie\u00dft eine direkte Personenbeziehbarkeit aus. Durch die Erweiterung wird die IP-Adresse von Google innerhalb von Mitgliedstaaten der Europ\u00e4ischen Union oder in anderen Vertragsstaaten des Abkommens \u00fcber den Europ\u00e4ischen Wirtschaftsraum zuvor gek\u00fcrzt. Nur in Ausnahmef\u00e4llen wird die volle IP-Adresse an einen Server von Google in den USA \u00fcbertragen und dort gek\u00fcrzt. Die im Rahmen von Google Analytics von dem entsprechenden Browser \u00fcbermittelte IP-Adresse wird nicht mit anderen Daten von Google zusammengef\u00fchrt.<br>\n          <br>Im Auftrag des Seitenbetreibers wird Google die anfallenden Informationen benutzen, um die Nutzung der Website auszuwerten, um Reports \u00fcber die Websiteaktivit\u00e4ten zusammenzustellen und um weitere mit der Websitenutzung und der Internetnutzung verbundene Dienstleistungen dem Seitenbetreiber gegen\u00fcber zu erbringen (Art. 6 Abs. 1 lit. f DSGVO). Das berechtigte Interesse an der Datenverarbeitung liegt in der Optimierung dieser Website, der Analyse der Benutzung der Website und der Anpassung der Inhalte. Die Interessen der Nutzer werden durch die Pseudonymisierung hinreichend gewahrt.<br>\n          <br>Google LLC. ist nach dem sog. Privacy Shield zertifiziert (Listeneintrag&nbsp;<a href=\"https:\/\/www.privacyshield.gov\/participant?id=a2zt000000001L5AAI\" target=\"_blank\" class=\"u-active-none u-border-none u-btn u-button-style u-hover-none u-none u-text-palette-1-base u-btn-3\">hier<\/a>) und gew\u00e4hrleistet auf dieser Basis ein angemessenes Datenschutzniveau. Die gesendeten und mit Cookies, Nutzerkennungen (z. B. User-ID) oder Werbe-IDs verkn\u00fcpften Daten werden nach 50 Monaten automatisch gel\u00f6scht. Die L\u00f6schung von Daten, deren Aufbewahrungsdauer erreicht ist, erfolgt automatisch einmal im Monat.<br>\n          <br>Die Erfassung durch Google Analytics kann verhindert werden, indem der Seitenbesucher die Cookie-Einstellungen f\u00fcr diese Website anpasst. Der Erfassung und Speicherung der IP-Adresse und der durch Cookies erzeugten Daten kann au\u00dferdem jederzeit mit Wirkung f\u00fcr die Zukunft widersprochen werden. Das entsprechende Browser- Plugin kann unter dem folgenden Link heruntergeladen und installiert werden:&nbsp;<a href=\"http:\/\/tools.google.com\/dlpage\/gaoptout\" target=\"_blank\" class=\"u-active-none u-border-none u-btn u-button-style u-hover-none u-none u-text-palette-1-base u-btn-4\">https:\/\/tools.google.com\/dlpage\/gaoptout<\/a>.<br>\n          <br>Der Seitenbesucher kann die Erfassung durch Google Analytics auf dieser Webseite verhindern, indem er auf folgenden&nbsp;<a href=\"javascript: gaOptOut([&quot;UA-38220094-1&quot;]);\" class=\"ga-opt-out-link u-active-none u-border-none u-btn u-button-style u-hover-none u-none u-text-palette-1-base u-btn-5\">Link<\/a>&nbsp;klickt. Es wird ein Opt-Out-Cookie gesetzt, der die zuk\u00fcnftige Erfassung der Daten beim Besuch dieser Website verhindert.<br>\n          <br>Weitere Informationen zur Datennutzung durch Google, Einstellungs- und Widerspruchsm\u00f6glichkeiten, finden sich in der Datenschutzerkl\u00e4rung von Google (<a href=\"https:\/\/policies.google.com\/privacy\" target=\"_blank\" class=\"u-active-none u-border-none u-btn u-button-style u-hover-none u-none u-text-palette-1-base u-btn-6\">https:\/\/policies.google.com\/privacy<\/a>) sowie in den Einstellungen f\u00fcr die Darstellung von Werbeeinblendungen durch Google (<a href=\"https:\/\/adssettings.google.com\/authenticated\" target=\"_blank\" class=\"u-active-none u-border-none u-btn u-button-style u-hover-none u-none u-text-palette-1-base u-btn-7\">https:\/\/adssettings.google.com\/authenticated<\/a>).<br>\n          <br>\n          <br><span style=\"font-weight: 700;\">Spamschutz mit Google reCAPTCHA<\/span>\n          <br>\n          <br>Wir haben Google reCAPTCHA in Formularen auf unserer Webseite implementiert, um zu \u00fcberpr\u00fcfen, ob die in den Formularen eingegebenen Daten von menschlichen Besuchern stammen oder von Maschinen oder automatisierten Programmen, die auch als \"Bots\" bekannt sind. Dieses Tool analysiert automatisch das Verhalten der Webseitenbesucher, sobald sie mit der Webseite interagieren, unter Verwendung verschiedener Informationen wie IP-Adresse, Aufenthaltsdauer und Mausbewegungen. Die verarbeiteten Daten umfassen Nutzungsdaten wie die aufgerufene Webseite, Datum und Uhrzeit des Zugriffs und Mausbewegungen sowie Kommunikationsdaten wie IP-Adressen, Browsertyp und Betriebssystem. Diese Verarbeitung richtet sich an Webseitenbesucher und Nutzer von Online-Diensten. Der Hauptzweck dieser Verarbeitung besteht darin, den Missbrauch unseres Kontaktformulars zu verhindern und dadurch die Sicherheit zu erh\u00f6hen. Die rechtliche Grundlage daf\u00fcr ist unser berechtigtes Interesse gem\u00e4\u00df Art. 6 Abs. 1 S. 1 lit. f. DSGVO. Die Datenempf\u00e4nger sind Google Ireland Ltd, ans\u00e4ssig in Google Building Gordon House, Barrow St, Dublin 4, Irland, (https:\/\/policies.google.com\/privacy) und unser Webseiten-Hosting-Anbieter. W\u00e4hrend Ihre pers\u00f6nlichen Daten innerhalb der EU verarbeitet werden, wird die Aufbewahrungsfrist f\u00fcr die verarbeiteten Daten von Google Ireland Limited bestimmt. Weitere Informationen finden Sie in der Datenschutzerkl\u00e4rung von Google reCAPTCHA:&nbsp;<a href=\"https:\/\/policies.google.com\/privacy?hl=de\" target=\"_blank\" class=\"u-active-none u-border-none u-btn u-button-style u-hover-none u-none u-text-palette-1-base u-btn-8\">https:\/\/policies.google.com\/privacy<\/a>\n        <\/p>\n      <\/div>\n    <\/section>\n    \n    \n    \n    \n    \n  \n","protected":false},"excerpt":{"rendered":"<p>Datenschutzerkl\u00e4rung Datenschutzhinweis: Erhebung, Verarbeitung und Nutzung personenbezogener Daten Der Schutz Ihrer Daten liegt uns am Herzen. Um unseren online-shop zu besuchen, m\u00fcssen Sie keine Daten angeben. Wir speichern lediglich anonymisierte Zugriffsdaten ohne Personenbezug, wie z.B. Namen Ihres Internetserviceproviders, die Seite, von der aus Sie uns besuchen oder den Namen der angeforderten Datei. Zur Datenerhebung k\u00f6nnen &hellip; <a href=\"https:\/\/xn--frulein-wundershop-mtb.de\/index.php\/datenschutz\/\" class=\"more-link\">Continue reading<span class=\"screen-reader-text\"> &#8222;Datenschutz&#8220;<\/span><\/a><\/p>\n","protected":false},"author":1,"featured_media":0,"parent":0,"menu_order":13,"comment_status":"closed","ping_status":"closed","template":"","meta":{"footnotes":""},"class_list":["post-61","page","type-page","status-publish","hentry"],"_links":{"self":[{"href":"https:\/\/xn--frulein-wundershop-mtb.de\/index.php\/wp-json\/wp\/v2\/pages\/61","targetHints":{"allow":["GET"]}}],"collection":[{"href":"https:\/\/xn--frulein-wundershop-mtb.de\/index.php\/wp-json\/wp\/v2\/pages"}],"about":[{"href":"https:\/\/xn--frulein-wundershop-mtb.de\/index.php\/wp-json\/wp\/v2\/types\/page"}],"author":[{"embeddable":true,"href":"https:\/\/xn--frulein-wundershop-mtb.de\/index.php\/wp-json\/wp\/v2\/users\/1"}],"replies":[{"embeddable":true,"href":"https:\/\/xn--frulein-wundershop-mtb.de\/index.php\/wp-json\/wp\/v2\/comments?post=61"}],"version-history":[{"count":1,"href":"https:\/\/xn--frulein-wundershop-mtb.de\/index.php\/wp-json\/wp\/v2\/pages\/61\/revisions"}],"predecessor-version":[{"id":91,"href":"https:\/\/xn--frulein-wundershop-mtb.de\/index.php\/wp-json\/wp\/v2\/pages\/61\/revisions\/91"}],"wp:attachment":[{"href":"https:\/\/xn--frulein-wundershop-mtb.de\/index.php\/wp-json\/wp\/v2\/media?parent=61"}],"curies":[{"name":"wp","href":"https:\/\/api.w.org\/{rel}","templated":true}]}}