{"id":65,"date":"2025-04-06T21:15:02","date_gmt":"2025-04-06T19:15:02","guid":{"rendered":"https:\/\/xn--frulein-wundershop-mtb.de\/index.php\/kleine-taschen\/"},"modified":"2025-04-07T14:18:37","modified_gmt":"2025-04-07T12:18:37","slug":"kleine-taschen","status":"publish","type":"page","link":"https:\/\/xn--frulein-wundershop-mtb.de\/index.php\/kleine-taschen\/","title":{"rendered":"Kleine Taschen"},"content":{"rendered":"\n  \n    \n    <section class=\"u-clearfix u-section-2\" id=\"sec-0317\">\n      <div class=\"u-clearfix u-sheet u-sheet-1\">\n        <h1 class=\"u-text u-text-default u-text-1\"> Taschen und Etuis aus Filz<\/h1>\n        <p class=\"u-text u-text-default u-text-2\"> F\u00fcr alles was das Herz begehrt. Die originellen Taschen aus Designfilz (90% Schurwolle, 10% Zellwolle)  verschlie\u00dfbar mit einem Rei\u00dfverschlu\u00df oder Gummiband mit eingen\u00e4htem Fr\u00e4ulein-Wunder-Label an der Seite. Zu kaufen in den verschiedenen Varianten, teilweise mit Leder oder mit Begriffen bedruckt. F\u00fcr individuelle Anpassungen schreiben Sie eine Mail.&nbsp;<\/p>\n      <\/div>\n    <\/section>\n    <section class=\"u-clearfix u-section-3\" id=\"sec-c51b\">\n      <div class=\"u-clearfix u-sheet u-sheet-1\"><!--products_options_json--><!--{\"type\":\"products-category\",\"source\":\"Kleine Taschen\",\"tags\":\"\",\"count\":\"50\"}--><!--\/products_options_json-->\n        <div class=\"u-expanded-width u-products u-products-1 u-cms u-hidden-visibility\"  data-site-sorting-prop=\"created\" data-site-sorting-order=\"desc\" data-max-items=\"50\" data-products-id=\"1\" data-products-datasource=\"cms\" data-items-per-page=\"6\" data-payment-service=\"5e4d2a0d10963c7ec8efd1d16bedf508\" data-site-category=\"8\">\n          <div class=\"u-list-control\"><\/div>\n          <div class=\"u-repeater u-repeater-1\">\n            <div class=\"u-align-center u-border-1 u-border-grey-10 u-container-align-center u-container-style u-products-item u-repeater-item\">\n              <div class=\"u-container-layout u-similar-container u-container-layout-1\">\n                <img alt=\"\" class=\"u-expanded-width u-image u-image-contain u-image-default u-product-control lazyload u-image-1\" data-src=\"https:\/\/xn--frulein-wundershop-mtb.de\/wp-content\/uploads\/2025\/04\/WP_20140526_11_26_47_Pro-1.jpg\" style=\"cursor:pointer;\" data-product-control=\"https:\/\/xn--frulein-wundershop-mtb.de\/index.php\/produkt\/filztasche-maritim-strandgut\/\" loading=\"lazy\">\n                <h4 class=\"u-product-control u-text u-text-1\">\n                  <a class=\"u-product-title-link\" href=\"https:\/\/xn--frulein-wundershop-mtb.de\/index.php\/produkt\/filztasche-maritim-strandgut\/\">Filztasche maritim \"Strandgut\"<\/a>\n                <\/h4>\n                <div data-add-zero-cents=\"false\" class=\"u-product-control u-product-price u-product-price-1\">\n                  <div class=\"u-price-wrapper u-spacing-10\">\n                    <div class=\"u-hide-price u-old-price\" style=\"text-decoration: line-through !important;\">  <\/div>\n                    <div class=\"u-price u-text-palette-1-base\" style=\"font-size: 1.25rem; font-weight: 700;\"> <span class=\"woocommerce-Price-amount amount\"><bdi>14,00&nbsp;<span class=\"woocommerce-Price-currencySymbol\">&euro;<\/span><\/bdi><\/span><span style=\"color:rgb(0, 0, 0);margin-left: 6px;font-size: 94%;\"><\/span> <\/div>\n                  <\/div>\n                <\/div>\n                <a href=\"https:\/\/xn--frulein-wundershop-mtb.de\/index.php\/produkt\/filztasche-maritim-strandgut\/\" class=\"u-active-grey-75 u-border-none u-btn u-button-style u-hover-grey-75 u-palette-1-base u-product-control u-btn-1\" data-product-button-click-type=\"go-to-page\">Ansehen<\/a>\n              <\/div>\n            <\/div>\n            <div class=\"u-align-center u-border-1 u-border-grey-10 u-container-align-center u-container-style u-products-item u-repeater-item\">\n              <div class=\"u-container-layout u-similar-container u-container-layout-2\">\n                <img alt=\"\" class=\"u-expanded-width u-image u-image-contain u-image-default u-product-control lazyload u-image-2\" data-src=\"https:\/\/xn--frulein-wundershop-mtb.de\/wp-content\/uploads\/2025\/04\/WP_20140630_19_16_20_Pro1-1.jpg\" style=\"cursor:pointer;\" data-product-control=\"https:\/\/xn--frulein-wundershop-mtb.de\/index.php\/produkt\/smartphone-geldboerse-rot\/\" loading=\"lazy\">\n                <h4 class=\"u-product-control u-text u-text-2\">\n                  <a class=\"u-product-title-link\" href=\"https:\/\/xn--frulein-wundershop-mtb.de\/index.php\/produkt\/smartphone-geldboerse-rot\/\">Smartphone Geldb\u00f6rse Rot<\/a>\n                <\/h4>\n                <div data-add-zero-cents=\"false\" class=\"u-product-control u-product-price u-product-price-2\">\n                  <div class=\"u-price-wrapper u-spacing-10\">\n                    <div class=\"u-hide-price u-old-price\" style=\"text-decoration: line-through !important;\">  <\/div>\n                    <div class=\"u-price u-text-palette-1-base\" style=\"font-size: 1.25rem; font-weight: 700;\"> <span class=\"woocommerce-Price-amount amount\"><bdi>34,00&nbsp;<span class=\"woocommerce-Price-currencySymbol\">&euro;<\/span><\/bdi><\/span><span style=\"color:rgb(0, 0, 0);margin-left: 6px;font-size: 94%;\"><\/span> <\/div>\n                  <\/div>\n                <\/div>\n                <a href=\"https:\/\/xn--frulein-wundershop-mtb.de\/index.php\/produkt\/smartphone-geldboerse-rot\/\" class=\"u-active-grey-75 u-border-none u-btn u-button-style u-hover-grey-75 u-palette-1-base u-product-control u-btn-2\" data-product-button-click-type=\"go-to-page\">Ansehen<\/a>\n              <\/div>\n            <\/div>\n            <div class=\"u-align-center u-border-1 u-border-grey-10 u-container-align-center u-container-style u-products-item u-repeater-item\">\n              <div class=\"u-container-layout u-similar-container u-container-layout-3\">\n                <img alt=\"\" class=\"u-expanded-width u-image u-image-contain u-image-default u-product-control lazyload u-image-3\" data-src=\"https:\/\/xn--frulein-wundershop-mtb.de\/wp-content\/uploads\/2025\/04\/WP_20140630_19_11_18_Pro1-1.jpg\" style=\"cursor:pointer;\" data-product-control=\"https:\/\/xn--frulein-wundershop-mtb.de\/index.php\/produkt\/smartphone-geldboerse-grau\/\" loading=\"lazy\">\n                <h4 class=\"u-product-control u-text u-text-3\">\n                  <a class=\"u-product-title-link\" href=\"https:\/\/xn--frulein-wundershop-mtb.de\/index.php\/produkt\/smartphone-geldboerse-grau\/\">Smartphone Geldb\u00f6rse Grau<\/a>\n                <\/h4>\n                <div data-add-zero-cents=\"false\" class=\"u-product-control u-product-price u-product-price-3\">\n                  <div class=\"u-price-wrapper u-spacing-10\">\n                    <div class=\"u-hide-price u-old-price\" style=\"text-decoration: line-through !important;\">  <\/div>\n                    <div class=\"u-price u-text-palette-1-base\" style=\"font-size: 1.25rem; font-weight: 700;\"> <span class=\"woocommerce-Price-amount amount\"><bdi>34,00&nbsp;<span class=\"woocommerce-Price-currencySymbol\">&euro;<\/span><\/bdi><\/span><span style=\"color:rgb(0, 0, 0);margin-left: 6px;font-size: 94%;\"><\/span> <\/div>\n                  <\/div>\n                <\/div>\n                <a href=\"https:\/\/xn--frulein-wundershop-mtb.de\/index.php\/produkt\/smartphone-geldboerse-grau\/\" class=\"u-active-grey-75 u-border-none u-btn u-button-style u-hover-grey-75 u-palette-1-base u-product-control u-btn-3\" data-product-button-click-type=\"go-to-page\">Ansehen<\/a>\n              <\/div>\n            <\/div>\n            <div class=\"u-align-center u-border-1 u-border-grey-10 u-container-align-center u-container-style u-products-item u-repeater-item\">\n              <div class=\"u-container-layout u-similar-container u-container-layout-4\">\n                <img alt=\"\" class=\"u-expanded-width u-image u-image-contain u-image-default u-product-control lazyload u-image-4\" data-src=\"https:\/\/xn--frulein-wundershop-mtb.de\/wp-content\/uploads\/2025\/04\/DSC_26421-1.jpg\" style=\"cursor:pointer;\" data-product-control=\"https:\/\/xn--frulein-wundershop-mtb.de\/index.php\/produkt\/brief-oder-tabacktasche\/\" loading=\"lazy\">\n                <h4 class=\"u-product-control u-text u-text-4\">\n                  <a class=\"u-product-title-link\" href=\"https:\/\/xn--frulein-wundershop-mtb.de\/index.php\/produkt\/brief-oder-tabacktasche\/\">Brief-oder Tabacktasche<\/a>\n                <\/h4>\n                <div data-add-zero-cents=\"false\" class=\"u-product-control u-product-price u-product-price-4\">\n                  <div class=\"u-price-wrapper u-spacing-10\">\n                    <div class=\"u-hide-price u-old-price\" style=\"text-decoration: line-through !important;\">  <\/div>\n                    <div class=\"u-price u-text-palette-1-base\" style=\"font-size: 1.25rem; font-weight: 700;\"> <span class=\"woocommerce-Price-amount amount\"><bdi>24,00&nbsp;<span class=\"woocommerce-Price-currencySymbol\">&euro;<\/span><\/bdi><\/span><span style=\"color:rgb(0, 0, 0);margin-left: 6px;font-size: 94%;\"><\/span> <\/div>\n                  <\/div>\n                <\/div>\n                <a href=\"https:\/\/xn--frulein-wundershop-mtb.de\/index.php\/produkt\/brief-oder-tabacktasche\/\" class=\"u-active-grey-75 u-border-none u-btn u-button-style u-hover-grey-75 u-palette-1-base u-product-control u-btn-4\" data-product-button-click-type=\"go-to-page\">Ansehen<\/a>\n              <\/div>\n            <\/div>\n            <div class=\"u-align-center u-border-1 u-border-grey-10 u-container-align-center u-container-style u-products-item u-repeater-item\">\n              <div class=\"u-container-layout u-similar-container u-container-layout-5\">\n                <img alt=\"\" class=\"u-expanded-width u-image u-image-contain u-image-default u-product-control lazyload u-image-5\" data-src=\"https:\/\/xn--frulein-wundershop-mtb.de\/wp-content\/uploads\/2025\/04\/Filztasche01-1.jpg\" style=\"cursor:pointer;\" data-product-control=\"https:\/\/xn--frulein-wundershop-mtb.de\/index.php\/produkt\/filztasche-mit-aufdruck\/\" loading=\"lazy\">\n                <h4 class=\"u-product-control u-text u-text-5\">\n                  <a class=\"u-product-title-link\" href=\"https:\/\/xn--frulein-wundershop-mtb.de\/index.php\/produkt\/filztasche-mit-aufdruck\/\">Filztasche mit Aufdruck<\/a>\n                <\/h4>\n                <div data-add-zero-cents=\"false\" class=\"u-product-control u-product-price u-product-price-5\">\n                  <div class=\"u-price-wrapper u-spacing-10\">\n                    <div class=\"u-hide-price u-old-price\" style=\"text-decoration: line-through !important;\">  <\/div>\n                    <div class=\"u-price u-text-palette-1-base\" style=\"font-size: 1.25rem; font-weight: 700;\"> <span class=\"woocommerce-Price-amount amount\"><bdi>14,00&nbsp;<span class=\"woocommerce-Price-currencySymbol\">&euro;<\/span><\/bdi><\/span><span style=\"color:rgb(0, 0, 0);margin-left: 6px;font-size: 94%;\"><\/span> <\/div>\n                  <\/div>\n                <\/div>\n                <a href=\"https:\/\/xn--frulein-wundershop-mtb.de\/index.php\/produkt\/filztasche-mit-aufdruck\/\" class=\"u-active-grey-75 u-border-none u-btn u-button-style u-hover-grey-75 u-palette-1-base u-product-control u-btn-5\" data-product-button-click-type=\"go-to-page\">Ansehen<\/a>\n              <\/div>\n            <\/div>\n            <div class=\"u-align-center u-border-1 u-border-grey-10 u-container-align-center u-container-style u-products-item u-repeater-item\">\n              <div class=\"u-container-layout u-similar-container u-container-layout-1\">\n                <img alt=\"\" class=\"u-expanded-width u-image u-image-contain u-image-default u-product-control lazyload u-image-1\" data-src=\"https:\/\/xn--frulein-wundershop-mtb.de\/wp-content\/uploads\/2025\/04\/WP_20140526_11_26_31_Pro-1.jpg\" style=\"cursor:pointer;\" data-product-control=\"https:\/\/xn--frulein-wundershop-mtb.de\/index.php\/produkt\/filztasche-maritim-flaute\/\" loading=\"lazy\">\n                <h4 class=\"u-product-control u-text u-text-1\">\n                  <a class=\"u-product-title-link\" href=\"https:\/\/xn--frulein-wundershop-mtb.de\/index.php\/produkt\/filztasche-maritim-flaute\/\">Filztasche maritim \"Flaute\"<\/a>\n                <\/h4>\n                <div data-add-zero-cents=\"false\" class=\"u-product-control u-product-price u-product-price-1\">\n                  <div class=\"u-price-wrapper u-spacing-10\">\n                    <div class=\"u-hide-price u-old-price\" style=\"text-decoration: line-through !important;\">  <\/div>\n                    <div class=\"u-price u-text-palette-1-base\" style=\"font-size: 1.25rem; font-weight: 700;\"> <span class=\"woocommerce-Price-amount amount\"><bdi>14,00&nbsp;<span class=\"woocommerce-Price-currencySymbol\">&euro;<\/span><\/bdi><\/span><span style=\"color:rgb(0, 0, 0);margin-left: 6px;font-size: 94%;\"><\/span> <\/div>\n                  <\/div>\n                <\/div>\n                <a href=\"https:\/\/xn--frulein-wundershop-mtb.de\/index.php\/produkt\/filztasche-maritim-flaute\/\" class=\"u-active-grey-75 u-border-none u-btn u-button-style u-hover-grey-75 u-palette-1-base u-product-control u-btn-1\" data-product-button-click-type=\"go-to-page\">Ansehen<\/a>\n              <\/div>\n            <\/div>\n            <div class=\"u-align-center u-border-1 u-border-grey-10 u-container-align-center u-container-style u-products-item u-repeater-item\">\n              <div class=\"u-container-layout u-similar-container u-container-layout-2\">\n                <img alt=\"\" class=\"u-expanded-width u-image u-image-contain u-image-default u-product-control lazyload u-image-2\" data-src=\"https:\/\/xn--frulein-wundershop-mtb.de\/wp-content\/uploads\/2025\/04\/WP_20140526_11_27_02_Pro-1.jpg\" style=\"cursor:pointer;\" data-product-control=\"https:\/\/xn--frulein-wundershop-mtb.de\/index.php\/produkt\/filztasche-maritim-seemannsgarn\/\" loading=\"lazy\">\n                <h4 class=\"u-product-control u-text u-text-2\">\n                  <a class=\"u-product-title-link\" href=\"https:\/\/xn--frulein-wundershop-mtb.de\/index.php\/produkt\/filztasche-maritim-seemannsgarn\/\">Filztasche maritim \"Seemannsgarn\"<\/a>\n                <\/h4>\n                <div data-add-zero-cents=\"false\" class=\"u-product-control u-product-price u-product-price-2\">\n                  <div class=\"u-price-wrapper u-spacing-10\">\n                    <div class=\"u-hide-price u-old-price\" style=\"text-decoration: line-through !important;\">  <\/div>\n                    <div class=\"u-price u-text-palette-1-base\" style=\"font-size: 1.25rem; font-weight: 700;\"> <span class=\"woocommerce-Price-amount amount\"><bdi>14,00&nbsp;<span class=\"woocommerce-Price-currencySymbol\">&euro;<\/span><\/bdi><\/span><span style=\"color:rgb(0, 0, 0);margin-left: 6px;font-size: 94%;\"><\/span> <\/div>\n                  <\/div>\n                <\/div>\n                <a href=\"https:\/\/xn--frulein-wundershop-mtb.de\/index.php\/produkt\/filztasche-maritim-seemannsgarn\/\" class=\"u-active-grey-75 u-border-none u-btn u-button-style u-hover-grey-75 u-palette-1-base u-product-control u-btn-2\" data-product-button-click-type=\"go-to-page\">Ansehen<\/a>\n              <\/div>\n            <\/div>\n          <\/div>\n          <div class=\"u-list-control\"><\/div>\n        <\/div>\n      <\/div>\n    <\/section>\n    \n    \n    \n    \n  \n","protected":false},"excerpt":{"rendered":"<p>Taschen und Etuis aus Filz F\u00fcr alles was das Herz begehrt. Die originellen Taschen aus Designfilz (90% Schurwolle, 10% Zellwolle) verschlie\u00dfbar mit einem Rei\u00dfverschlu\u00df oder Gummiband mit eingen\u00e4htem Fr\u00e4ulein-Wunder-Label an der Seite. Zu kaufen in den verschiedenen Varianten, teilweise mit Leder oder mit Begriffen bedruckt. F\u00fcr individuelle Anpassungen schreiben Sie eine Mail.&nbsp; Filztasche maritim &#8222;Strandgut&#8220; &hellip; <a href=\"https:\/\/xn--frulein-wundershop-mtb.de\/index.php\/kleine-taschen\/\" class=\"more-link\">Continue reading<span class=\"screen-reader-text\"> &#8222;Kleine Taschen&#8220;<\/span><\/a><\/p>\n","protected":false},"author":1,"featured_media":0,"parent":0,"menu_order":17,"comment_status":"closed","ping_status":"closed","template":"","meta":{"footnotes":""},"class_list":["post-65","page","type-page","status-publish","hentry"],"_links":{"self":[{"href":"https:\/\/xn--frulein-wundershop-mtb.de\/index.php\/wp-json\/wp\/v2\/pages\/65","targetHints":{"allow":["GET"]}}],"collection":[{"href":"https:\/\/xn--frulein-wundershop-mtb.de\/index.php\/wp-json\/wp\/v2\/pages"}],"about":[{"href":"https:\/\/xn--frulein-wundershop-mtb.de\/index.php\/wp-json\/wp\/v2\/types\/page"}],"author":[{"embeddable":true,"href":"https:\/\/xn--frulein-wundershop-mtb.de\/index.php\/wp-json\/wp\/v2\/users\/1"}],"replies":[{"embeddable":true,"href":"https:\/\/xn--frulein-wundershop-mtb.de\/index.php\/wp-json\/wp\/v2\/comments?post=65"}],"version-history":[{"count":1,"href":"https:\/\/xn--frulein-wundershop-mtb.de\/index.php\/wp-json\/wp\/v2\/pages\/65\/revisions"}],"predecessor-version":[{"id":95,"href":"https:\/\/xn--frulein-wundershop-mtb.de\/index.php\/wp-json\/wp\/v2\/pages\/65\/revisions\/95"}],"wp:attachment":[{"href":"https:\/\/xn--frulein-wundershop-mtb.de\/index.php\/wp-json\/wp\/v2\/media?parent=65"}],"curies":[{"name":"wp","href":"https:\/\/api.w.org\/{rel}","templated":true}]}}