{"id":67,"date":"2025-04-06T21:15:04","date_gmt":"2025-04-06T19:15:04","guid":{"rendered":"https:\/\/xn--frulein-wundershop-mtb.de\/index.php\/kinderwesten\/"},"modified":"2025-04-07T14:17:18","modified_gmt":"2025-04-07T12:17:18","slug":"kinderwesten","status":"publish","type":"page","link":"https:\/\/xn--frulein-wundershop-mtb.de\/index.php\/kinderwesten\/","title":{"rendered":"Kinderwesten"},"content":{"rendered":"\n  \n    \n    <section class=\"u-clearfix u-section-2\" id=\"sec-0317\">\n      <div class=\"u-clearfix u-sheet u-sheet-1\">\n        <h1 class=\"u-text u-text-default u-text-1\"> Westen aus Wollwalk<\/h1>\n        <p class=\"u-text u-text-default u-text-2\"> Hier habe ich&nbsp;Westen aus Wollwalk mit Baumwollpl\u00fcsch gef\u00fcttert.&nbsp;<br>Kuschelig f\u00fcr alle \u00dcbergangstage und f\u00fcr die kalte Jahreszeit. \n        <\/p>\n      <\/div>\n    <\/section>\n    <section class=\"u-clearfix u-section-3\" id=\"sec-c51b\">\n      <div class=\"u-clearfix u-sheet u-sheet-1\"><!--products_options_json--><!--{\"type\":\"products-category\",\"source\":\"Westen\",\"tags\":\"\",\"count\":\"50\"}--><!--\/products_options_json-->\n        <div class=\"u-expanded-width u-products u-products-1 u-cms u-hidden-visibility\"  data-site-sorting-prop=\"created\" data-site-sorting-order=\"desc\" data-max-items=\"50\" data-products-id=\"1\" data-products-datasource=\"cms\" data-items-per-page=\"6\" data-payment-service=\"5e4d2a0d10963c7ec8efd1d16bedf508\" data-site-category=\"8\">\n          <div class=\"u-list-control\"><\/div>\n          <div class=\"u-repeater u-repeater-1\">\n            <div class=\"u-align-center u-border-1 u-border-grey-10 u-container-align-center u-container-style u-products-item u-repeater-item\">\n              <div class=\"u-container-layout u-similar-container u-container-layout-1\">\n                <img alt=\"\" class=\"u-expanded-width u-image u-image-contain u-image-default u-product-control lazyload u-image-1\" data-src=\"https:\/\/xn--frulein-wundershop-mtb.de\/wp-content\/uploads\/2025\/04\/DSC_2255-1.jpg\" style=\"cursor:pointer;\" data-product-control=\"https:\/\/xn--frulein-wundershop-mtb.de\/index.php\/produkt\/kinderweste-rost\/\" loading=\"lazy\">\n                <h4 class=\"u-product-control u-text u-text-1\">\n                  <a class=\"u-product-title-link\" href=\"https:\/\/xn--frulein-wundershop-mtb.de\/index.php\/produkt\/kinderweste-rost\/\">Kinderweste Rost<\/a>\n                <\/h4>\n                <div data-add-zero-cents=\"false\" class=\"u-product-control u-product-price u-product-price-1\">\n                  <div class=\"u-price-wrapper u-spacing-10\">\n                    <div class=\"u-hide-price u-old-price\" style=\"text-decoration: line-through !important;\">  <\/div>\n                    <div class=\"u-price u-text-palette-1-base\" style=\"font-size: 1.25rem; font-weight: 700;\"> <span class=\"woocommerce-Price-amount amount\"><bdi>39,00&nbsp;<span class=\"woocommerce-Price-currencySymbol\">&euro;<\/span><\/bdi><\/span> - <span class=\"woocommerce-Price-amount amount\"><bdi>45,00&nbsp;<span class=\"woocommerce-Price-currencySymbol\">&euro;<\/span><\/bdi><\/span><span style=\"color:rgb(0, 0, 0);margin-left: 6px;font-size: 94%;\"><\/span> <\/div>\n                  <\/div>\n                <\/div>\n                <a href=\"https:\/\/xn--frulein-wundershop-mtb.de\/index.php\/produkt\/kinderweste-rost\/\" class=\"u-active-grey-75 u-border-none u-btn u-button-style u-hover-grey-75 u-palette-1-base u-product-control u-btn-1\" data-product-button-click-type=\"go-to-page\">Ansehen<\/a>\n              <\/div>\n            <\/div>\n            <div class=\"u-align-center u-border-1 u-border-grey-10 u-container-align-center u-container-style u-products-item u-repeater-item\">\n              <div class=\"u-container-layout u-similar-container u-container-layout-2\">\n                <img alt=\"\" class=\"u-expanded-width u-image u-image-contain u-image-default u-product-control lazyload u-image-2\" data-src=\"https:\/\/xn--frulein-wundershop-mtb.de\/wp-content\/uploads\/2025\/04\/DSC_2252-1.jpg\" style=\"cursor:pointer;\" data-product-control=\"https:\/\/xn--frulein-wundershop-mtb.de\/index.php\/produkt\/kinderweste-senf\/\" loading=\"lazy\">\n                <h4 class=\"u-product-control u-text u-text-2\">\n                  <a class=\"u-product-title-link\" href=\"https:\/\/xn--frulein-wundershop-mtb.de\/index.php\/produkt\/kinderweste-senf\/\">Kinderweste Senf<\/a>\n                <\/h4>\n                <div data-add-zero-cents=\"false\" class=\"u-product-control u-product-price u-product-price-2\">\n                  <div class=\"u-price-wrapper u-spacing-10\">\n                    <div class=\"u-hide-price u-old-price\" style=\"text-decoration: line-through !important;\">  <\/div>\n                    <div class=\"u-price u-text-palette-1-base\" style=\"font-size: 1.25rem; font-weight: 700;\"> <span class=\"woocommerce-Price-amount amount\"><bdi>39,00&nbsp;<span class=\"woocommerce-Price-currencySymbol\">&euro;<\/span><\/bdi><\/span> - <span class=\"woocommerce-Price-amount amount\"><bdi>45,00&nbsp;<span class=\"woocommerce-Price-currencySymbol\">&euro;<\/span><\/bdi><\/span><span style=\"color:rgb(0, 0, 0);margin-left: 6px;font-size: 94%;\"><\/span> <\/div>\n                  <\/div>\n                <\/div>\n                <a href=\"https:\/\/xn--frulein-wundershop-mtb.de\/index.php\/produkt\/kinderweste-senf\/\" class=\"u-active-grey-75 u-border-none u-btn u-button-style u-hover-grey-75 u-palette-1-base u-product-control u-btn-2\" data-product-button-click-type=\"go-to-page\">Ansehen<\/a>\n              <\/div>\n            <\/div>\n            <div class=\"u-align-center u-border-1 u-border-grey-10 u-container-align-center u-container-style u-products-item u-repeater-item\">\n              <div class=\"u-container-layout u-similar-container u-container-layout-3\">\n                <img alt=\"\" class=\"u-expanded-width u-image u-image-contain u-image-default u-product-control lazyload u-image-3\" data-src=\"https:\/\/xn--frulein-wundershop-mtb.de\/wp-content\/uploads\/2025\/04\/DSC_2258-1-1.jpg\" style=\"cursor:pointer;\" data-product-control=\"https:\/\/xn--frulein-wundershop-mtb.de\/index.php\/produkt\/kinderweste-rot\/\" loading=\"lazy\">\n                <h4 class=\"u-product-control u-text u-text-3\">\n                  <a class=\"u-product-title-link\" href=\"https:\/\/xn--frulein-wundershop-mtb.de\/index.php\/produkt\/kinderweste-rot\/\">Kinderweste Rot<\/a>\n                <\/h4>\n                <div data-add-zero-cents=\"false\" class=\"u-product-control u-product-price u-product-price-3\">\n                  <div class=\"u-price-wrapper u-spacing-10\">\n                    <div class=\"u-hide-price u-old-price\" style=\"text-decoration: line-through !important;\">  <\/div>\n                    <div class=\"u-price u-text-palette-1-base\" style=\"font-size: 1.25rem; font-weight: 700;\"> <span class=\"woocommerce-Price-amount amount\"><bdi>39,00&nbsp;<span class=\"woocommerce-Price-currencySymbol\">&euro;<\/span><\/bdi><\/span> - <span class=\"woocommerce-Price-amount amount\"><bdi>45,00&nbsp;<span class=\"woocommerce-Price-currencySymbol\">&euro;<\/span><\/bdi><\/span><span style=\"color:rgb(0, 0, 0);margin-left: 6px;font-size: 94%;\"><\/span> <\/div>\n                  <\/div>\n                <\/div>\n                <a href=\"https:\/\/xn--frulein-wundershop-mtb.de\/index.php\/produkt\/kinderweste-rot\/\" class=\"u-active-grey-75 u-border-none u-btn u-button-style u-hover-grey-75 u-palette-1-base u-product-control u-btn-3\" data-product-button-click-type=\"go-to-page\">Ansehen<\/a>\n              <\/div>\n            <\/div>\n            <div class=\"u-align-center u-border-1 u-border-grey-10 u-container-align-center u-container-style u-products-item u-repeater-item\">\n              <div class=\"u-container-layout u-similar-container u-container-layout-4\">\n                <img alt=\"\" class=\"u-expanded-width u-image u-image-contain u-image-default u-product-control lazyload u-image-4\" data-src=\"https:\/\/xn--frulein-wundershop-mtb.de\/wp-content\/uploads\/2025\/04\/DSC_2256-1.jpg\" style=\"cursor:pointer;\" data-product-control=\"https:\/\/xn--frulein-wundershop-mtb.de\/index.php\/produkt\/kinderweste-blau\/\" loading=\"lazy\">\n                <h4 class=\"u-product-control u-text u-text-4\">\n                  <a class=\"u-product-title-link\" href=\"https:\/\/xn--frulein-wundershop-mtb.de\/index.php\/produkt\/kinderweste-blau\/\">Kinderweste Blau<\/a>\n                <\/h4>\n                <div data-add-zero-cents=\"false\" class=\"u-product-control u-product-price u-product-price-4\">\n                  <div class=\"u-price-wrapper u-spacing-10\">\n                    <div class=\"u-hide-price u-old-price\" style=\"text-decoration: line-through !important;\">  <\/div>\n                    <div class=\"u-price u-text-palette-1-base\" style=\"font-size: 1.25rem; font-weight: 700;\"> <span class=\"woocommerce-Price-amount amount\"><bdi>39,00&nbsp;<span class=\"woocommerce-Price-currencySymbol\">&euro;<\/span><\/bdi><\/span> - <span class=\"woocommerce-Price-amount amount\"><bdi>45,00&nbsp;<span class=\"woocommerce-Price-currencySymbol\">&euro;<\/span><\/bdi><\/span><span style=\"color:rgb(0, 0, 0);margin-left: 6px;font-size: 94%;\"><\/span> <\/div>\n                  <\/div>\n                <\/div>\n                <a href=\"https:\/\/xn--frulein-wundershop-mtb.de\/index.php\/produkt\/kinderweste-blau\/\" class=\"u-active-grey-75 u-border-none u-btn u-button-style u-hover-grey-75 u-palette-1-base u-product-control u-btn-4\" data-product-button-click-type=\"go-to-page\">Ansehen<\/a>\n              <\/div>\n            <\/div>\n          <\/div>\n          <div class=\"u-list-control\"><\/div>\n        <\/div>\n      <\/div>\n    <\/section>\n    \n    \n    \n    \n  \n","protected":false},"excerpt":{"rendered":"<p>Westen aus Wollwalk Hier habe ich&nbsp;Westen aus Wollwalk mit Baumwollpl\u00fcsch gef\u00fcttert.&nbsp;Kuschelig f\u00fcr alle \u00dcbergangstage und f\u00fcr die kalte Jahreszeit. Kinderweste Rost 39,00&nbsp;&euro; &#8211; 45,00&nbsp;&euro; Ansehen Kinderweste Senf 39,00&nbsp;&euro; &#8211; 45,00&nbsp;&euro; Ansehen Kinderweste Rot 39,00&nbsp;&euro; &#8211; 45,00&nbsp;&euro; Ansehen Kinderweste Blau 39,00&nbsp;&euro; &#8211; 45,00&nbsp;&euro; Ansehen<\/p>\n","protected":false},"author":1,"featured_media":0,"parent":0,"menu_order":19,"comment_status":"closed","ping_status":"closed","template":"","meta":{"footnotes":""},"class_list":["post-67","page","type-page","status-publish","hentry"],"_links":{"self":[{"href":"https:\/\/xn--frulein-wundershop-mtb.de\/index.php\/wp-json\/wp\/v2\/pages\/67","targetHints":{"allow":["GET"]}}],"collection":[{"href":"https:\/\/xn--frulein-wundershop-mtb.de\/index.php\/wp-json\/wp\/v2\/pages"}],"about":[{"href":"https:\/\/xn--frulein-wundershop-mtb.de\/index.php\/wp-json\/wp\/v2\/types\/page"}],"author":[{"embeddable":true,"href":"https:\/\/xn--frulein-wundershop-mtb.de\/index.php\/wp-json\/wp\/v2\/users\/1"}],"replies":[{"embeddable":true,"href":"https:\/\/xn--frulein-wundershop-mtb.de\/index.php\/wp-json\/wp\/v2\/comments?post=67"}],"version-history":[{"count":2,"href":"https:\/\/xn--frulein-wundershop-mtb.de\/index.php\/wp-json\/wp\/v2\/pages\/67\/revisions"}],"predecessor-version":[{"id":1115,"href":"https:\/\/xn--frulein-wundershop-mtb.de\/index.php\/wp-json\/wp\/v2\/pages\/67\/revisions\/1115"}],"wp:attachment":[{"href":"https:\/\/xn--frulein-wundershop-mtb.de\/index.php\/wp-json\/wp\/v2\/media?parent=67"}],"curies":[{"name":"wp","href":"https:\/\/api.w.org\/{rel}","templated":true}]}}