{"id":71,"date":"2025-04-06T21:15:08","date_gmt":"2025-04-06T19:15:08","guid":{"rendered":"https:\/\/xn--frulein-wundershop-mtb.de\/index.php\/fuer-grosse\/"},"modified":"2025-04-06T21:15:20","modified_gmt":"2025-04-06T19:15:20","slug":"fuer-grosse","status":"publish","type":"page","link":"https:\/\/xn--frulein-wundershop-mtb.de\/index.php\/fuer-grosse\/","title":{"rendered":"F\u00fcr Gro\u00dfe"},"content":{"rendered":"\n  \n    <section class=\"u-clearfix u-section-1\" id=\"sec-e528\">\n      <div class=\"u-clearfix u-sheet u-sheet-1\">\n        <div class=\"data-layout-selected u-align-left u-clearfix u-expanded-width u-layout-wrap u-layout-wrap-1\">\n          <div class=\"u-layout\">\n            <div class=\"u-layout-row\">\n              <div class=\"u-container-align-center u-container-style u-image u-layout-cell u-size-12-lg u-size-12-xl u-size-12-xxl u-size-30-md u-size-30-sm u-size-30-xs lazyload u-image-1\" data-image-width=\"1490\" data-image-height=\"1490\" data-bg=\"url(&quot;https:\/\/xn--frulein-wundershop-mtb.de\/wp-content\/uploads\/2025\/04\/fw-zeichnung-1.jpg&quot;)\">\n                <div class=\"u-container-layout u-container-layout-1\"><\/div>\n              <\/div>\n              <div class=\"u-container-style u-layout-cell u-size-30-md u-size-30-sm u-size-30-xs u-size-48-lg u-size-48-xl u-size-48-xxl u-layout-cell-2\">\n                <div class=\"u-container-layout u-container-layout-2\">\n                  <h1 class=\"u-text u-text-default-lg u-text-default-xl u-text-default-xxl u-text-1\"> Deine neuen Lieblingssachen<\/h1>\n                  <p class=\"u-text u-text-2\"> Die R\u00f6cke, Shirts, M\u00fctzen und T\u00fccher&nbsp;werden&nbsp;hier in Schwerin Mecklenburg-Vorpommern hergestellt.&nbsp;Es werden&nbsp;haupts\u00e4chlich&nbsp;\u00f6kologische Stoffe verwendet. Diese bestehen gr\u00f6\u00dftenteils aus Naturfasern, sind umweltfreundlich und gesundheitlich unbedenklich.<\/p>\n                <\/div>\n              <\/div>\n            <\/div>\n          <\/div>\n        <\/div>\n      <\/div>\n    <\/section>\n    <section class=\"u-clearfix u-container-align-center-xxl u-section-2\" id=\"sec-2b7c\">\n      <div class=\"u-clearfix u-sheet u-valign-bottom-xs u-valign-top-lg u-valign-top-md u-valign-top-sm u-valign-top-xxl u-sheet-1\">\n        <div class=\"u-expanded-width u-list u-list-1\">\n          <div class=\"u-repeater u-repeater-1\">\n            <div class=\"u-border-1 u-border-grey-10 u-container-style u-image u-list-item u-repeater-item lazyload\" data-href=\"https:\/\/xn--frulein-wundershop-mtb.de\/index.php\/roecke\/\" title=\"R\u00f6cke\" data-image-width=\"853\" data-image-height=\"1280\" data-bg=\"url(&quot;https:\/\/xn--frulein-wundershop-mtb.de\/wp-content\/uploads\/2025\/04\/Rock-2.jpg&quot;)\">\n              <div class=\"u-container-layout u-similar-container u-valign-top-lg u-valign-top-md u-valign-top-sm u-container-layout-1\">\n                <div class=\"u-container-style u-expanded-width u-group u-white u-group-1\">\n                  <div class=\"u-container-layout u-valign-middle u-container-layout-2\">\n                    <h4 class=\"u-align-center u-text u-text-default u-text-1\">R\u00f6cke<\/h4>\n                  <\/div>\n                <\/div>\n              <\/div>\n            <\/div>\n            <div class=\"u-border-1 u-border-grey-10 u-container-style u-image u-list-item u-repeater-item lazyload\" data-href=\"https:\/\/xn--frulein-wundershop-mtb.de\/index.php\/shirts\/\" data-image-width=\"721\" data-image-height=\"1280\" title=\"Shirts\" data-bg=\"url(&quot;https:\/\/xn--frulein-wundershop-mtb.de\/wp-content\/uploads\/2025\/04\/Shirts-2.jpg&quot;)\">\n              <div class=\"u-container-layout u-similar-container u-valign-top-lg u-valign-top-md u-valign-top-sm u-container-layout-3\">\n                <div class=\"u-container-style u-expanded-width u-group u-white u-group-2\">\n                  <div class=\"u-container-layout u-valign-middle u-container-layout-4\">\n                    <h4 class=\"u-align-center u-text u-text-default u-text-2\">Shirts<\/h4>\n                  <\/div>\n                <\/div>\n              <\/div>\n            <\/div>\n            <div class=\"u-border-1 u-border-grey-10 u-container-style u-image u-list-item u-repeater-item lazyload\" data-href=\"https:\/\/xn--frulein-wundershop-mtb.de\/index.php\/beanies\/\" data-image-width=\"682\" data-image-height=\"1024\" title=\"Beanies\" data-bg=\"url(&quot;https:\/\/xn--frulein-wundershop-mtb.de\/wp-content\/uploads\/2025\/04\/Mtze-1.jpg&quot;)\">\n              <div class=\"u-container-layout u-similar-container u-valign-top-lg u-valign-top-md u-valign-top-sm u-container-layout-5\">\n                <div class=\"u-container-style u-expanded-width u-group u-white u-group-3\">\n                  <div class=\"u-container-layout u-valign-middle u-container-layout-6\">\n                    <h4 class=\"u-align-center u-text u-text-default u-text-3\">Beanies \/ M\u00fctzen<\/h4>\n                  <\/div>\n                <\/div>\n              <\/div>\n            <\/div>\n            <div class=\"u-border-1 u-border-grey-10 u-container-align-left u-container-style u-image u-list-item u-repeater-item lazyload\" data-href=\"https:\/\/xn--frulein-wundershop-mtb.de\/index.php\/haarbaender\/\" data-image-width=\"484\" data-image-height=\"400\" title=\"Haarb\u00e4nder\" data-bg=\"url(&quot;https:\/\/xn--frulein-wundershop-mtb.de\/wp-content\/uploads\/2025\/04\/Haarband-1.jpg&quot;)\">\n              <div class=\"u-container-layout u-similar-container u-valign-top-lg u-valign-top-md u-valign-top-sm u-container-layout-7\">\n                <div class=\"u-container-style u-expanded-width u-group u-white u-group-4\">\n                  <div class=\"u-container-layout u-valign-middle u-container-layout-8\">\n                    <h4 class=\"u-align-center u-text u-text-default u-text-4\">Haarb\u00e4nder<\/h4>\n                  <\/div>\n                <\/div>\n              <\/div>\n            <\/div>\n            <div class=\"u-border-1 u-border-grey-10 u-container-style u-image u-list-item u-repeater-item lazyload\" data-href=\"https:\/\/xn--frulein-wundershop-mtb.de\/index.php\/tuecher\/\" data-image-width=\"341\" data-image-height=\"400\" title=\"T\u00fccher\" data-bg=\"url(&quot;https:\/\/xn--frulein-wundershop-mtb.de\/wp-content\/uploads\/2025\/04\/Tuch-1.jpg&quot;)\">\n              <div class=\"u-container-layout u-similar-container u-valign-top-lg u-valign-top-md u-valign-top-sm u-container-layout-9\">\n                <div class=\"u-container-style u-expanded-width u-group u-white u-group-5\">\n                  <div class=\"u-container-layout u-valign-middle u-container-layout-10\">\n                    <h4 class=\"u-align-center u-text u-text-default u-text-5\">T\u00fccher \/ Loops<\/h4>\n                  <\/div>\n                <\/div>\n              <\/div>\n            <\/div>\n            <div class=\"u-border-1 u-border-grey-10 u-container-style u-image u-list-item u-repeater-item lazyload\" data-href=\"https:\/\/xn--frulein-wundershop-mtb.de\/index.php\/handschuhe\/\" data-image-width=\"923\" data-image-height=\"1280\" title=\"Handschuhe\" data-bg=\"url(&quot;https:\/\/xn--frulein-wundershop-mtb.de\/wp-content\/uploads\/2025\/04\/Handschuh-1.jpg&quot;)\">\n              <div class=\"u-container-layout u-similar-container u-valign-top-lg u-valign-top-md u-valign-top-sm u-container-layout-11\">\n                <div class=\"u-container-style u-expanded-width u-group u-white u-group-6\">\n                  <div class=\"u-container-layout u-valign-middle u-container-layout-12\">\n                    <h4 class=\"u-align-center u-text u-text-default u-text-6\">Handschuhe<\/h4>\n                  <\/div>\n                <\/div>\n              <\/div>\n            <\/div>\n          <\/div>\n        <\/div>\n      <\/div>\n    <\/section>\n    \n    \n    \n    \n    \n  \n","protected":false},"excerpt":{"rendered":"<p>Deine neuen Lieblingssachen Die R\u00f6cke, Shirts, M\u00fctzen und T\u00fccher&nbsp;werden&nbsp;hier in Schwerin Mecklenburg-Vorpommern hergestellt.&nbsp;Es werden&nbsp;haupts\u00e4chlich&nbsp;\u00f6kologische Stoffe verwendet. Diese bestehen gr\u00f6\u00dftenteils aus Naturfasern, sind umweltfreundlich und gesundheitlich unbedenklich. R\u00f6cke Shirts Beanies \/ M\u00fctzen Haarb\u00e4nder T\u00fccher \/ Loops Handschuhe<\/p>\n","protected":false},"author":1,"featured_media":0,"parent":0,"menu_order":23,"comment_status":"closed","ping_status":"closed","template":"","meta":{"footnotes":""},"class_list":["post-71","page","type-page","status-publish","hentry"],"_links":{"self":[{"href":"https:\/\/xn--frulein-wundershop-mtb.de\/index.php\/wp-json\/wp\/v2\/pages\/71","targetHints":{"allow":["GET"]}}],"collection":[{"href":"https:\/\/xn--frulein-wundershop-mtb.de\/index.php\/wp-json\/wp\/v2\/pages"}],"about":[{"href":"https:\/\/xn--frulein-wundershop-mtb.de\/index.php\/wp-json\/wp\/v2\/types\/page"}],"author":[{"embeddable":true,"href":"https:\/\/xn--frulein-wundershop-mtb.de\/index.php\/wp-json\/wp\/v2\/users\/1"}],"replies":[{"embeddable":true,"href":"https:\/\/xn--frulein-wundershop-mtb.de\/index.php\/wp-json\/wp\/v2\/comments?post=71"}],"version-history":[{"count":1,"href":"https:\/\/xn--frulein-wundershop-mtb.de\/index.php\/wp-json\/wp\/v2\/pages\/71\/revisions"}],"predecessor-version":[{"id":101,"href":"https:\/\/xn--frulein-wundershop-mtb.de\/index.php\/wp-json\/wp\/v2\/pages\/71\/revisions\/101"}],"wp:attachment":[{"href":"https:\/\/xn--frulein-wundershop-mtb.de\/index.php\/wp-json\/wp\/v2\/media?parent=71"}],"curies":[{"name":"wp","href":"https:\/\/api.w.org\/{rel}","templated":true}]}}