{"id":72,"date":"2025-04-06T21:15:09","date_gmt":"2025-04-06T19:15:09","guid":{"rendered":"https:\/\/xn--frulein-wundershop-mtb.de\/index.php\/impressum\/"},"modified":"2025-07-22T11:26:55","modified_gmt":"2025-07-22T09:26:55","slug":"impressum","status":"publish","type":"page","link":"https:\/\/xn--frulein-wundershop-mtb.de\/index.php\/impressum\/","title":{"rendered":"Impressum"},"content":{"rendered":"\n  \n    \n    <section class=\"u-clearfix u-section-2\" id=\"sec-7c5e\">\n      <div class=\"u-clearfix u-sheet u-sheet-1\">\n        <h1 class=\"u-text u-text-default u-text-1\"> Impressum<\/h1>\n        <p class=\"u-text u-text-default u-text-2\"><span style=\"font-weight: 700;\"> Verantwortlich f\u00fcr diese Website:<\/span>\n          <br>\n          <br>Nadine K\u00f6hler<br>K\u00f6rnerstra\u00dfe 16<br>19055 Schwerin<br>\n          <br>Telefon: 0163 - 13 18 936<br>E-Mail:&nbsp;nadine-koehler@gmx.net<br>Internet:&nbsp;www.fraeulein-wundershop.de<br>\n          <br>Inhaltlich Verantwortlicher: Nadine K\u00f6hler&nbsp;<br>Gesch\u00e4ftsf\u00fchrer: Nadine K\u00f6hler<br>\n          <br>\n          <br><span style=\"font-weight: 700;\">1. Inhalt des Onlineangebotes<\/span>\n          <br>Fr\u00e4ulein Wunder \u00fcbernimmt keinerlei Gew\u00e4hr f\u00fcr die Aktualit\u00e4t oder Vollst\u00e4ndigkeit der bereitgestellten Informationen. Haftungsanspr\u00fcche gegen Fr\u00e4ulein Wunder, die sich auf Sch\u00e4den materieller oder ideeller Art beziehen, die durch die Nutzung oder Nichtnutzung der dargebotenen Informationen bzw. durch die Nutzung fehlerhafter und unvollst\u00e4ndiger Informationen verursacht wurden, sind grunds\u00e4tzlich ausgeschlossen, sofern seitens Fr\u00e4ulein Wunder kein nachweislich vors\u00e4tzliches oder grob fahrl\u00e4ssiges Verschulden vorliegt. Alle Angebote sind freibleibend und unverbindlich. Fr\u00e4ulein Wunder beh\u00e4lt es sich ausdr\u00fccklich vor, Teile der Seiten oder das gesamte Angebot ohne gesonderte Ank\u00fcndigung zu ver\u00e4ndern, zu erg\u00e4nzen, zu l\u00f6schen oder die Ver\u00f6ffentlichung zeitweise oder endg\u00fcltig einzustellen.&nbsp;<br>\n          <br><span style=\"font-weight: 700;\">2. Verweise und Links<\/span>\n          <br>Fr\u00e4ulein Wunder erkl\u00e4rt hiermit ausdr\u00fccklich, dass zum Zeitpunkt der Setzung von Verweisen auf fremde Internetseiten (\"Links\") die entsprechenden verlinkten Seiten frei von illegalen Inhalten waren. Auf die aktuelle und zuk\u00fcnftige Gestaltung, die Inhalte oder die Urheberschaft der verkn\u00fcpften Seiten hat Fr\u00e4ulein Wunder keinerlei Einfluss. Deshalb distanziert sich Fr\u00e4ulein Wunder hiermit ausdr\u00fccklich von allen Inhalten aller verkn\u00fcpften Seiten, die nach der Linksetzung ver\u00e4ndert wurden. Diese Feststellung gilt f\u00fcr alle innerhalb des eigenen Internetangebotes gesetzten Links und Verweise sowie f\u00fcr Fremdeintr\u00e4ge im G\u00e4stebuch. F\u00fcr illegale, fehlerhafte oder unvollst\u00e4ndige Inhalte und insbesondere f\u00fcr Sch\u00e4den, die aus der Nutzung oder Nichtnutzung solcherart dargebotener Informationen entstehen, haftet allein der Anbieter der Seite, auf welche verwiesen wurde, nicht derjenige, der \u00fcber Links auf die jeweilige Ver\u00f6ffentlichung lediglich verweist.&nbsp;<br>\n          <br><span style=\"font-weight: 700;\">3. Urheber- und Kennzeichenrecht<\/span>\n          <br>Fr\u00e4ulein Wunder ist bestrebt, in allen Publikationen die Urheberrechte zu beachten, von ihr selbst erstellte Grafiken, Tondokumente, Videosequenzen und Texte zu nutzen oder auf lizenzfreie Dokumente zur\u00fcckzugreifen. Alle innerhalb des Internetangebotes genannten und ggf. durch Dritte gesch\u00fctzten Marken- und Warenzeichen unterliegen uneingeschr\u00e4nkt den Bestimmungen des jeweils g\u00fcltigen Kennzeichenrechts und den Besitzrechten der jeweiligen eingetragenen Eigent\u00fcmer. Allein aufgrund der blo\u00dfen Nennung ist nicht der Schluss zu ziehen, dass Markenzeichen nicht durch Rechte Dritter gesch\u00fctzt sind. Das Copyright f\u00fcr ver\u00f6ffentlichte, von Fr\u00e4ulein Wunder selbst erstellte Objekte bleibt allein bei den Autoren der Seiten. Eine Vervielf\u00e4ltigung oder Verwendung solcher Grafiken, Tondokumente, Videosequenzen und Texte in anderen elektronischen oder gedruckten Publikationen ist ohne ausdr\u00fcckliche Zustimmung von Fr\u00e4ulein Wunder nicht gestattet.&nbsp;<br>\n          <br><span style=\"font-weight: 700;\">4. Datenschutz<\/span>\n          <br>Die Eingabe pers\u00f6nlicher oder gesch\u00e4ftlicher Daten (E-Mail-Adressen, Namen, Anschriften) erfolgt auf ausdr\u00fccklich freiwilliger Basis. Die Daten werden nicht weitergegeben. Die Inanspruchnahme und Bezahlung aller angebotenen Dienste ist - soweit technisch m\u00f6glich und zumutbar - auch ohne Angabe solcher Daten bzw. unter Angabe anonymisierter Daten oder eines Pseudonyms gestattet.<br>\n          <br>\u201eDiese Website benutzt Google Analytics, einen Webanalysedienst der Google Inc. (\u201eGoogle\u201c) Google Analytics verwendet sog. \u201eCookies\u201c, Textdateien, die auf Ihrem Computer gespeichert werden und die eine Analyse der Benutzung der Website durch Sie erm\u00f6glicht. Die durch den Cookie erzeugten Informationen \u00fcber Ihre Benutzung diese Website (einschlie\u00dflich Ihrer IP-Adresse) wird an einen Server von Google in den USA \u00fcbertragen und dort gespeichert. Google wird diese Informationen benutzen, um Ihre Nutzung der Website auszuwerten, um Reports \u00fcber die Websiteaktivit\u00e4ten f\u00fcr die Websitebetreiber zusammenzustellen und um weitere mit der Websitenutzung und der Internetnutzung verbundene Dienstleistungen zu erbringen. Auch wird Google diese Informationen gegebenenfalls an Dritte \u00fcbertragen, sofern dies gesetzlich vorgeschrieben oder soweit Dritte diese Daten im Auftrag von Google verarbeiten. Google wird in keinem Fall Ihre IP-Adresse mit anderen Daten der Google in Verbindung bringen. Sie k\u00f6nnen die Installation der Cookies durch eine entsprechende Einstellung Ihrer Browser Software verhindern; wir weisen Sie jedoch darauf hin, dass Sie in diesem Fall gegebenenfalls nicht s\u00e4mtliche Funktionen dieser Website voll umf\u00e4nglich nutzen k\u00f6nnen. Durch die Nutzung dieser Website erkl\u00e4ren Sie sich mit der Bearbeitung der \u00fcber Sie erhobenen Daten durch Google in der zuvor beschriebenen Art und Weise und zu dem zuvor benannten Zweck einverstanden.\u201c<br>&nbsp;<br><span style=\"font-weight: 700;\">5. Salvatorische Klausel<\/span>\n          <br>Sofern Teile oder einzelne Formulierungen dieses Textes der geltenden Rechtslage nicht, nicht mehr oder nicht vollst\u00e4ndig entsprechen sollten, bleiben die \u00fcbrigen Teile des Dokumentes in ihrem Inhalt und ihrer G\u00fcltigkeit davon unber\u00fchrt. Alle Rechte vorbehalten. Die Ver\u00f6ffentlichung des Inhalts dieses Web-Angebotes bedarf der ausdr\u00fccklichen Genehmigung durch Fr\u00e4ulein Wunder. Die Ver\u00f6ffentlichung und die Auswertung der Presseinformationen ist gestattet. Alle Bilder sind urheberrechtlich gesch\u00fctzt und d\u00fcrfen nur mit ausdr\u00fccklicher Genehmigung des Rechtinhabers verwendet werden.&nbsp; \n        <\/p>\n      <\/div>\n    <\/section>\n    \n    \n    \n    \n  \n","protected":false},"excerpt":{"rendered":"<p>Impressum Verantwortlich f\u00fcr diese Website: Nadine K\u00f6hlerK\u00f6rnerstra\u00dfe 1619055 Schwerin Telefon: 0163 &#8211; 13 18 936E-Mail:&nbsp;nadine-koehler@gmx.netInternet:&nbsp;www.fraeulein-wundershop.de Inhaltlich Verantwortlicher: Nadine K\u00f6hler&nbsp;Gesch\u00e4ftsf\u00fchrer: Nadine K\u00f6hler 1. Inhalt des Onlineangebotes Fr\u00e4ulein Wunder \u00fcbernimmt keinerlei Gew\u00e4hr f\u00fcr die Aktualit\u00e4t oder Vollst\u00e4ndigkeit der bereitgestellten Informationen. Haftungsanspr\u00fcche gegen Fr\u00e4ulein Wunder, die sich auf Sch\u00e4den materieller oder ideeller Art beziehen, die durch die Nutzung &hellip; <a href=\"https:\/\/xn--frulein-wundershop-mtb.de\/index.php\/impressum\/\" class=\"more-link\">Continue reading<span class=\"screen-reader-text\"> &#8222;Impressum&#8220;<\/span><\/a><\/p>\n","protected":false},"author":1,"featured_media":0,"parent":0,"menu_order":24,"comment_status":"closed","ping_status":"closed","template":"","meta":{"footnotes":""},"class_list":["post-72","page","type-page","status-publish","hentry"],"_links":{"self":[{"href":"https:\/\/xn--frulein-wundershop-mtb.de\/index.php\/wp-json\/wp\/v2\/pages\/72","targetHints":{"allow":["GET"]}}],"collection":[{"href":"https:\/\/xn--frulein-wundershop-mtb.de\/index.php\/wp-json\/wp\/v2\/pages"}],"about":[{"href":"https:\/\/xn--frulein-wundershop-mtb.de\/index.php\/wp-json\/wp\/v2\/types\/page"}],"author":[{"embeddable":true,"href":"https:\/\/xn--frulein-wundershop-mtb.de\/index.php\/wp-json\/wp\/v2\/users\/1"}],"replies":[{"embeddable":true,"href":"https:\/\/xn--frulein-wundershop-mtb.de\/index.php\/wp-json\/wp\/v2\/comments?post=72"}],"version-history":[{"count":3,"href":"https:\/\/xn--frulein-wundershop-mtb.de\/index.php\/wp-json\/wp\/v2\/pages\/72\/revisions"}],"predecessor-version":[{"id":1347,"href":"https:\/\/xn--frulein-wundershop-mtb.de\/index.php\/wp-json\/wp\/v2\/pages\/72\/revisions\/1347"}],"wp:attachment":[{"href":"https:\/\/xn--frulein-wundershop-mtb.de\/index.php\/wp-json\/wp\/v2\/media?parent=72"}],"curies":[{"name":"wp","href":"https:\/\/api.w.org\/{rel}","templated":true}]}}