{"id":74,"date":"2025-04-06T21:15:11","date_gmt":"2025-04-06T19:15:11","guid":{"rendered":"https:\/\/xn--frulein-wundershop-mtb.de\/index.php\/fuer-kleine\/"},"modified":"2025-04-06T21:15:20","modified_gmt":"2025-04-06T19:15:20","slug":"fuer-kleine","status":"publish","type":"page","link":"https:\/\/xn--frulein-wundershop-mtb.de\/index.php\/fuer-kleine\/","title":{"rendered":"F\u00fcr Kleine"},"content":{"rendered":"\n  \n    <section class=\"u-clearfix u-section-1\" id=\"sec-e528\">\n      <div class=\"u-clearfix u-sheet u-sheet-1\">\n        <div class=\"data-layout-selected u-align-left u-clearfix u-expanded-width u-layout-wrap u-layout-wrap-1\">\n          <div class=\"u-layout\">\n            <div class=\"u-layout-row\">\n              <div class=\"u-container-align-center u-container-style u-image u-layout-cell u-size-12-lg u-size-12-xl u-size-12-xxl u-size-30-md u-size-30-sm u-size-30-xs lazyload u-image-1\" data-image-width=\"1490\" data-image-height=\"1490\" data-bg=\"url(&quot;https:\/\/xn--frulein-wundershop-mtb.de\/wp-content\/uploads\/2025\/04\/fw-zeichnung-1.jpg&quot;)\">\n                <div class=\"u-container-layout u-container-layout-1\"><\/div>\n              <\/div>\n              <div class=\"u-container-style u-layout-cell u-size-30-md u-size-30-sm u-size-30-xs u-size-48-lg u-size-48-xl u-size-48-xxl u-layout-cell-2\">\n                <div class=\"u-container-layout u-container-layout-2\">\n                  <h1 class=\"u-text u-text-default-lg u-text-default-xl u-text-default-xxl u-text-1\"> Neue Lieblingssachen f\u00fcr Kinder<\/h1>\n                  <p class=\"u-text u-text-2\"> Das Sortiment wird ausschlie\u00dflich in Deutschland hergestellt. Es werden vorrangig \u00f6kologische Stoffe verwendet.&nbsp;Durch unsere individuelle Produktion sind wir in der Lage, auch Deine eigenen W\u00fcnsche und Ideen umzusetzen.&nbsp;Du m\u00f6chtest einen Artikel in einer anderen Gr\u00f6\u00dfe oder aus einem anderen Stoff? Dann schreibe mir bitte&nbsp;<a href=\"https:\/\/www.fraeulein-wundershop.de\/kontakt\/\" class=\"u-active-none u-border-none u-btn u-button-style u-hover-none u-none u-text-palette-1-base u-btn-1\">hier \u00bb<\/a>\n                  <\/p>\n                <\/div>\n              <\/div>\n            <\/div>\n          <\/div>\n        <\/div>\n      <\/div>\n    <\/section>\n    <section class=\"u-clearfix u-container-align-center u-section-2\" id=\"sec-2b7c\">\n      <div class=\"u-clearfix u-sheet u-sheet-1\">\n        <div class=\"u-expanded-width u-list u-list-1\">\n          <div class=\"u-repeater u-repeater-1\">\n            <div class=\"u-border-1 u-border-grey-10 u-container-style u-image u-list-item u-repeater-item lazyload\" data-href=\"https:\/\/xn--frulein-wundershop-mtb.de\/index.php\/kinderwesten\/\" data-image-width=\"1333\" data-image-height=\"2000\" title=\"Kinderwesten\" data-bg=\"url(&quot;https:\/\/xn--frulein-wundershop-mtb.de\/wp-content\/uploads\/2025\/04\/design3-0929-1.jpg&quot;)\">\n              <div class=\"u-container-layout u-similar-container u-container-layout-1\">\n                <div class=\"u-container-style u-expanded-width u-group u-white u-group-1\">\n                  <div class=\"u-container-layout u-valign-bottom u-container-layout-2\">\n                    <h4 class=\"u-align-center u-text u-text-default u-text-1\">Westen<\/h4>\n                  <\/div>\n                <\/div>\n              <\/div>\n            <\/div>\n            <div class=\"u-border-1 u-border-grey-10 u-container-style u-image u-list-item u-repeater-item lazyload\" data-href=\"https:\/\/xn--frulein-wundershop-mtb.de\/index.php\/kinderhandschuhe\/\" data-image-width=\"3096\" data-image-height=\"2578\" title=\"Kinderhandschuhe\" data-bg=\"url(&quot;https:\/\/xn--frulein-wundershop-mtb.de\/wp-content\/uploads\/2025\/04\/DSC_5150-2.jpg&quot;)\">\n              <div class=\"u-container-layout u-similar-container u-container-layout-3\">\n                <div class=\"u-container-style u-expanded-width u-group u-white u-group-2\">\n                  <div class=\"u-container-layout u-valign-bottom u-container-layout-4\">\n                    <h4 class=\"u-align-center u-text u-text-default u-text-2\">Handschuhe<\/h4>\n                  <\/div>\n                <\/div>\n              <\/div>\n            <\/div>\n            <div class=\"u-border-1 u-border-grey-10 u-container-style u-image u-list-item u-repeater-item lazyload\" data-href=\"https:\/\/xn--frulein-wundershop-mtb.de\/index.php\/kinderhosen\/\" data-image-width=\"2000\" data-image-height=\"1452\" title=\"Kinderhosen\" data-bg=\"url(&quot;https:\/\/xn--frulein-wundershop-mtb.de\/wp-content\/uploads\/2025\/04\/design6-0504-1.jpg&quot;)\">\n              <div class=\"u-container-layout u-similar-container u-container-layout-5\">\n                <div class=\"u-container-style u-expanded-width u-group u-white u-group-3\">\n                  <div class=\"u-container-layout u-valign-bottom u-container-layout-6\">\n                    <h4 class=\"u-align-center u-text u-text-default u-text-3\">Hosen<\/h4>\n                  <\/div>\n                <\/div>\n              <\/div>\n            <\/div>\n            <div class=\"u-border-1 u-border-grey-10 u-container-align-left u-container-style u-image u-list-item u-repeater-item lazyload\" data-href=\"https:\/\/xn--frulein-wundershop-mtb.de\/index.php\/beanies\/\" data-image-width=\"1333\" data-image-height=\"2000\" title=\"Beanies\" data-bg=\"url(&quot;https:\/\/xn--frulein-wundershop-mtb.de\/wp-content\/uploads\/2025\/04\/M0C0022-1.jpg&quot;)\">\n              <div class=\"u-container-layout u-similar-container u-container-layout-7\">\n                <div class=\"u-container-style u-expanded-width u-group u-white u-group-4\">\n                  <div class=\"u-container-layout u-valign-bottom u-container-layout-8\">\n                    <h4 class=\"u-align-center u-text u-text-default u-text-4\">Beanies<\/h4>\n                  <\/div>\n                <\/div>\n              <\/div>\n            <\/div>\n            <div class=\"u-border-1 u-border-grey-10 u-container-style u-image u-list-item u-repeater-item lazyload\" data-href=\"https:\/\/xn--frulein-wundershop-mtb.de\/index.php\/jerseymuetzen\/\" data-image-width=\"2000\" data-image-height=\"1125\" title=\"Jerseym\u00fctzen\" data-bg=\"url(&quot;https:\/\/xn--frulein-wundershop-mtb.de\/wp-content\/uploads\/2025\/04\/20140314_113401_Android-1.jpg&quot;)\">\n              <div class=\"u-container-layout u-similar-container u-container-layout-9\">\n                <div class=\"u-container-style u-expanded-width u-group u-white u-group-5\">\n                  <div class=\"u-container-layout u-valign-bottom u-container-layout-10\">\n                    <h4 class=\"u-align-center u-text u-text-default u-text-5\">Jerseym\u00fctzen<\/h4>\n                  <\/div>\n                <\/div>\n              <\/div>\n            <\/div>\n            <div class=\"u-border-1 u-border-grey-10 u-container-style u-image u-list-item u-repeater-item lazyload\" data-href=\"https:\/\/xn--frulein-wundershop-mtb.de\/index.php\/wintermuetzen\/\" data-image-width=\"1412\" data-image-height=\"2000\" title=\"Winterm\u00fctzen\" data-bg=\"url(&quot;https:\/\/xn--frulein-wundershop-mtb.de\/wp-content\/uploads\/2025\/04\/design1-0663-1.jpg&quot;)\">\n              <div class=\"u-container-layout u-similar-container u-container-layout-11\">\n                <div class=\"u-container-style u-expanded-width u-group u-white u-group-6\">\n                  <div class=\"u-container-layout u-valign-bottom u-container-layout-12\">\n                    <h4 class=\"u-align-center u-text u-text-default u-text-6\">Winterm\u00fctzen<\/h4>\n                  <\/div>\n                <\/div>\n              <\/div>\n            <\/div>\n            <div class=\"u-border-1 u-border-grey-10 u-container-style u-image u-list-item u-repeater-item lazyload\" data-href=\"https:\/\/xn--frulein-wundershop-mtb.de\/index.php\/kinderkleider\/\" data-image-width=\"1382\" data-image-height=\"2000\" title=\"Kinderkleider\" data-bg=\"url(&quot;https:\/\/xn--frulein-wundershop-mtb.de\/wp-content\/uploads\/2025\/04\/design8-0607-1.jpg&quot;)\">\n              <div class=\"u-container-layout u-similar-container u-container-layout-13\">\n                <div class=\"u-container-style u-expanded-width u-group u-white u-group-7\">\n                  <div class=\"u-container-layout u-valign-bottom u-container-layout-14\">\n                    <h4 class=\"u-align-center u-text u-text-default u-text-7\">KinderKleider<\/h4>\n                  <\/div>\n                <\/div>\n              <\/div>\n            <\/div>\n            <div class=\"u-border-1 u-border-grey-10 u-container-style u-image u-list-item u-repeater-item lazyload\" data-href=\"https:\/\/xn--frulein-wundershop-mtb.de\/index.php\/tuecher-baender\/\" data-image-width=\"200\" data-image-height=\"355\" title=\"T\u00fccher B\u00e4nder\" data-bg=\"url(&quot;https:\/\/xn--frulein-wundershop-mtb.de\/wp-content\/uploads\/2025\/04\/Lisi-2.jpg&quot;)\">\n              <div class=\"u-container-layout u-similar-container u-container-layout-15\">\n                <div class=\"u-container-style u-expanded-width u-group u-white u-group-8\">\n                  <div class=\"u-container-layout u-valign-bottom u-container-layout-16\">\n                    <h4 class=\"u-align-center u-text u-text-default u-text-8\">T\u00fccher &amp; B\u00e4nder<\/h4>\n                  <\/div>\n                <\/div>\n              <\/div>\n            <\/div>\n          <\/div>\n        <\/div>\n      <\/div>\n    <\/section>\n    \n    \n    \n    \n    \n  \n","protected":false},"excerpt":{"rendered":"<p>Neue Lieblingssachen f\u00fcr Kinder Das Sortiment wird ausschlie\u00dflich in Deutschland hergestellt. Es werden vorrangig \u00f6kologische Stoffe verwendet.&nbsp;Durch unsere individuelle Produktion sind wir in der Lage, auch Deine eigenen W\u00fcnsche und Ideen umzusetzen.&nbsp;Du m\u00f6chtest einen Artikel in einer anderen Gr\u00f6\u00dfe oder aus einem anderen Stoff? Dann schreibe mir bitte&nbsp;hier \u00bb Westen Handschuhe Hosen Beanies Jerseym\u00fctzen Winterm\u00fctzen &hellip; <a href=\"https:\/\/xn--frulein-wundershop-mtb.de\/index.php\/fuer-kleine\/\" class=\"more-link\">Continue reading<span class=\"screen-reader-text\"> &#8222;F\u00fcr Kleine&#8220;<\/span><\/a><\/p>\n","protected":false},"author":1,"featured_media":0,"parent":0,"menu_order":26,"comment_status":"closed","ping_status":"closed","template":"","meta":{"footnotes":""},"class_list":["post-74","page","type-page","status-publish","hentry"],"_links":{"self":[{"href":"https:\/\/xn--frulein-wundershop-mtb.de\/index.php\/wp-json\/wp\/v2\/pages\/74","targetHints":{"allow":["GET"]}}],"collection":[{"href":"https:\/\/xn--frulein-wundershop-mtb.de\/index.php\/wp-json\/wp\/v2\/pages"}],"about":[{"href":"https:\/\/xn--frulein-wundershop-mtb.de\/index.php\/wp-json\/wp\/v2\/types\/page"}],"author":[{"embeddable":true,"href":"https:\/\/xn--frulein-wundershop-mtb.de\/index.php\/wp-json\/wp\/v2\/users\/1"}],"replies":[{"embeddable":true,"href":"https:\/\/xn--frulein-wundershop-mtb.de\/index.php\/wp-json\/wp\/v2\/comments?post=74"}],"version-history":[{"count":1,"href":"https:\/\/xn--frulein-wundershop-mtb.de\/index.php\/wp-json\/wp\/v2\/pages\/74\/revisions"}],"predecessor-version":[{"id":104,"href":"https:\/\/xn--frulein-wundershop-mtb.de\/index.php\/wp-json\/wp\/v2\/pages\/74\/revisions\/104"}],"wp:attachment":[{"href":"https:\/\/xn--frulein-wundershop-mtb.de\/index.php\/wp-json\/wp\/v2\/media?parent=74"}],"curies":[{"name":"wp","href":"https:\/\/api.w.org\/{rel}","templated":true}]}}