{"id":76,"date":"2025-04-06T21:15:13","date_gmt":"2025-04-06T19:15:13","guid":{"rendered":"https:\/\/xn--frulein-wundershop-mtb.de\/index.php\/kinderkleider\/"},"modified":"2025-04-07T12:55:30","modified_gmt":"2025-04-07T10:55:30","slug":"kinderkleider","status":"publish","type":"page","link":"https:\/\/xn--frulein-wundershop-mtb.de\/index.php\/kinderkleider\/","title":{"rendered":"Kinderkleider"},"content":{"rendered":"\n  \n    \n    <section class=\"u-clearfix u-section-2\" id=\"sec-0317\">\n      <div class=\"u-clearfix u-sheet u-sheet-1\">\n        <h1 class=\"u-text u-text-default u-text-1\"> Kleider f\u00fcr Kinder<\/h1>\n        <p class=\"u-text u-text-default u-text-2\"> Kaufe hier handgen\u00e4hte Kleider aus Baumwolljersey, Fleece, Kord oder Leinen. Die Kleider wachsen lange mit und sind am Ende gut als Tunika \u00fcber Jeans tragbar.Die Wendesch\u00fcrzen (auch Pippisch\u00fcrze genannt) passen durch das Tr\u00e4gersystem mindestens 3 Jahre lang. Neue Stoffe und Muster erweitern st\u00e4ndig die individuelle Kollektion.<\/p>\n      <\/div>\n    <\/section>\n    <section class=\"u-clearfix u-section-3\" id=\"sec-c51b\">\n      <div class=\"u-clearfix u-sheet u-sheet-1\"><!--products_options_json--><!--{\"type\":\"products-category\",\"source\":\"Kleider\",\"tags\":\"\",\"count\":\"50\"}--><!--\/products_options_json-->\n        <div class=\"u-expanded-width u-products u-products-1 u-cms u-hidden-visibility\"  data-site-sorting-prop=\"created\" data-site-sorting-order=\"desc\" data-max-items=\"50\" data-products-id=\"1\" data-products-datasource=\"cms\" data-items-per-page=\"6\" data-payment-service=\"5e4d2a0d10963c7ec8efd1d16bedf508\" data-site-category=\"8\">\n          <div class=\"u-list-control\"><\/div>\n          <div class=\"u-repeater u-repeater-1\">\n            <div class=\"u-align-center u-border-1 u-border-grey-10 u-container-align-center u-container-style u-products-item u-repeater-item\">\n              <div class=\"u-container-layout u-similar-container u-container-layout-1\">\n                <img alt=\"\" class=\"u-expanded-width u-image u-image-contain u-image-default u-product-control lazyload u-image-1\" data-src=\"https:\/\/xn--frulein-wundershop-mtb.de\/wp-content\/uploads\/2025\/04\/wendekleid-Regenschirm01-gelb-1.jpg\" style=\"cursor:pointer;\" data-product-control=\"https:\/\/xn--frulein-wundershop-mtb.de\/index.php\/produkt\/wendekleidchen-kord-regenschirm-gelb\/\" loading=\"lazy\">\n                <h4 class=\"u-product-control u-text u-text-1\">\n                  <a class=\"u-product-title-link\" href=\"https:\/\/xn--frulein-wundershop-mtb.de\/index.php\/produkt\/wendekleidchen-kord-regenschirm-gelb\/\">Wendekleidchen Kord Regenschirm Gelb<\/a>\n                <\/h4>\n                <div data-add-zero-cents=\"false\" class=\"u-product-control u-product-price u-product-price-1\">\n                  <div class=\"u-price-wrapper u-spacing-10\">\n                    <div class=\"u-hide-price u-old-price\" style=\"text-decoration: line-through !important;\">  <\/div>\n                    <div class=\"u-price u-text-palette-1-base\" style=\"font-size: 1.25rem; font-weight: 700;\"> <span class=\"woocommerce-Price-amount amount\"><bdi>34,00&nbsp;<span class=\"woocommerce-Price-currencySymbol\">&euro;<\/span><\/bdi><\/span><span style=\"color:rgb(0, 0, 0);margin-left: 6px;font-size: 94%;\"><\/span> <\/div>\n                  <\/div>\n                <\/div>\n                <a href=\"https:\/\/xn--frulein-wundershop-mtb.de\/index.php\/produkt\/wendekleidchen-kord-regenschirm-gelb\/\" class=\"u-active-grey-75 u-border-none u-btn u-button-style u-hover-grey-75 u-palette-1-base u-product-control u-btn-1\" data-product-button-click-type=\"go-to-page\">Ansehen<\/a>\n              <\/div>\n            <\/div>\n            <div class=\"u-align-center u-border-1 u-border-grey-10 u-container-align-center u-container-style u-products-item u-repeater-item\">\n              <div class=\"u-container-layout u-similar-container u-container-layout-2\">\n                <img alt=\"\" class=\"u-expanded-width u-image u-image-contain u-image-default u-product-control lazyload u-image-2\" data-src=\"https:\/\/xn--frulein-wundershop-mtb.de\/wp-content\/uploads\/2025\/04\/wendekleid-Regenschirm01-1.jpg\" style=\"cursor:pointer;\" data-product-control=\"https:\/\/xn--frulein-wundershop-mtb.de\/index.php\/produkt\/wendekleidchen-kord-regenschirm-rot\/\" loading=\"lazy\">\n                <h4 class=\"u-product-control u-text u-text-2\">\n                  <a class=\"u-product-title-link\" href=\"https:\/\/xn--frulein-wundershop-mtb.de\/index.php\/produkt\/wendekleidchen-kord-regenschirm-rot\/\">Wendekleidchen Kord Regenschirm Rot<\/a>\n                <\/h4>\n                <div data-add-zero-cents=\"false\" class=\"u-product-control u-product-price u-product-price-2\">\n                  <div class=\"u-price-wrapper u-spacing-10\">\n                    <div class=\"u-hide-price u-old-price\" style=\"text-decoration: line-through !important;\">  <\/div>\n                    <div class=\"u-price u-text-palette-1-base\" style=\"font-size: 1.25rem; font-weight: 700;\"> <span class=\"woocommerce-Price-amount amount\"><bdi>34,00&nbsp;<span class=\"woocommerce-Price-currencySymbol\">&euro;<\/span><\/bdi><\/span><span style=\"color:rgb(0, 0, 0);margin-left: 6px;font-size: 94%;\"><\/span> <\/div>\n                  <\/div>\n                <\/div>\n                <a href=\"https:\/\/xn--frulein-wundershop-mtb.de\/index.php\/produkt\/wendekleidchen-kord-regenschirm-rot\/\" class=\"u-active-grey-75 u-border-none u-btn u-button-style u-hover-grey-75 u-palette-1-base u-product-control u-btn-2\" data-product-button-click-type=\"go-to-page\">Ansehen<\/a>\n              <\/div>\n            <\/div>\n            <div class=\"u-align-center u-border-1 u-border-grey-10 u-container-align-center u-container-style u-products-item u-repeater-item\">\n              <div class=\"u-container-layout u-similar-container u-container-layout-3\">\n                <img alt=\"\" class=\"u-expanded-width u-image u-image-contain u-image-default u-product-control lazyload u-image-3\" data-src=\"https:\/\/xn--frulein-wundershop-mtb.de\/wp-content\/uploads\/2025\/04\/DSC_23151-1.jpg\" style=\"cursor:pointer;\" data-product-control=\"https:\/\/xn--frulein-wundershop-mtb.de\/index.php\/produkt\/rock-stepper-mit-tasche\/\" loading=\"lazy\">\n                <h4 class=\"u-product-control u-text u-text-3\">\n                  <a class=\"u-product-title-link\" href=\"https:\/\/xn--frulein-wundershop-mtb.de\/index.php\/produkt\/rock-stepper-mit-tasche\/\">Rock Stepper mit Tasche<\/a>\n                <\/h4>\n                <div data-add-zero-cents=\"false\" class=\"u-product-control u-product-price u-product-price-3\">\n                  <div class=\"u-price-wrapper u-spacing-10\">\n                    <div class=\"u-hide-price u-old-price\" style=\"text-decoration: line-through !important;\">  <\/div>\n                    <div class=\"u-price u-text-palette-1-base\" style=\"font-size: 1.25rem; font-weight: 700;\"> <span class=\"woocommerce-Price-amount amount\"><bdi>24,00&nbsp;<span class=\"woocommerce-Price-currencySymbol\">&euro;<\/span><\/bdi><\/span><span style=\"color:rgb(0, 0, 0);margin-left: 6px;font-size: 94%;\"><\/span> <\/div>\n                  <\/div>\n                <\/div>\n                <a href=\"https:\/\/xn--frulein-wundershop-mtb.de\/index.php\/produkt\/rock-stepper-mit-tasche\/\" class=\"u-active-grey-75 u-border-none u-btn u-button-style u-hover-grey-75 u-palette-1-base u-product-control u-btn-3\" data-product-button-click-type=\"go-to-page\">Ansehen<\/a>\n              <\/div>\n            <\/div>\n            <div class=\"u-align-center u-border-1 u-border-grey-10 u-container-align-center u-container-style u-products-item u-repeater-item\">\n              <div class=\"u-container-layout u-similar-container u-container-layout-4\">\n                <img alt=\"\" class=\"u-expanded-width u-image u-image-contain u-image-default u-product-control lazyload u-image-4\" data-src=\"https:\/\/xn--frulein-wundershop-mtb.de\/wp-content\/uploads\/2025\/04\/WP_20171106_10_15_03_Rich_LI-1.jpg\" style=\"cursor:pointer;\" data-product-control=\"https:\/\/xn--frulein-wundershop-mtb.de\/index.php\/produkt\/wollwalk-kleidchen-rot\/\" loading=\"lazy\">\n                <h4 class=\"u-product-control u-text u-text-4\">\n                  <a class=\"u-product-title-link\" href=\"https:\/\/xn--frulein-wundershop-mtb.de\/index.php\/produkt\/wollwalk-kleidchen-rot\/\">Wollwalk Kleidchen Rot<\/a>\n                <\/h4>\n                <div data-add-zero-cents=\"false\" class=\"u-product-control u-product-price u-product-price-4\">\n                  <div class=\"u-price-wrapper u-spacing-10\">\n                    <div class=\"u-hide-price u-old-price\" style=\"text-decoration: line-through !important;\">  <\/div>\n                    <div class=\"u-price u-text-palette-1-base\" style=\"font-size: 1.25rem; font-weight: 700;\"> <span class=\"woocommerce-Price-amount amount\"><bdi>34,00&nbsp;<span class=\"woocommerce-Price-currencySymbol\">&euro;<\/span><\/bdi><\/span><span style=\"color:rgb(0, 0, 0);margin-left: 6px;font-size: 94%;\"><\/span> <\/div>\n                  <\/div>\n                <\/div>\n                <a href=\"https:\/\/xn--frulein-wundershop-mtb.de\/index.php\/produkt\/wollwalk-kleidchen-rot\/\" class=\"u-active-grey-75 u-border-none u-btn u-button-style u-hover-grey-75 u-palette-1-base u-product-control u-btn-4\" data-product-button-click-type=\"go-to-page\">Ansehen<\/a>\n              <\/div>\n            <\/div>\n            <div class=\"u-align-center u-border-1 u-border-grey-10 u-container-align-center u-container-style u-products-item u-repeater-item\">\n              <div class=\"u-container-layout u-similar-container u-container-layout-5\">\n                <img alt=\"\" class=\"u-expanded-width u-image u-image-contain u-image-default u-product-control lazyload u-image-5\" data-src=\"https:\/\/xn--frulein-wundershop-mtb.de\/wp-content\/uploads\/2025\/04\/WP_20171106_10_16_10_Rich_LI-1.jpg\" style=\"cursor:pointer;\" data-product-control=\"https:\/\/xn--frulein-wundershop-mtb.de\/index.php\/produkt\/wollwalk-kleidchen-gruen\/\" loading=\"lazy\">\n                <h4 class=\"u-product-control u-text u-text-5\">\n                  <a class=\"u-product-title-link\" href=\"https:\/\/xn--frulein-wundershop-mtb.de\/index.php\/produkt\/wollwalk-kleidchen-gruen\/\">Wollwalk Kleidchen Gr\u00fcn<\/a>\n                <\/h4>\n                <div data-add-zero-cents=\"false\" class=\"u-product-control u-product-price u-product-price-5\">\n                  <div class=\"u-price-wrapper u-spacing-10\">\n                    <div class=\"u-hide-price u-old-price\" style=\"text-decoration: line-through !important;\">  <\/div>\n                    <div class=\"u-price u-text-palette-1-base\" style=\"font-size: 1.25rem; font-weight: 700;\"> <span class=\"woocommerce-Price-amount amount\"><bdi>34,00&nbsp;<span class=\"woocommerce-Price-currencySymbol\">&euro;<\/span><\/bdi><\/span><span style=\"color:rgb(0, 0, 0);margin-left: 6px;font-size: 94%;\"><\/span> <\/div>\n                  <\/div>\n                <\/div>\n                <a href=\"https:\/\/xn--frulein-wundershop-mtb.de\/index.php\/produkt\/wollwalk-kleidchen-gruen\/\" class=\"u-active-grey-75 u-border-none u-btn u-button-style u-hover-grey-75 u-palette-1-base u-product-control u-btn-5\" data-product-button-click-type=\"go-to-page\">Ansehen<\/a>\n              <\/div>\n            <\/div>\n            <div class=\"u-align-center u-border-1 u-border-grey-10 u-container-align-center u-container-style u-products-item u-repeater-item\">\n              <div class=\"u-container-layout u-similar-container u-container-layout-1\">\n                <img alt=\"\" class=\"u-expanded-width u-image u-image-contain u-image-default u-product-control lazyload u-image-1\" data-src=\"https:\/\/xn--frulein-wundershop-mtb.de\/wp-content\/uploads\/2025\/04\/WP_20171106_10_14_29_Rich_LI-1.jpg\" style=\"cursor:pointer;\" data-product-control=\"https:\/\/xn--frulein-wundershop-mtb.de\/index.php\/produkt\/wollwalk-kleidchen-tuerkis\/\" loading=\"lazy\">\n                <h4 class=\"u-product-control u-text u-text-1\">\n                  <a class=\"u-product-title-link\" href=\"https:\/\/xn--frulein-wundershop-mtb.de\/index.php\/produkt\/wollwalk-kleidchen-tuerkis\/\">Wollwalk Kleidchen T\u00fcrkis<\/a>\n                <\/h4>\n                <div data-add-zero-cents=\"false\" class=\"u-product-control u-product-price u-product-price-1\">\n                  <div class=\"u-price-wrapper u-spacing-10\">\n                    <div class=\"u-hide-price u-old-price\" style=\"text-decoration: line-through !important;\">  <\/div>\n                    <div class=\"u-price u-text-palette-1-base\" style=\"font-size: 1.25rem; font-weight: 700;\"> <span class=\"woocommerce-Price-amount amount\"><bdi>34,00&nbsp;<span class=\"woocommerce-Price-currencySymbol\">&euro;<\/span><\/bdi><\/span><span style=\"color:rgb(0, 0, 0);margin-left: 6px;font-size: 94%;\"><\/span> <\/div>\n                  <\/div>\n                <\/div>\n                <a href=\"https:\/\/xn--frulein-wundershop-mtb.de\/index.php\/produkt\/wollwalk-kleidchen-tuerkis\/\" class=\"u-active-grey-75 u-border-none u-btn u-button-style u-hover-grey-75 u-palette-1-base u-product-control u-btn-1\" data-product-button-click-type=\"go-to-page\">Ansehen<\/a>\n              <\/div>\n            <\/div>\n          <\/div>\n          <div class=\"u-list-control\"><\/div>\n        <\/div>\n      <\/div>\n    <\/section>\n    \n    \n    \n    \n  \n","protected":false},"excerpt":{"rendered":"<p>Kleider f\u00fcr Kinder Kaufe hier handgen\u00e4hte Kleider aus Baumwolljersey, Fleece, Kord oder Leinen. Die Kleider wachsen lange mit und sind am Ende gut als Tunika \u00fcber Jeans tragbar.Die Wendesch\u00fcrzen (auch Pippisch\u00fcrze genannt) passen durch das Tr\u00e4gersystem mindestens 3 Jahre lang. Neue Stoffe und Muster erweitern st\u00e4ndig die individuelle Kollektion. Wendekleidchen Kord Regenschirm Gelb 34,00&nbsp;&euro; Ansehen &hellip; <a href=\"https:\/\/xn--frulein-wundershop-mtb.de\/index.php\/kinderkleider\/\" class=\"more-link\">Continue reading<span class=\"screen-reader-text\"> &#8222;Kinderkleider&#8220;<\/span><\/a><\/p>\n","protected":false},"author":1,"featured_media":0,"parent":0,"menu_order":28,"comment_status":"closed","ping_status":"closed","template":"","meta":{"footnotes":""},"class_list":["post-76","page","type-page","status-publish","hentry"],"_links":{"self":[{"href":"https:\/\/xn--frulein-wundershop-mtb.de\/index.php\/wp-json\/wp\/v2\/pages\/76","targetHints":{"allow":["GET"]}}],"collection":[{"href":"https:\/\/xn--frulein-wundershop-mtb.de\/index.php\/wp-json\/wp\/v2\/pages"}],"about":[{"href":"https:\/\/xn--frulein-wundershop-mtb.de\/index.php\/wp-json\/wp\/v2\/types\/page"}],"author":[{"embeddable":true,"href":"https:\/\/xn--frulein-wundershop-mtb.de\/index.php\/wp-json\/wp\/v2\/users\/1"}],"replies":[{"embeddable":true,"href":"https:\/\/xn--frulein-wundershop-mtb.de\/index.php\/wp-json\/wp\/v2\/comments?post=76"}],"version-history":[{"count":2,"href":"https:\/\/xn--frulein-wundershop-mtb.de\/index.php\/wp-json\/wp\/v2\/pages\/76\/revisions"}],"predecessor-version":[{"id":1113,"href":"https:\/\/xn--frulein-wundershop-mtb.de\/index.php\/wp-json\/wp\/v2\/pages\/76\/revisions\/1113"}],"wp:attachment":[{"href":"https:\/\/xn--frulein-wundershop-mtb.de\/index.php\/wp-json\/wp\/v2\/media?parent=76"}],"curies":[{"name":"wp","href":"https:\/\/api.w.org\/{rel}","templated":true}]}}