{"id":78,"date":"2025-04-06T21:15:15","date_gmt":"2025-04-06T19:15:15","guid":{"rendered":"https:\/\/xn--frulein-wundershop-mtb.de\/index.php\/wintermuetzen\/"},"modified":"2025-04-06T21:15:21","modified_gmt":"2025-04-06T19:15:21","slug":"wintermuetzen","status":"publish","type":"page","link":"https:\/\/xn--frulein-wundershop-mtb.de\/index.php\/wintermuetzen\/","title":{"rendered":"Winterm\u00fctzen"},"content":{"rendered":"\n  \n    <section class=\"u-clearfix u-section-1\" id=\"sec-0317\">\n      <div class=\"u-clearfix u-sheet u-valign-middle u-sheet-1\">\n        <h1 class=\"u-text u-text-default u-text-1\"> Kuschelig durch den Winter<\/h1>\n        <p class=\"u-text u-text-default u-text-2\"> Sch\u00f6ne, warme M\u00fctzen f\u00fcr die kalten Wintertage.&nbsp;Mit der Schalm\u00fctze sind Hals und Nacken sind immer bedeckt und so vor K\u00e4lte gesch\u00fctzt.Auch die klassische Zipfelm\u00fctze gibt es hier aus Bio-Baumwoll- oder Polyesterfleece, passend dazu Loop , Halstuch oder F\u00e4ustlinge<br>\n        <\/p>\n      <\/div>\n    <\/section>\n    <section class=\"u-clearfix u-section-2\" id=\"sec-c51b\">\n      <div class=\"u-clearfix u-sheet u-sheet-1\"><!--products_options_json--><!--{\"type\":\"products-category\",\"source\":\"Winterm\u00fctzen\",\"tags\":\"\",\"count\":\"50\"}--><!--\/products_options_json-->\n        <div class=\"u-expanded-width u-products u-products-1 u-cms u-hidden-visibility\"  data-site-sorting-prop=\"created\" data-site-sorting-order=\"desc\" data-max-items=\"50\" data-products-id=\"1\" data-products-datasource=\"cms\" data-items-per-page=\"6\" data-payment-service=\"5e4d2a0d10963c7ec8efd1d16bedf508\" data-site-category=\"8\">\n          <div class=\"u-list-control\"><\/div>\n          <div class=\"u-repeater u-repeater-1\">\n            <div class=\"u-align-center u-border-1 u-border-grey-10 u-container-align-center u-container-style u-products-item u-repeater-item\">\n              <div class=\"u-container-layout u-similar-container u-container-layout-1\">\n                <img alt=\"\" class=\"u-expanded-width u-image u-image-contain u-image-default u-product-control lazyload u-image-1\" data-src=\"https:\/\/xn--frulein-wundershop-mtb.de\/wp-content\/uploads\/2025\/04\/DSC_0616-1.jpg\" style=\"cursor:pointer;\" data-product-control=\"https:\/\/xn--frulein-wundershop-mtb.de\/index.php\/produkt\/schalmuetze-baumwollfleece-altrosa\/\" loading=\"lazy\">\n                <h4 class=\"u-product-control u-text u-text-1\">\n                  <a class=\"u-product-title-link\" href=\"https:\/\/xn--frulein-wundershop-mtb.de\/index.php\/produkt\/schalmuetze-baumwollfleece-altrosa\/\">Schalm\u00fctze Baumwollfleece Altrosa<\/a>\n                <\/h4>\n                <div data-add-zero-cents=\"false\" class=\"u-product-control u-product-price u-product-price-1\">\n                  <div class=\"u-price-wrapper u-spacing-10\">\n                    <div class=\"u-hide-price u-old-price\" style=\"text-decoration: line-through !important;\">  <\/div>\n                    <div class=\"u-price u-text-palette-1-base\" style=\"font-size: 1.25rem; font-weight: 700;\"> <span class=\"woocommerce-Price-amount amount\"><bdi>24,00&nbsp;<span class=\"woocommerce-Price-currencySymbol\">&euro;<\/span><\/bdi><\/span><span style=\"color:rgb(0, 0, 0);margin-left: 6px;font-size: 94%;\"><\/span> <\/div>\n                  <\/div>\n                <\/div>\n                <a href=\"https:\/\/xn--frulein-wundershop-mtb.de\/index.php\/produkt\/schalmuetze-baumwollfleece-altrosa\/\" class=\"u-active-grey-75 u-border-none u-btn u-button-style u-hover-grey-75 u-palette-1-base u-product-control u-btn-1\" data-product-button-click-type=\"go-to-page\">Ansehen<\/a>\n              <\/div>\n            <\/div>\n            <div class=\"u-align-center u-border-1 u-border-grey-10 u-container-align-center u-container-style u-products-item u-repeater-item\">\n              <div class=\"u-container-layout u-similar-container u-container-layout-2\">\n                <img alt=\"\" class=\"u-expanded-width u-image u-image-contain u-image-default u-product-control lazyload u-image-2\" data-src=\"https:\/\/xn--frulein-wundershop-mtb.de\/wp-content\/uploads\/2025\/04\/DSC_0605-1.jpg\" style=\"cursor:pointer;\" data-product-control=\"https:\/\/xn--frulein-wundershop-mtb.de\/index.php\/produkt\/schalmuetze-baumwollfleece-hellblau\/\" loading=\"lazy\">\n                <h4 class=\"u-product-control u-text u-text-2\">\n                  <a class=\"u-product-title-link\" href=\"https:\/\/xn--frulein-wundershop-mtb.de\/index.php\/produkt\/schalmuetze-baumwollfleece-hellblau\/\">Schalm\u00fctze Baumwollfleece Hellblau<\/a>\n                <\/h4>\n                <div data-add-zero-cents=\"false\" class=\"u-product-control u-product-price u-product-price-2\">\n                  <div class=\"u-price-wrapper u-spacing-10\">\n                    <div class=\"u-hide-price u-old-price\" style=\"text-decoration: line-through !important;\">  <\/div>\n                    <div class=\"u-price u-text-palette-1-base\" style=\"font-size: 1.25rem; font-weight: 700;\"> <span class=\"woocommerce-Price-amount amount\"><bdi>24,00&nbsp;<span class=\"woocommerce-Price-currencySymbol\">&euro;<\/span><\/bdi><\/span><span style=\"color:rgb(0, 0, 0);margin-left: 6px;font-size: 94%;\"><\/span> <\/div>\n                  <\/div>\n                <\/div>\n                <a href=\"https:\/\/xn--frulein-wundershop-mtb.de\/index.php\/produkt\/schalmuetze-baumwollfleece-hellblau\/\" class=\"u-active-grey-75 u-border-none u-btn u-button-style u-hover-grey-75 u-palette-1-base u-product-control u-btn-2\" data-product-button-click-type=\"go-to-page\">Ansehen<\/a>\n              <\/div>\n            <\/div>\n            <div class=\"u-align-center u-border-1 u-border-grey-10 u-container-align-center u-container-style u-products-item u-repeater-item\">\n              <div class=\"u-container-layout u-similar-container u-container-layout-3\">\n                <img alt=\"\" class=\"u-expanded-width u-image u-image-contain u-image-default u-product-control lazyload u-image-3\" data-src=\"https:\/\/xn--frulein-wundershop-mtb.de\/wp-content\/uploads\/2025\/04\/PXL_20251123_121700742-scaled-e1765356566106.jpg\" style=\"cursor:pointer;\" data-product-control=\"https:\/\/xn--frulein-wundershop-mtb.de\/index.php\/produkt\/schalmuetze-fleece\/\" loading=\"lazy\">\n                <h4 class=\"u-product-control u-text u-text-3\">\n                  <a class=\"u-product-title-link\" href=\"https:\/\/xn--frulein-wundershop-mtb.de\/index.php\/produkt\/schalmuetze-fleece\/\">Schalm\u00fctze Fleece<\/a>\n                <\/h4>\n                <div data-add-zero-cents=\"false\" class=\"u-product-control u-product-price u-product-price-3\">\n                  <div class=\"u-price-wrapper u-spacing-10\">\n                    <div class=\"u-hide-price u-old-price\" style=\"text-decoration: line-through !important;\">  <\/div>\n                    <div class=\"u-price u-text-palette-1-base\" style=\"font-size: 1.25rem; font-weight: 700;\"> <span class=\"woocommerce-Price-amount amount\"><bdi>20,00&nbsp;<span class=\"woocommerce-Price-currencySymbol\">&euro;<\/span><\/bdi><\/span> - <span class=\"woocommerce-Price-amount amount\"><bdi>26,00&nbsp;<span class=\"woocommerce-Price-currencySymbol\">&euro;<\/span><\/bdi><\/span><span style=\"color:rgb(0, 0, 0);margin-left: 6px;font-size: 94%;\"><\/span> <\/div>\n                  <\/div>\n                <\/div>\n                <a href=\"https:\/\/xn--frulein-wundershop-mtb.de\/index.php\/produkt\/schalmuetze-fleece\/\" class=\"u-active-grey-75 u-border-none u-btn u-button-style u-hover-grey-75 u-palette-1-base u-product-control u-btn-3\" data-product-button-click-type=\"go-to-page\">Ansehen<\/a>\n              <\/div>\n            <\/div>\n            <div class=\"u-align-center u-border-1 u-border-grey-10 u-container-align-center u-container-style u-products-item u-repeater-item\">\n              <div class=\"u-container-layout u-similar-container u-container-layout-4\">\n                <img alt=\"\" class=\"u-expanded-width u-image u-image-contain u-image-default u-product-control lazyload u-image-4\" data-src=\"https:\/\/xn--frulein-wundershop-mtb.de\/wp-content\/uploads\/2025\/04\/PXL_20240919_0941175821-1.jpg\" style=\"cursor:pointer;\" data-product-control=\"https:\/\/xn--frulein-wundershop-mtb.de\/index.php\/produkt\/schalmuetze-baumwollfleece-beige\/\" loading=\"lazy\">\n                <h4 class=\"u-product-control u-text u-text-4\">\n                  <a class=\"u-product-title-link\" href=\"https:\/\/xn--frulein-wundershop-mtb.de\/index.php\/produkt\/schalmuetze-baumwollfleece-beige\/\">Schalm\u00fctze Baumwollfleece Beige<\/a>\n                <\/h4>\n                <div data-add-zero-cents=\"false\" class=\"u-product-control u-product-price u-product-price-4\">\n                  <div class=\"u-price-wrapper u-spacing-10\">\n                    <div class=\"u-hide-price u-old-price\" style=\"text-decoration: line-through !important;\">  <\/div>\n                    <div class=\"u-price u-text-palette-1-base\" style=\"font-size: 1.25rem; font-weight: 700;\"> <span class=\"woocommerce-Price-amount amount\"><bdi>24,00&nbsp;<span class=\"woocommerce-Price-currencySymbol\">&euro;<\/span><\/bdi><\/span><span style=\"color:rgb(0, 0, 0);margin-left: 6px;font-size: 94%;\"><\/span> <\/div>\n                  <\/div>\n                <\/div>\n                <a href=\"https:\/\/xn--frulein-wundershop-mtb.de\/index.php\/produkt\/schalmuetze-baumwollfleece-beige\/\" class=\"u-active-grey-75 u-border-none u-btn u-button-style u-hover-grey-75 u-palette-1-base u-product-control u-btn-4\" data-product-button-click-type=\"go-to-page\">Ansehen<\/a>\n              <\/div>\n            <\/div>\n            <div class=\"u-align-center u-border-1 u-border-grey-10 u-container-align-center u-container-style u-products-item u-repeater-item\">\n              <div class=\"u-container-layout u-similar-container u-container-layout-5\">\n                <img alt=\"\" class=\"u-expanded-width u-image u-image-contain u-image-default u-product-control lazyload u-image-5\" data-src=\"https:\/\/xn--frulein-wundershop-mtb.de\/wp-content\/uploads\/2025\/04\/Fleece-4-1.jpg\" style=\"cursor:pointer;\" data-product-control=\"https:\/\/xn--frulein-wundershop-mtb.de\/index.php\/produkt\/schalmuetze-fleece-nordic\/\" loading=\"lazy\">\n                <h4 class=\"u-product-control u-text u-text-5\">\n                  <a class=\"u-product-title-link\" href=\"https:\/\/xn--frulein-wundershop-mtb.de\/index.php\/produkt\/schalmuetze-fleece-nordic\/\">Schalm\u00fctze Fleece Nordic<\/a>\n                <\/h4>\n                <div data-add-zero-cents=\"false\" class=\"u-product-control u-product-price u-product-price-5\">\n                  <div class=\"u-price-wrapper u-spacing-10\">\n                    <div class=\"u-hide-price u-old-price\" style=\"text-decoration: line-through !important;\">  <\/div>\n                    <div class=\"u-price u-text-palette-1-base\" style=\"font-size: 1.25rem; font-weight: 700;\"> <span class=\"woocommerce-Price-amount amount\"><bdi>20,00&nbsp;<span class=\"woocommerce-Price-currencySymbol\">&euro;<\/span><\/bdi><\/span><span style=\"color:rgb(0, 0, 0);margin-left: 6px;font-size: 94%;\"><\/span> <\/div>\n                  <\/div>\n                <\/div>\n                <a href=\"https:\/\/xn--frulein-wundershop-mtb.de\/index.php\/produkt\/schalmuetze-fleece-nordic\/\" class=\"u-active-grey-75 u-border-none u-btn u-button-style u-hover-grey-75 u-palette-1-base u-product-control u-btn-5\" data-product-button-click-type=\"go-to-page\">Ansehen<\/a>\n              <\/div>\n            <\/div>\n            <div class=\"u-align-center u-border-1 u-border-grey-10 u-container-align-center u-container-style u-products-item u-repeater-item\">\n              <div class=\"u-container-layout u-similar-container u-container-layout-1\">\n                <img alt=\"\" class=\"u-expanded-width u-image u-image-contain u-image-default u-product-control lazyload u-image-1\" data-src=\"https:\/\/xn--frulein-wundershop-mtb.de\/wp-content\/uploads\/2025\/04\/MtzeausWollwalk2-1.jpg\" style=\"cursor:pointer;\" data-product-control=\"https:\/\/xn--frulein-wundershop-mtb.de\/index.php\/produkt\/muetze-wollwalk\/\" loading=\"lazy\">\n                <h4 class=\"u-product-control u-text u-text-1\">\n                  <a class=\"u-product-title-link\" href=\"https:\/\/xn--frulein-wundershop-mtb.de\/index.php\/produkt\/muetze-wollwalk\/\">M\u00fctze Wollwalk<\/a>\n                <\/h4>\n                <div data-add-zero-cents=\"false\" class=\"u-product-control u-product-price u-product-price-1\">\n                  <div class=\"u-price-wrapper u-spacing-10\">\n                    <div class=\"u-hide-price u-old-price\" style=\"text-decoration: line-through !important;\">  <\/div>\n                    <div class=\"u-price u-text-palette-1-base\" style=\"font-size: 1.25rem; font-weight: 700;\"> <span class=\"woocommerce-Price-amount amount\"><bdi>20,00&nbsp;<span class=\"woocommerce-Price-currencySymbol\">&euro;<\/span><\/bdi><\/span><span style=\"color:rgb(0, 0, 0);margin-left: 6px;font-size: 94%;\"><\/span> <\/div>\n                  <\/div>\n                <\/div>\n                <a href=\"https:\/\/xn--frulein-wundershop-mtb.de\/index.php\/produkt\/muetze-wollwalk\/\" class=\"u-active-grey-75 u-border-none u-btn u-button-style u-hover-grey-75 u-palette-1-base u-product-control u-btn-1\" data-product-button-click-type=\"go-to-page\">Ansehen<\/a>\n              <\/div>\n            <\/div>\n            <div class=\"u-align-center u-border-1 u-border-grey-10 u-container-align-center u-container-style u-products-item u-repeater-item\">\n              <div class=\"u-container-layout u-similar-container u-container-layout-2\">\n                <img alt=\"\" class=\"u-expanded-width u-image u-image-contain u-image-default u-product-control lazyload u-image-2\" data-src=\"https:\/\/xn--frulein-wundershop-mtb.de\/wp-content\/uploads\/2025\/04\/MtzeausWollwalk1-1.jpg\" style=\"cursor:pointer;\" data-product-control=\"https:\/\/xn--frulein-wundershop-mtb.de\/index.php\/produkt\/muetze-wollwalk-violett\/\" loading=\"lazy\">\n                <h4 class=\"u-product-control u-text u-text-2\">\n                  <a class=\"u-product-title-link\" href=\"https:\/\/xn--frulein-wundershop-mtb.de\/index.php\/produkt\/muetze-wollwalk-violett\/\">M\u00fctze Wollwalk Violett<\/a>\n                <\/h4>\n                <div data-add-zero-cents=\"false\" class=\"u-product-control u-product-price u-product-price-2\">\n                  <div class=\"u-price-wrapper u-spacing-10\">\n                    <div class=\"u-hide-price u-old-price\" style=\"text-decoration: line-through !important;\">  <\/div>\n                    <div class=\"u-price u-text-palette-1-base\" style=\"font-size: 1.25rem; font-weight: 700;\"> <span class=\"woocommerce-Price-amount amount\"><bdi>20,00&nbsp;<span class=\"woocommerce-Price-currencySymbol\">&euro;<\/span><\/bdi><\/span><span style=\"color:rgb(0, 0, 0);margin-left: 6px;font-size: 94%;\"><\/span> <\/div>\n                  <\/div>\n                <\/div>\n                <a href=\"https:\/\/xn--frulein-wundershop-mtb.de\/index.php\/produkt\/muetze-wollwalk-violett\/\" class=\"u-active-grey-75 u-border-none u-btn u-button-style u-hover-grey-75 u-palette-1-base u-product-control u-btn-2\" data-product-button-click-type=\"go-to-page\">Ansehen<\/a>\n              <\/div>\n            <\/div>\n            <div class=\"u-align-center u-border-1 u-border-grey-10 u-container-align-center u-container-style u-products-item u-repeater-item\">\n              <div class=\"u-container-layout u-similar-container u-container-layout-3\">\n                <img alt=\"\" class=\"u-expanded-width u-image u-image-contain u-image-default u-product-control lazyload u-image-3\" data-src=\"https:\/\/xn--frulein-wundershop-mtb.de\/wp-content\/uploads\/2025\/04\/Schirmmtze-petrol-1.jpg\" style=\"cursor:pointer;\" data-product-control=\"https:\/\/xn--frulein-wundershop-mtb.de\/index.php\/produkt\/schirmmuetze-wollwalk\/\" loading=\"lazy\">\n                <h4 class=\"u-product-control u-text u-text-3\">\n                  <a class=\"u-product-title-link\" href=\"https:\/\/xn--frulein-wundershop-mtb.de\/index.php\/produkt\/schirmmuetze-wollwalk\/\">Schirmm\u00fctze Wollwalk<\/a>\n                <\/h4>\n                <div data-add-zero-cents=\"false\" class=\"u-product-control u-product-price u-product-price-3\">\n                  <div class=\"u-price-wrapper u-spacing-10\">\n                    <div class=\"u-hide-price u-old-price\" style=\"text-decoration: line-through !important;\">  <\/div>\n                    <div class=\"u-price u-text-palette-1-base\" style=\"font-size: 1.25rem; font-weight: 700;\"> <span class=\"woocommerce-Price-amount amount\"><bdi>22,00&nbsp;<span class=\"woocommerce-Price-currencySymbol\">&euro;<\/span><\/bdi><\/span><span style=\"color:rgb(0, 0, 0);margin-left: 6px;font-size: 94%;\"><\/span> <\/div>\n                  <\/div>\n                <\/div>\n                <a href=\"https:\/\/xn--frulein-wundershop-mtb.de\/index.php\/produkt\/schirmmuetze-wollwalk\/\" class=\"u-active-grey-75 u-border-none u-btn u-button-style u-hover-grey-75 u-palette-1-base u-product-control u-btn-3\" data-product-button-click-type=\"go-to-page\">Ansehen<\/a>\n              <\/div>\n            <\/div>\n            <div class=\"u-align-center u-border-1 u-border-grey-10 u-container-align-center u-container-style u-products-item u-repeater-item\">\n              <div class=\"u-container-layout u-similar-container u-container-layout-4\">\n                <img alt=\"\" class=\"u-expanded-width u-image u-image-contain u-image-default u-product-control lazyload u-image-4\" data-src=\"https:\/\/xn--frulein-wundershop-mtb.de\/wp-content\/uploads\/2025\/04\/DSC_2609-1.jpg\" style=\"cursor:pointer;\" data-product-control=\"https:\/\/xn--frulein-wundershop-mtb.de\/index.php\/produkt\/zipfelmuetze-bio-baumwollfleece-anthrazit\/\" loading=\"lazy\">\n                <h4 class=\"u-product-control u-text u-text-4\">\n                  <a class=\"u-product-title-link\" href=\"https:\/\/xn--frulein-wundershop-mtb.de\/index.php\/produkt\/zipfelmuetze-bio-baumwollfleece-anthrazit\/\">Zipfelm\u00fctze Bio-Baumwollfleece Anthrazit<\/a>\n                <\/h4>\n                <div data-add-zero-cents=\"false\" class=\"u-product-control u-product-price u-product-price-4\">\n                  <div class=\"u-price-wrapper u-spacing-10\">\n                    <div class=\"u-hide-price u-old-price\" style=\"text-decoration: line-through !important;\">  <\/div>\n                    <div class=\"u-price u-text-palette-1-base\" style=\"font-size: 1.25rem; font-weight: 700;\"> <span class=\"woocommerce-Price-amount amount\"><bdi>18,00&nbsp;<span class=\"woocommerce-Price-currencySymbol\">&euro;<\/span><\/bdi><\/span><span style=\"color:rgb(0, 0, 0);margin-left: 6px;font-size: 94%;\"><\/span> <\/div>\n                  <\/div>\n                <\/div>\n                <a href=\"https:\/\/xn--frulein-wundershop-mtb.de\/index.php\/produkt\/zipfelmuetze-bio-baumwollfleece-anthrazit\/\" class=\"u-active-grey-75 u-border-none u-btn u-button-style u-hover-grey-75 u-palette-1-base u-product-control u-btn-4\" data-product-button-click-type=\"go-to-page\">Ansehen<\/a>\n              <\/div>\n            <\/div>\n            <div class=\"u-align-center u-border-1 u-border-grey-10 u-container-align-center u-container-style u-products-item u-repeater-item\">\n              <div class=\"u-container-layout u-similar-container u-container-layout-5\">\n                <img alt=\"\" class=\"u-expanded-width u-image u-image-contain u-image-default u-product-control lazyload u-image-5\" data-src=\"https:\/\/xn--frulein-wundershop-mtb.de\/wp-content\/uploads\/2025\/04\/DSC_5234-1.jpg\" style=\"cursor:pointer;\" data-product-control=\"https:\/\/xn--frulein-wundershop-mtb.de\/index.php\/produkt\/zipfelmuetze-bio-baumwollfleece-tuerkis\/\" loading=\"lazy\">\n                <h4 class=\"u-product-control u-text u-text-5\">\n                  <a class=\"u-product-title-link\" href=\"https:\/\/xn--frulein-wundershop-mtb.de\/index.php\/produkt\/zipfelmuetze-bio-baumwollfleece-tuerkis\/\">Zipfelm\u00fctze Bio-Baumwollfleece T\u00fcrkis<\/a>\n                <\/h4>\n                <div data-add-zero-cents=\"false\" class=\"u-product-control u-product-price u-product-price-5\">\n                  <div class=\"u-price-wrapper u-spacing-10\">\n                    <div class=\"u-hide-price u-old-price\" style=\"text-decoration: line-through !important;\">  <\/div>\n                    <div class=\"u-price u-text-palette-1-base\" style=\"font-size: 1.25rem; font-weight: 700;\"> <span class=\"woocommerce-Price-amount amount\"><bdi>18,00&nbsp;<span class=\"woocommerce-Price-currencySymbol\">&euro;<\/span><\/bdi><\/span><span style=\"color:rgb(0, 0, 0);margin-left: 6px;font-size: 94%;\"><\/span> <\/div>\n                  <\/div>\n                <\/div>\n                <a href=\"https:\/\/xn--frulein-wundershop-mtb.de\/index.php\/produkt\/zipfelmuetze-bio-baumwollfleece-tuerkis\/\" class=\"u-active-grey-75 u-border-none u-btn u-button-style u-hover-grey-75 u-palette-1-base u-product-control u-btn-5\" data-product-button-click-type=\"go-to-page\">Ansehen<\/a>\n              <\/div>\n            <\/div>\n            <div class=\"u-align-center u-border-1 u-border-grey-10 u-container-align-center u-container-style u-products-item u-repeater-item\">\n              <div class=\"u-container-layout u-similar-container u-container-layout-1\">\n                <img alt=\"\" class=\"u-expanded-width u-image u-image-contain u-image-default u-product-control lazyload u-image-1\" data-src=\"https:\/\/xn--frulein-wundershop-mtb.de\/wp-content\/uploads\/2025\/04\/DSC_2608-1.jpg\" style=\"cursor:pointer;\" data-product-control=\"https:\/\/xn--frulein-wundershop-mtb.de\/index.php\/produkt\/zipfelmuetze-bio-baumwollfleece-rosa\/\" loading=\"lazy\">\n                <h4 class=\"u-product-control u-text u-text-1\">\n                  <a class=\"u-product-title-link\" href=\"https:\/\/xn--frulein-wundershop-mtb.de\/index.php\/produkt\/zipfelmuetze-bio-baumwollfleece-rosa\/\">Zipfelm\u00fctze Bio-Baumwollfleece Rosa<\/a>\n                <\/h4>\n                <div data-add-zero-cents=\"false\" class=\"u-product-control u-product-price u-product-price-1\">\n                  <div class=\"u-price-wrapper u-spacing-10\">\n                    <div class=\"u-hide-price u-old-price\" style=\"text-decoration: line-through !important;\">  <\/div>\n                    <div class=\"u-price u-text-palette-1-base\" style=\"font-size: 1.25rem; font-weight: 700;\"> <span class=\"woocommerce-Price-amount amount\"><bdi>18,00&nbsp;<span class=\"woocommerce-Price-currencySymbol\">&euro;<\/span><\/bdi><\/span><span style=\"color:rgb(0, 0, 0);margin-left: 6px;font-size: 94%;\"><\/span> <\/div>\n                  <\/div>\n                <\/div>\n                <a href=\"https:\/\/xn--frulein-wundershop-mtb.de\/index.php\/produkt\/zipfelmuetze-bio-baumwollfleece-rosa\/\" class=\"u-active-grey-75 u-border-none u-btn u-button-style u-hover-grey-75 u-palette-1-base u-product-control u-btn-1\" data-product-button-click-type=\"go-to-page\">Ansehen<\/a>\n              <\/div>\n            <\/div>\n            <div class=\"u-align-center u-border-1 u-border-grey-10 u-container-align-center u-container-style u-products-item u-repeater-item\">\n              <div class=\"u-container-layout u-similar-container u-container-layout-2\">\n                <img alt=\"\" class=\"u-expanded-width u-image u-image-contain u-image-default u-product-control lazyload u-image-2\" data-src=\"https:\/\/xn--frulein-wundershop-mtb.de\/wp-content\/uploads\/2025\/04\/DSC_059011-1.jpg\" style=\"cursor:pointer;\" data-product-control=\"https:\/\/xn--frulein-wundershop-mtb.de\/index.php\/produkt\/zipfelmuetze-fleece\/\" loading=\"lazy\">\n                <h4 class=\"u-product-control u-text u-text-2\">\n                  <a class=\"u-product-title-link\" href=\"https:\/\/xn--frulein-wundershop-mtb.de\/index.php\/produkt\/zipfelmuetze-fleece\/\">Zipfelm\u00fctze Fleece<\/a>\n                <\/h4>\n                <div data-add-zero-cents=\"false\" class=\"u-product-control u-product-price u-product-price-2\">\n                  <div class=\"u-price-wrapper u-spacing-10\">\n                    <div class=\"u-hide-price u-old-price\" style=\"text-decoration: line-through !important;\">  <\/div>\n                    <div class=\"u-price u-text-palette-1-base\" style=\"font-size: 1.25rem; font-weight: 700;\"> <span class=\"woocommerce-Price-amount amount\"><bdi>14,00&nbsp;<span class=\"woocommerce-Price-currencySymbol\">&euro;<\/span><\/bdi><\/span><span style=\"color:rgb(0, 0, 0);margin-left: 6px;font-size: 94%;\"><\/span> <\/div>\n                  <\/div>\n                <\/div>\n                <a href=\"https:\/\/xn--frulein-wundershop-mtb.de\/index.php\/produkt\/zipfelmuetze-fleece\/\" class=\"u-active-grey-75 u-border-none u-btn u-button-style u-hover-grey-75 u-palette-1-base u-product-control u-btn-2\" data-product-button-click-type=\"go-to-page\">Ansehen<\/a>\n              <\/div>\n            <\/div>\n          <\/div>\n          <div class=\"u-list-control\"><\/div>\n        <\/div>\n      <\/div>\n    <\/section>\n    \n    \n    \n    \n    \n  \n","protected":false},"excerpt":{"rendered":"<p>Kuschelig durch den Winter Sch\u00f6ne, warme M\u00fctzen f\u00fcr die kalten Wintertage.&nbsp;Mit der Schalm\u00fctze sind Hals und Nacken sind immer bedeckt und so vor K\u00e4lte gesch\u00fctzt.Auch die klassische Zipfelm\u00fctze gibt es hier aus Bio-Baumwoll- oder Polyesterfleece, passend dazu Loop , Halstuch oder F\u00e4ustlinge Schalm\u00fctze Baumwollfleece Altrosa 24,00&nbsp;&euro; Ansehen Schalm\u00fctze Baumwollfleece Hellblau 24,00&nbsp;&euro; Ansehen Schalm\u00fctze Fleece 20,00&nbsp;&euro; &hellip; <a href=\"https:\/\/xn--frulein-wundershop-mtb.de\/index.php\/wintermuetzen\/\" class=\"more-link\">Continue reading<span class=\"screen-reader-text\"> &#8222;Winterm\u00fctzen&#8220;<\/span><\/a><\/p>\n","protected":false},"author":1,"featured_media":0,"parent":0,"menu_order":30,"comment_status":"closed","ping_status":"closed","template":"","meta":{"footnotes":""},"class_list":["post-78","page","type-page","status-publish","hentry"],"_links":{"self":[{"href":"https:\/\/xn--frulein-wundershop-mtb.de\/index.php\/wp-json\/wp\/v2\/pages\/78","targetHints":{"allow":["GET"]}}],"collection":[{"href":"https:\/\/xn--frulein-wundershop-mtb.de\/index.php\/wp-json\/wp\/v2\/pages"}],"about":[{"href":"https:\/\/xn--frulein-wundershop-mtb.de\/index.php\/wp-json\/wp\/v2\/types\/page"}],"author":[{"embeddable":true,"href":"https:\/\/xn--frulein-wundershop-mtb.de\/index.php\/wp-json\/wp\/v2\/users\/1"}],"replies":[{"embeddable":true,"href":"https:\/\/xn--frulein-wundershop-mtb.de\/index.php\/wp-json\/wp\/v2\/comments?post=78"}],"version-history":[{"count":1,"href":"https:\/\/xn--frulein-wundershop-mtb.de\/index.php\/wp-json\/wp\/v2\/pages\/78\/revisions"}],"predecessor-version":[{"id":108,"href":"https:\/\/xn--frulein-wundershop-mtb.de\/index.php\/wp-json\/wp\/v2\/pages\/78\/revisions\/108"}],"wp:attachment":[{"href":"https:\/\/xn--frulein-wundershop-mtb.de\/index.php\/wp-json\/wp\/v2\/media?parent=78"}],"curies":[{"name":"wp","href":"https:\/\/api.w.org\/{rel}","templated":true}]}}