{"id":1055,"date":"2025-04-06T21:30:22","date_gmt":"2025-04-06T19:30:22","guid":{"rendered":"https:\/\/xn--frulein-wundershop-mtb.de\/?post_type=product&#038;p=1055"},"modified":"2025-04-06T21:30:40","modified_gmt":"2025-04-06T19:30:40","slug":"handschuhe-anthrazit","status":"publish","type":"product","link":"https:\/\/xn--frulein-wundershop-mtb.de\/index.php\/produkt\/handschuhe-anthrazit\/","title":{"rendered":"Handschuhe Anthrazit"},"content":{"rendered":"<p>Weiche Handschuhe\/ F\u00e4ustlinge aus w\u00e4rmendem Bio- Baumwollfleece.<br \/>\nNicht so dick wie Strickhandschuhe, deshalb sind sie auch schon im \u00dcbergang oder auf dem Fahrrad nicht mehr wegzudenken.<\/p>\n<p>30 Grad- Feinw\u00e4sche, in Form ziehen, nach dem Trocknen frottee\u00e4hnliche Oberfl\u00e4che mit Handb\u00fcrste aufb\u00fcrsten, oder so lassen \ud83d\ude09<\/p>\n","protected":false},"excerpt":{"rendered":"<p>Weiche Handschuhe\/ F\u00e4ustlinge aus w\u00e4rmendem Bio- Baumwollfleece. Nicht so dick wie Strickhandschuhe, deshalb sind sie auch schon im \u00dcbergang oder auf dem Fahrrad nicht mehr wegzudenken. 30 Grad- Feinw\u00e4sche, in Form ziehen, nach dem Trocknen frottee\u00e4hnliche Oberfl\u00e4che mit Handb\u00fcrste aufb\u00fcrsten, oder so lassen \ud83d\ude09<\/p>\n","protected":false},"featured_media":1060,"comment_status":"open","ping_status":"closed","template":"","meta":[],"product_brand":[],"product_cat":[44],"product_tag":[],"class_list":{"0":"post-1055","1":"product","2":"type-product","3":"status-publish","4":"has-post-thumbnail","6":"product_cat-handschuhe","7":"product_shipping_class-normal","9":"first","10":"instock","11":"shipping-taxable","12":"purchasable","13":"product-type-variable"},"_links":{"self":[{"href":"https:\/\/xn--frulein-wundershop-mtb.de\/index.php\/wp-json\/wp\/v2\/product\/1055","targetHints":{"allow":["GET"]}}],"collection":[{"href":"https:\/\/xn--frulein-wundershop-mtb.de\/index.php\/wp-json\/wp\/v2\/product"}],"about":[{"href":"https:\/\/xn--frulein-wundershop-mtb.de\/index.php\/wp-json\/wp\/v2\/types\/product"}],"replies":[{"embeddable":true,"href":"https:\/\/xn--frulein-wundershop-mtb.de\/index.php\/wp-json\/wp\/v2\/comments?post=1055"}],"wp:featuredmedia":[{"embeddable":true,"href":"https:\/\/xn--frulein-wundershop-mtb.de\/index.php\/wp-json\/wp\/v2\/media\/1060"}],"wp:attachment":[{"href":"https:\/\/xn--frulein-wundershop-mtb.de\/index.php\/wp-json\/wp\/v2\/media?parent=1055"}],"wp:term":[{"taxonomy":"product_brand","embeddable":true,"href":"https:\/\/xn--frulein-wundershop-mtb.de\/index.php\/wp-json\/wp\/v2\/product_brand?post=1055"},{"taxonomy":"product_cat","embeddable":true,"href":"https:\/\/xn--frulein-wundershop-mtb.de\/index.php\/wp-json\/wp\/v2\/product_cat?post=1055"},{"taxonomy":"product_tag","embeddable":true,"href":"https:\/\/xn--frulein-wundershop-mtb.de\/index.php\/wp-json\/wp\/v2\/product_tag?post=1055"}],"curies":[{"name":"wp","href":"https:\/\/api.w.org\/{rel}","templated":true}]}}