{"id":1447,"date":"2026-04-10T21:31:26","date_gmt":"2026-04-10T19:31:26","guid":{"rendered":"https:\/\/xn--frulein-wundershop-mtb.de\/?post_type=product&#038;p=1447"},"modified":"2026-04-10T21:42:26","modified_gmt":"2026-04-10T19:42:26","slug":"mini-musselin-halstuch","status":"publish","type":"product","link":"https:\/\/xn--frulein-wundershop-mtb.de\/index.php\/produkt\/mini-musselin-halstuch\/","title":{"rendered":"Mini-Musselin-Halstuch"},"content":{"rendered":"<p>Nach der Strickvariante gibt es die gem\u00fctlichen T\u00fccher jetzt auch aus leichter, weicher Musselin- Baumwolle. Als sch\u00f6nes Accessoire ein Hingucker im Alltag. Zweifarbig gen\u00e4ht , somit variierbar.<\/p>\n<p>Gr\u00f6\u00dfe 120 x 13 cm<\/p>\n<p>Material: 100% Baumwolle, \u00d6kotext Standard 100<\/p>\n<p>W\u00e4sche bei 30 Grad in der Maschine m\u00f6glich, l\u00e4uft eventuell ganz leicht ein (5-8%)<\/p>\n<p>handgen\u00e4ht in Schwerin\/ Deutschland<\/p>\n","protected":false},"excerpt":{"rendered":"<p>Nach der Strickvariante gibt es die gem\u00fctlichen T\u00fccher jetzt auch aus leichter, weicher Musselin- Baumwolle. Als sch\u00f6nes Accessoire ein Hingucker im Alltag. Zweifarbig gen\u00e4ht , somit variierbar. Gr\u00f6\u00dfe 120 x 13 cm Material: 100% Baumwolle, \u00d6kotext Standard 100 W\u00e4sche bei 30 Grad in der Maschine m\u00f6glich, l\u00e4uft eventuell ganz leicht ein (5-8%) handgen\u00e4ht in Schwerin\/ &hellip; <a href=\"https:\/\/xn--frulein-wundershop-mtb.de\/index.php\/produkt\/mini-musselin-halstuch\/\" class=\"more-link\">Continue reading<span class=\"screen-reader-text\"> &#8222;Mini-Musselin-Halstuch&#8220;<\/span><\/a><\/p>\n","protected":false},"featured_media":1442,"comment_status":"open","ping_status":"closed","template":"","meta":[],"product_brand":[],"product_cat":[24,29],"product_tag":[],"class_list":{"0":"post-1447","1":"product","2":"type-product","3":"status-publish","4":"has-post-thumbnail","6":"product_cat-fuer-grosse","7":"product_cat-tuecher","8":"product_shipping_class-normal","10":"first","11":"instock","12":"shipping-taxable","13":"purchasable","14":"product-type-variable"},"_links":{"self":[{"href":"https:\/\/xn--frulein-wundershop-mtb.de\/index.php\/wp-json\/wp\/v2\/product\/1447","targetHints":{"allow":["GET"]}}],"collection":[{"href":"https:\/\/xn--frulein-wundershop-mtb.de\/index.php\/wp-json\/wp\/v2\/product"}],"about":[{"href":"https:\/\/xn--frulein-wundershop-mtb.de\/index.php\/wp-json\/wp\/v2\/types\/product"}],"replies":[{"embeddable":true,"href":"https:\/\/xn--frulein-wundershop-mtb.de\/index.php\/wp-json\/wp\/v2\/comments?post=1447"}],"wp:featuredmedia":[{"embeddable":true,"href":"https:\/\/xn--frulein-wundershop-mtb.de\/index.php\/wp-json\/wp\/v2\/media\/1442"}],"wp:attachment":[{"href":"https:\/\/xn--frulein-wundershop-mtb.de\/index.php\/wp-json\/wp\/v2\/media?parent=1447"}],"wp:term":[{"taxonomy":"product_brand","embeddable":true,"href":"https:\/\/xn--frulein-wundershop-mtb.de\/index.php\/wp-json\/wp\/v2\/product_brand?post=1447"},{"taxonomy":"product_cat","embeddable":true,"href":"https:\/\/xn--frulein-wundershop-mtb.de\/index.php\/wp-json\/wp\/v2\/product_cat?post=1447"},{"taxonomy":"product_tag","embeddable":true,"href":"https:\/\/xn--frulein-wundershop-mtb.de\/index.php\/wp-json\/wp\/v2\/product_tag?post=1447"}],"curies":[{"name":"wp","href":"https:\/\/api.w.org\/{rel}","templated":true}]}}