{"id":196,"date":"2025-04-06T21:22:42","date_gmt":"2025-04-06T19:22:42","guid":{"rendered":"https:\/\/xn--frulein-wundershop-mtb.de\/?post_type=product&#038;p=196"},"modified":"2025-07-09T13:29:12","modified_gmt":"2025-07-09T11:29:12","slug":"handytasche-gummiband-grau","status":"publish","type":"product","link":"https:\/\/xn--frulein-wundershop-mtb.de\/index.php\/produkt\/handytasche-gummiband-grau\/","title":{"rendered":"Handytasche Gummiband"},"content":{"rendered":"<p>Die Tasche ist Designfilz gen\u00e4ht und mit dem Gummiband verschlie\u00dfbar. Das Gummiband gibt es in verschiedenen Farben. Die Handygr\u00f6\u00dfe bitte bei der Bestellung mit angeben, wird dann nach Ma\u00df gefertigt.<img loading=\"lazy\" decoding=\"async\" class=\"alignnone  wp-image-1302\" src=\"http:\/\/xn--frulein-wundershop-mtb.de\/wp-content\/uploads\/2025\/04\/P1010818-2-300x254.jpg\" alt=\"\" width=\"50\" height=\"42\" srcset=\"https:\/\/xn--frulein-wundershop-mtb.de\/wp-content\/uploads\/2025\/04\/P1010818-2-300x254.jpg 300w, https:\/\/xn--frulein-wundershop-mtb.de\/wp-content\/uploads\/2025\/04\/P1010818-2-1024x866.jpg 1024w, https:\/\/xn--frulein-wundershop-mtb.de\/wp-content\/uploads\/2025\/04\/P1010818-2-768x650.jpg 768w, https:\/\/xn--frulein-wundershop-mtb.de\/wp-content\/uploads\/2025\/04\/P1010818-2-1536x1300.jpg 1536w, https:\/\/xn--frulein-wundershop-mtb.de\/wp-content\/uploads\/2025\/04\/P1010818-2-1200x1015.jpg 1200w, https:\/\/xn--frulein-wundershop-mtb.de\/wp-content\/uploads\/2025\/04\/P1010818-2-800x677.jpg 800w, https:\/\/xn--frulein-wundershop-mtb.de\/wp-content\/uploads\/2025\/04\/P1010818-2.jpg 1950w\" sizes=\"auto, (max-width: 50px) 85vw, 50px\" \/><\/p>\n","protected":false},"excerpt":{"rendered":"<p>Die Tasche ist Designfilz gen\u00e4ht und mit dem Gummiband verschlie\u00dfbar. Das Gummiband gibt es in verschiedenen Farben. Die Handygr\u00f6\u00dfe bitte bei der Bestellung mit angeben, wird dann nach Ma\u00df gefertigt.<\/p>\n","protected":false},"featured_media":0,"comment_status":"open","ping_status":"closed","template":"","meta":[],"product_brand":[],"product_cat":[17,20],"product_tag":[],"class_list":{"0":"post-196","1":"product","2":"type-product","3":"status-publish","5":"product_cat-accessoires","6":"product_cat-handytasche","7":"product_shipping_class-normal","9":"first","10":"instock","11":"shipping-taxable","12":"purchasable","13":"product-type-simple"},"_links":{"self":[{"href":"https:\/\/xn--frulein-wundershop-mtb.de\/index.php\/wp-json\/wp\/v2\/product\/196","targetHints":{"allow":["GET"]}}],"collection":[{"href":"https:\/\/xn--frulein-wundershop-mtb.de\/index.php\/wp-json\/wp\/v2\/product"}],"about":[{"href":"https:\/\/xn--frulein-wundershop-mtb.de\/index.php\/wp-json\/wp\/v2\/types\/product"}],"replies":[{"embeddable":true,"href":"https:\/\/xn--frulein-wundershop-mtb.de\/index.php\/wp-json\/wp\/v2\/comments?post=196"}],"wp:attachment":[{"href":"https:\/\/xn--frulein-wundershop-mtb.de\/index.php\/wp-json\/wp\/v2\/media?parent=196"}],"wp:term":[{"taxonomy":"product_brand","embeddable":true,"href":"https:\/\/xn--frulein-wundershop-mtb.de\/index.php\/wp-json\/wp\/v2\/product_brand?post=196"},{"taxonomy":"product_cat","embeddable":true,"href":"https:\/\/xn--frulein-wundershop-mtb.de\/index.php\/wp-json\/wp\/v2\/product_cat?post=196"},{"taxonomy":"product_tag","embeddable":true,"href":"https:\/\/xn--frulein-wundershop-mtb.de\/index.php\/wp-json\/wp\/v2\/product_tag?post=196"}],"curies":[{"name":"wp","href":"https:\/\/api.w.org\/{rel}","templated":true}]}}