{"id":199,"date":"2025-04-06T21:22:43","date_gmt":"2025-04-06T19:22:43","guid":{"rendered":"https:\/\/xn--frulein-wundershop-mtb.de\/?post_type=product&#038;p=199"},"modified":"2025-04-06T21:30:32","modified_gmt":"2025-04-06T19:30:32","slug":"handytasche-leder","status":"publish","type":"product","link":"https:\/\/xn--frulein-wundershop-mtb.de\/index.php\/produkt\/handytasche-leder\/","title":{"rendered":"Handytasche  Leder"},"content":{"rendered":"<p>Die Tasche ist aus Designfilz gen\u00e4ht und mit dem Gummiband verschlie\u00dfbar. Als besonderes Extra ist vorn ein kleines Fach aus Leder f\u00fcr ein Scheinchen oder die Geldkarte. Das Gummiband gibt es in verschiedenen Farben, momentan grau, gelb und rot. Die Handygr\u00f6\u00dfe bitte bei der Bestellung im &#8222;Check Out&#8220; mit angeben, wird dann nach Ma\u00df gefertigt.<br \/>\nDas Gummiband gibt es in grau, rot oder gelb.<\/p>\n","protected":false},"excerpt":{"rendered":"<p>Die Tasche ist aus Designfilz gen\u00e4ht und mit dem Gummiband verschlie\u00dfbar. Als besonderes Extra ist vorn ein kleines Fach aus Leder f\u00fcr ein Scheinchen oder die Geldkarte. Das Gummiband gibt es in verschiedenen Farben, momentan grau, gelb und rot. Die Handygr\u00f6\u00dfe bitte bei der Bestellung im &#8222;Check Out&#8220; mit angeben, wird dann nach Ma\u00df gefertigt. &hellip; <a href=\"https:\/\/xn--frulein-wundershop-mtb.de\/index.php\/produkt\/handytasche-leder\/\" class=\"more-link\">Continue reading<span class=\"screen-reader-text\"> &#8222;Handytasche  Leder&#8220;<\/span><\/a><\/p>\n","protected":false},"featured_media":230,"comment_status":"closed","ping_status":"closed","template":"","meta":[],"product_brand":[],"product_cat":[17,20],"product_tag":[],"class_list":{"0":"post-199","1":"product","2":"type-product","3":"status-publish","4":"has-post-thumbnail","6":"product_cat-accessoires","7":"product_cat-handytasche","8":"product_shipping_class-normal","10":"first","11":"instock","12":"shipping-taxable","13":"purchasable","14":"product-type-variable"},"_links":{"self":[{"href":"https:\/\/xn--frulein-wundershop-mtb.de\/index.php\/wp-json\/wp\/v2\/product\/199","targetHints":{"allow":["GET"]}}],"collection":[{"href":"https:\/\/xn--frulein-wundershop-mtb.de\/index.php\/wp-json\/wp\/v2\/product"}],"about":[{"href":"https:\/\/xn--frulein-wundershop-mtb.de\/index.php\/wp-json\/wp\/v2\/types\/product"}],"replies":[{"embeddable":true,"href":"https:\/\/xn--frulein-wundershop-mtb.de\/index.php\/wp-json\/wp\/v2\/comments?post=199"}],"wp:featuredmedia":[{"embeddable":true,"href":"https:\/\/xn--frulein-wundershop-mtb.de\/index.php\/wp-json\/wp\/v2\/media\/230"}],"wp:attachment":[{"href":"https:\/\/xn--frulein-wundershop-mtb.de\/index.php\/wp-json\/wp\/v2\/media?parent=199"}],"wp:term":[{"taxonomy":"product_brand","embeddable":true,"href":"https:\/\/xn--frulein-wundershop-mtb.de\/index.php\/wp-json\/wp\/v2\/product_brand?post=199"},{"taxonomy":"product_cat","embeddable":true,"href":"https:\/\/xn--frulein-wundershop-mtb.de\/index.php\/wp-json\/wp\/v2\/product_cat?post=199"},{"taxonomy":"product_tag","embeddable":true,"href":"https:\/\/xn--frulein-wundershop-mtb.de\/index.php\/wp-json\/wp\/v2\/product_tag?post=199"}],"curies":[{"name":"wp","href":"https:\/\/api.w.org\/{rel}","templated":true}]}}