{"id":258,"date":"2025-04-06T21:23:12","date_gmt":"2025-04-06T19:23:12","guid":{"rendered":"https:\/\/xn--frulein-wundershop-mtb.de\/?post_type=product&#038;p=258"},"modified":"2025-04-06T21:23:35","modified_gmt":"2025-04-06T19:23:35","slug":"smartphone-geldboerse-grau","status":"publish","type":"product","link":"https:\/\/xn--frulein-wundershop-mtb.de\/index.php\/produkt\/smartphone-geldboerse-grau\/","title":{"rendered":"Smartphone Geldb\u00f6rse Grau"},"content":{"rendered":"<p>Hier gibt es schlicht gestaltete, handgen\u00e4hte Geldb\u00f6rsen aus Designfilz. Verschlie\u00dfbar mit farbigem Gummiband, Fach f\u00fcr Kreditkarte, mit Rei\u00dfverschlu\u00df verschliessbarem Kleingeldfach und Fach f\u00fcr Scheine oder Ausweis. Somit ist Platz f\u00fcr alles wichtige. Der Wollfilz ist von Natur aus schmutzabweisend und robust.<br \/>\nGr\u00f6\u00dfe kann auf Wunsch auch angepa\u00dft werden.<br \/>\nFarbe: graues Gummiband<\/p>\n","protected":false},"excerpt":{"rendered":"<p>Aus Leder und Filz<\/p>\n","protected":false},"featured_media":291,"comment_status":"open","ping_status":"closed","template":"","meta":[],"product_brand":[],"product_cat":[17,22],"product_tag":[],"class_list":{"0":"post-258","1":"product","2":"type-product","3":"status-publish","4":"has-post-thumbnail","6":"product_cat-accessoires","7":"product_cat-kleine-taschen","8":"product_shipping_class-normal","10":"first","11":"instock","12":"shipping-taxable","13":"purchasable","14":"product-type-simple"},"_links":{"self":[{"href":"https:\/\/xn--frulein-wundershop-mtb.de\/index.php\/wp-json\/wp\/v2\/product\/258","targetHints":{"allow":["GET"]}}],"collection":[{"href":"https:\/\/xn--frulein-wundershop-mtb.de\/index.php\/wp-json\/wp\/v2\/product"}],"about":[{"href":"https:\/\/xn--frulein-wundershop-mtb.de\/index.php\/wp-json\/wp\/v2\/types\/product"}],"replies":[{"embeddable":true,"href":"https:\/\/xn--frulein-wundershop-mtb.de\/index.php\/wp-json\/wp\/v2\/comments?post=258"}],"wp:featuredmedia":[{"embeddable":true,"href":"https:\/\/xn--frulein-wundershop-mtb.de\/index.php\/wp-json\/wp\/v2\/media\/291"}],"wp:attachment":[{"href":"https:\/\/xn--frulein-wundershop-mtb.de\/index.php\/wp-json\/wp\/v2\/media?parent=258"}],"wp:term":[{"taxonomy":"product_brand","embeddable":true,"href":"https:\/\/xn--frulein-wundershop-mtb.de\/index.php\/wp-json\/wp\/v2\/product_brand?post=258"},{"taxonomy":"product_cat","embeddable":true,"href":"https:\/\/xn--frulein-wundershop-mtb.de\/index.php\/wp-json\/wp\/v2\/product_cat?post=258"},{"taxonomy":"product_tag","embeddable":true,"href":"https:\/\/xn--frulein-wundershop-mtb.de\/index.php\/wp-json\/wp\/v2\/product_tag?post=258"}],"curies":[{"name":"wp","href":"https:\/\/api.w.org\/{rel}","templated":true}]}}