{"id":310,"date":"2025-04-06T21:23:39","date_gmt":"2025-04-06T19:23:39","guid":{"rendered":"https:\/\/xn--frulein-wundershop-mtb.de\/?post_type=product&#038;p=310"},"modified":"2025-04-06T21:24:23","modified_gmt":"2025-04-06T19:24:23","slug":"muetze-streifen-schwarz-weiss","status":"publish","type":"product","link":"https:\/\/xn--frulein-wundershop-mtb.de\/index.php\/produkt\/muetze-streifen-schwarz-weiss\/","title":{"rendered":"M\u00fctze Streifen schwarz-weiss"},"content":{"rendered":"<p>Gen\u00e4hte M\u00fctze aus Streifenjersey in schwarz\/weiss, Baumwolle\/Poly\/Elasthan. Der Rand l\u00e4sst sich auch runterklappen und die M\u00fctze als Beanie tragen.<br \/>\nBei Bestellung bitte Kopfumfang angeben.<br \/>\nLoops sind dazu passend auch bestellbar.<\/p>\n","protected":false},"excerpt":{"rendered":"<p>Gen\u00e4hte M\u00fctze aus Streifenjersey in schwarz\/weiss, Baumwolle\/Poly\/Elasthan. Der Rand l\u00e4sst sich auch runterklappen und die M\u00fctze als Beanie tragen. Bei Bestellung bitte Kopfumfang angeben. Loops sind dazu passend auch bestellbar.<\/p>\n","protected":false},"featured_media":367,"comment_status":"open","ping_status":"closed","template":"","meta":[],"product_brand":[],"product_cat":[24,26],"product_tag":[],"class_list":{"0":"post-310","1":"product","2":"type-product","3":"status-publish","4":"has-post-thumbnail","6":"product_cat-fuer-grosse","7":"product_cat-muetzen","8":"product_shipping_class-normal","10":"first","11":"instock","12":"shipping-taxable","13":"purchasable","14":"product-type-simple"},"_links":{"self":[{"href":"https:\/\/xn--frulein-wundershop-mtb.de\/index.php\/wp-json\/wp\/v2\/product\/310","targetHints":{"allow":["GET"]}}],"collection":[{"href":"https:\/\/xn--frulein-wundershop-mtb.de\/index.php\/wp-json\/wp\/v2\/product"}],"about":[{"href":"https:\/\/xn--frulein-wundershop-mtb.de\/index.php\/wp-json\/wp\/v2\/types\/product"}],"replies":[{"embeddable":true,"href":"https:\/\/xn--frulein-wundershop-mtb.de\/index.php\/wp-json\/wp\/v2\/comments?post=310"}],"wp:featuredmedia":[{"embeddable":true,"href":"https:\/\/xn--frulein-wundershop-mtb.de\/index.php\/wp-json\/wp\/v2\/media\/367"}],"wp:attachment":[{"href":"https:\/\/xn--frulein-wundershop-mtb.de\/index.php\/wp-json\/wp\/v2\/media?parent=310"}],"wp:term":[{"taxonomy":"product_brand","embeddable":true,"href":"https:\/\/xn--frulein-wundershop-mtb.de\/index.php\/wp-json\/wp\/v2\/product_brand?post=310"},{"taxonomy":"product_cat","embeddable":true,"href":"https:\/\/xn--frulein-wundershop-mtb.de\/index.php\/wp-json\/wp\/v2\/product_cat?post=310"},{"taxonomy":"product_tag","embeddable":true,"href":"https:\/\/xn--frulein-wundershop-mtb.de\/index.php\/wp-json\/wp\/v2\/product_tag?post=310"}],"curies":[{"name":"wp","href":"https:\/\/api.w.org\/{rel}","templated":true}]}}