{"id":385,"date":"2025-04-06T21:24:28","date_gmt":"2025-04-06T19:24:28","guid":{"rendered":"https:\/\/xn--frulein-wundershop-mtb.de\/?post_type=product&#038;p=385"},"modified":"2025-04-06T21:25:30","modified_gmt":"2025-04-06T19:25:30","slug":"latzhose-crashkord","status":"publish","type":"product","link":"https:\/\/xn--frulein-wundershop-mtb.de\/index.php\/produkt\/latzhose-crashkord\/","title":{"rendered":"Latzhose Crashkord"},"content":{"rendered":"<p>Latzhose aus leicht elastischem Kord, in 3 L\u00e4ngen verstellbar.<br \/>\nFeinw\u00e4sche 30\u00b0<br \/>\nIn drei Gr\u00f6\u00dfen: 74-80, 86-92, 98-104 (Bitte beim Checkout per Mail Wunschgr\u00f6\u00dfe angeben)<\/p>\n","protected":false},"excerpt":{"rendered":"<p>Latzhose aus leicht elastischem Kord, in 3 L\u00e4ngen verstellbar. Feinw\u00e4sche 30\u00b0 In drei Gr\u00f6\u00dfen: 74-80, 86-92, 98-104 (Bitte beim Checkout per Mail Wunschgr\u00f6\u00dfe angeben)<\/p>\n","protected":false},"featured_media":465,"comment_status":"open","ping_status":"closed","template":"","meta":[],"product_brand":[],"product_cat":[31,32],"product_tag":[],"class_list":{"0":"post-385","1":"product","2":"type-product","3":"status-publish","4":"has-post-thumbnail","6":"product_cat-fuer-kleine","7":"product_cat-pumphosen","8":"product_shipping_class-maxi","10":"first","11":"instock","12":"shipping-taxable","13":"purchasable","14":"product-type-simple"},"_links":{"self":[{"href":"https:\/\/xn--frulein-wundershop-mtb.de\/index.php\/wp-json\/wp\/v2\/product\/385","targetHints":{"allow":["GET"]}}],"collection":[{"href":"https:\/\/xn--frulein-wundershop-mtb.de\/index.php\/wp-json\/wp\/v2\/product"}],"about":[{"href":"https:\/\/xn--frulein-wundershop-mtb.de\/index.php\/wp-json\/wp\/v2\/types\/product"}],"replies":[{"embeddable":true,"href":"https:\/\/xn--frulein-wundershop-mtb.de\/index.php\/wp-json\/wp\/v2\/comments?post=385"}],"wp:featuredmedia":[{"embeddable":true,"href":"https:\/\/xn--frulein-wundershop-mtb.de\/index.php\/wp-json\/wp\/v2\/media\/465"}],"wp:attachment":[{"href":"https:\/\/xn--frulein-wundershop-mtb.de\/index.php\/wp-json\/wp\/v2\/media?parent=385"}],"wp:term":[{"taxonomy":"product_brand","embeddable":true,"href":"https:\/\/xn--frulein-wundershop-mtb.de\/index.php\/wp-json\/wp\/v2\/product_brand?post=385"},{"taxonomy":"product_cat","embeddable":true,"href":"https:\/\/xn--frulein-wundershop-mtb.de\/index.php\/wp-json\/wp\/v2\/product_cat?post=385"},{"taxonomy":"product_tag","embeddable":true,"href":"https:\/\/xn--frulein-wundershop-mtb.de\/index.php\/wp-json\/wp\/v2\/product_tag?post=385"}],"curies":[{"name":"wp","href":"https:\/\/api.w.org\/{rel}","templated":true}]}}