{"id":386,"date":"2025-04-06T21:24:28","date_gmt":"2025-04-06T19:24:28","guid":{"rendered":"https:\/\/xn--frulein-wundershop-mtb.de\/?post_type=product&#038;p=386"},"modified":"2025-04-06T21:25:31","modified_gmt":"2025-04-06T19:25:31","slug":"pumphose-stripes","status":"publish","type":"product","link":"https:\/\/xn--frulein-wundershop-mtb.de\/index.php\/produkt\/pumphose-stripes\/","title":{"rendered":"Pumphose &#8222;Stripes&#8220;"},"content":{"rendered":"<p>Material: gestreifter Baumwolljersey mit rosameliertem B\u00fcndchen.<br \/>\nGibt auch passende M\u00fctzen dazu \ud83d\ude42<br \/>\nWaschbar bei 30 Grad.<br \/>\nIn drei Gr\u00f6\u00dfen: 62-74, 74-86, 92-98 (Bitte beim Checkout per Mail Wunschgr\u00f6\u00dfe angeben)<\/p>\n","protected":false},"excerpt":{"rendered":"<p>Material: gestreifter Baumwolljersey mit rosameliertem B\u00fcndchen. Gibt auch passende M\u00fctzen dazu \ud83d\ude42 Waschbar bei 30 Grad. In drei Gr\u00f6\u00dfen: 62-74, 74-86, 92-98 (Bitte beim Checkout per Mail Wunschgr\u00f6\u00dfe angeben)<\/p>\n","protected":false},"featured_media":467,"comment_status":"open","ping_status":"closed","template":"","meta":[],"product_brand":[],"product_cat":[31,32],"product_tag":[],"class_list":{"0":"post-386","1":"product","2":"type-product","3":"status-publish","4":"has-post-thumbnail","6":"product_cat-fuer-kleine","7":"product_cat-pumphosen","8":"product_shipping_class-maxi","10":"first","11":"instock","12":"shipping-taxable","13":"purchasable","14":"product-type-simple"},"_links":{"self":[{"href":"https:\/\/xn--frulein-wundershop-mtb.de\/index.php\/wp-json\/wp\/v2\/product\/386","targetHints":{"allow":["GET"]}}],"collection":[{"href":"https:\/\/xn--frulein-wundershop-mtb.de\/index.php\/wp-json\/wp\/v2\/product"}],"about":[{"href":"https:\/\/xn--frulein-wundershop-mtb.de\/index.php\/wp-json\/wp\/v2\/types\/product"}],"replies":[{"embeddable":true,"href":"https:\/\/xn--frulein-wundershop-mtb.de\/index.php\/wp-json\/wp\/v2\/comments?post=386"}],"wp:featuredmedia":[{"embeddable":true,"href":"https:\/\/xn--frulein-wundershop-mtb.de\/index.php\/wp-json\/wp\/v2\/media\/467"}],"wp:attachment":[{"href":"https:\/\/xn--frulein-wundershop-mtb.de\/index.php\/wp-json\/wp\/v2\/media?parent=386"}],"wp:term":[{"taxonomy":"product_brand","embeddable":true,"href":"https:\/\/xn--frulein-wundershop-mtb.de\/index.php\/wp-json\/wp\/v2\/product_brand?post=386"},{"taxonomy":"product_cat","embeddable":true,"href":"https:\/\/xn--frulein-wundershop-mtb.de\/index.php\/wp-json\/wp\/v2\/product_cat?post=386"},{"taxonomy":"product_tag","embeddable":true,"href":"https:\/\/xn--frulein-wundershop-mtb.de\/index.php\/wp-json\/wp\/v2\/product_tag?post=386"}],"curies":[{"name":"wp","href":"https:\/\/api.w.org\/{rel}","templated":true}]}}