{"id":409,"date":"2025-04-06T21:24:52","date_gmt":"2025-04-06T19:24:52","guid":{"rendered":"https:\/\/xn--frulein-wundershop-mtb.de\/?post_type=product&#038;p=409"},"modified":"2025-04-06T21:25:32","modified_gmt":"2025-04-06T19:25:32","slug":"pumphose-kord","status":"publish","type":"product","link":"https:\/\/xn--frulein-wundershop-mtb.de\/index.php\/produkt\/pumphose-kord\/","title":{"rendered":"Pumphose &#8222;Kord&#8220;"},"content":{"rendered":"<p>Material: weinroter Kord, B\u00fcndchen &#8211; (Baumwolle, Elasthan)<br \/>\nBestellbar in 3 Gr\u00f6\u00dfenvarianten (Wunschgr\u00f6\u00dfe auf Anfrage)<br \/>\nWaschbar bei 30 Grad .<br \/>\nIn drei Gr\u00f6\u00dfen: 62-74, 74-86, 92-98 (Bitte beim Checkout per Mail Wunschgr\u00f6\u00dfe angeben)<\/p>\n","protected":false},"excerpt":{"rendered":"<p>Material: weinroter Kord, B\u00fcndchen &#8211; (Baumwolle, Elasthan) Bestellbar in 3 Gr\u00f6\u00dfenvarianten (Wunschgr\u00f6\u00dfe auf Anfrage) Waschbar bei 30 Grad . In drei Gr\u00f6\u00dfen: 62-74, 74-86, 92-98 (Bitte beim Checkout per Mail Wunschgr\u00f6\u00dfe angeben)<\/p>\n","protected":false},"featured_media":468,"comment_status":"open","ping_status":"closed","template":"","meta":[],"product_brand":[],"product_cat":[31,32],"product_tag":[],"class_list":{"0":"post-409","1":"product","2":"type-product","3":"status-publish","4":"has-post-thumbnail","6":"product_cat-fuer-kleine","7":"product_cat-pumphosen","8":"product_shipping_class-maxi","10":"first","11":"instock","12":"shipping-taxable","13":"purchasable","14":"product-type-simple"},"_links":{"self":[{"href":"https:\/\/xn--frulein-wundershop-mtb.de\/index.php\/wp-json\/wp\/v2\/product\/409","targetHints":{"allow":["GET"]}}],"collection":[{"href":"https:\/\/xn--frulein-wundershop-mtb.de\/index.php\/wp-json\/wp\/v2\/product"}],"about":[{"href":"https:\/\/xn--frulein-wundershop-mtb.de\/index.php\/wp-json\/wp\/v2\/types\/product"}],"replies":[{"embeddable":true,"href":"https:\/\/xn--frulein-wundershop-mtb.de\/index.php\/wp-json\/wp\/v2\/comments?post=409"}],"wp:featuredmedia":[{"embeddable":true,"href":"https:\/\/xn--frulein-wundershop-mtb.de\/index.php\/wp-json\/wp\/v2\/media\/468"}],"wp:attachment":[{"href":"https:\/\/xn--frulein-wundershop-mtb.de\/index.php\/wp-json\/wp\/v2\/media?parent=409"}],"wp:term":[{"taxonomy":"product_brand","embeddable":true,"href":"https:\/\/xn--frulein-wundershop-mtb.de\/index.php\/wp-json\/wp\/v2\/product_brand?post=409"},{"taxonomy":"product_cat","embeddable":true,"href":"https:\/\/xn--frulein-wundershop-mtb.de\/index.php\/wp-json\/wp\/v2\/product_cat?post=409"},{"taxonomy":"product_tag","embeddable":true,"href":"https:\/\/xn--frulein-wundershop-mtb.de\/index.php\/wp-json\/wp\/v2\/product_tag?post=409"}],"curies":[{"name":"wp","href":"https:\/\/api.w.org\/{rel}","templated":true}]}}