{"id":415,"date":"2025-04-06T21:24:53","date_gmt":"2025-04-06T19:24:53","guid":{"rendered":"https:\/\/xn--frulein-wundershop-mtb.de\/?post_type=product&#038;p=415"},"modified":"2025-04-06T21:25:38","modified_gmt":"2025-04-06T19:25:38","slug":"pumphose-strick-rose","status":"publish","type":"product","link":"https:\/\/xn--frulein-wundershop-mtb.de\/index.php\/produkt\/pumphose-strick-rose\/","title":{"rendered":"Pumphose Strick ros\u00e9"},"content":{"rendered":"<p>Bequeme Mitwachshose aus weichem Baumwollstrick, innen angeraut, Ringelb\u00fcndchen.<br \/>\nMaterial:  Baumwolle, Poly, Elasthan.<br \/>\nWaschbar bei 30 Grad .<br \/>\nAuf Wunsch auch passende Beaniem\u00fctze .<br \/>\nIn drei Gr\u00f6\u00dfen: 62-74, 74-86, 92-98 (Bitte beim Checkout per Mail Wunschgr\u00f6\u00dfe angeben)<\/p>\n","protected":false},"excerpt":{"rendered":"<p>Bequeme Mitwachshose aus weichem Baumwollstrick, innen angeraut, Ringelb\u00fcndchen. Material: Baumwolle, Poly, Elasthan. Waschbar bei 30 Grad . Auf Wunsch auch passende Beaniem\u00fctze . In drei Gr\u00f6\u00dfen: 62-74, 74-86, 92-98 (Bitte beim Checkout per Mail Wunschgr\u00f6\u00dfe angeben)<\/p>\n","protected":false},"featured_media":474,"comment_status":"open","ping_status":"closed","template":"","meta":[],"product_brand":[],"product_cat":[31,32],"product_tag":[],"class_list":{"0":"post-415","1":"product","2":"type-product","3":"status-publish","4":"has-post-thumbnail","6":"product_cat-fuer-kleine","7":"product_cat-pumphosen","8":"product_shipping_class-maxi","10":"first","11":"instock","12":"shipping-taxable","13":"purchasable","14":"product-type-simple"},"_links":{"self":[{"href":"https:\/\/xn--frulein-wundershop-mtb.de\/index.php\/wp-json\/wp\/v2\/product\/415","targetHints":{"allow":["GET"]}}],"collection":[{"href":"https:\/\/xn--frulein-wundershop-mtb.de\/index.php\/wp-json\/wp\/v2\/product"}],"about":[{"href":"https:\/\/xn--frulein-wundershop-mtb.de\/index.php\/wp-json\/wp\/v2\/types\/product"}],"replies":[{"embeddable":true,"href":"https:\/\/xn--frulein-wundershop-mtb.de\/index.php\/wp-json\/wp\/v2\/comments?post=415"}],"wp:featuredmedia":[{"embeddable":true,"href":"https:\/\/xn--frulein-wundershop-mtb.de\/index.php\/wp-json\/wp\/v2\/media\/474"}],"wp:attachment":[{"href":"https:\/\/xn--frulein-wundershop-mtb.de\/index.php\/wp-json\/wp\/v2\/media?parent=415"}],"wp:term":[{"taxonomy":"product_brand","embeddable":true,"href":"https:\/\/xn--frulein-wundershop-mtb.de\/index.php\/wp-json\/wp\/v2\/product_brand?post=415"},{"taxonomy":"product_cat","embeddable":true,"href":"https:\/\/xn--frulein-wundershop-mtb.de\/index.php\/wp-json\/wp\/v2\/product_cat?post=415"},{"taxonomy":"product_tag","embeddable":true,"href":"https:\/\/xn--frulein-wundershop-mtb.de\/index.php\/wp-json\/wp\/v2\/product_tag?post=415"}],"curies":[{"name":"wp","href":"https:\/\/api.w.org\/{rel}","templated":true}]}}