{"id":417,"date":"2025-04-06T21:24:53","date_gmt":"2025-04-06T19:24:53","guid":{"rendered":"https:\/\/xn--frulein-wundershop-mtb.de\/?post_type=product&#038;p=417"},"modified":"2025-04-06T21:25:40","modified_gmt":"2025-04-06T19:25:40","slug":"pumphose-kord-graublau","status":"publish","type":"product","link":"https:\/\/xn--frulein-wundershop-mtb.de\/index.php\/produkt\/pumphose-kord-graublau\/","title":{"rendered":"Pumphose Kord graublau"},"content":{"rendered":"<p>bequeme Mitwachshose aus Kord, Baumwollb\u00fcndchen.<br \/>\nMaterial. 97% Baumwolle, 3%Elasthan<br \/>\nWaschbar bei 30 Grad.<br \/>\nIn drei Gr\u00f6\u00dfen: 62-74, 74-86, 92-98 (Bitte beim Checkout per Mail Wunschgr\u00f6\u00dfe angeben)<\/p>\n","protected":false},"excerpt":{"rendered":"<p>bequeme Mitwachshose aus Kord, Baumwollb\u00fcndchen. Material. 97% Baumwolle, 3%Elasthan Waschbar bei 30 Grad. In drei Gr\u00f6\u00dfen: 62-74, 74-86, 92-98 (Bitte beim Checkout per Mail Wunschgr\u00f6\u00dfe angeben)<\/p>\n","protected":false},"featured_media":476,"comment_status":"open","ping_status":"closed","template":"","meta":[],"product_brand":[],"product_cat":[31,32],"product_tag":[],"class_list":{"0":"post-417","1":"product","2":"type-product","3":"status-publish","4":"has-post-thumbnail","6":"product_cat-fuer-kleine","7":"product_cat-pumphosen","8":"product_shipping_class-maxi","10":"first","11":"instock","12":"shipping-taxable","13":"purchasable","14":"product-type-simple"},"_links":{"self":[{"href":"https:\/\/xn--frulein-wundershop-mtb.de\/index.php\/wp-json\/wp\/v2\/product\/417","targetHints":{"allow":["GET"]}}],"collection":[{"href":"https:\/\/xn--frulein-wundershop-mtb.de\/index.php\/wp-json\/wp\/v2\/product"}],"about":[{"href":"https:\/\/xn--frulein-wundershop-mtb.de\/index.php\/wp-json\/wp\/v2\/types\/product"}],"replies":[{"embeddable":true,"href":"https:\/\/xn--frulein-wundershop-mtb.de\/index.php\/wp-json\/wp\/v2\/comments?post=417"}],"wp:featuredmedia":[{"embeddable":true,"href":"https:\/\/xn--frulein-wundershop-mtb.de\/index.php\/wp-json\/wp\/v2\/media\/476"}],"wp:attachment":[{"href":"https:\/\/xn--frulein-wundershop-mtb.de\/index.php\/wp-json\/wp\/v2\/media?parent=417"}],"wp:term":[{"taxonomy":"product_brand","embeddable":true,"href":"https:\/\/xn--frulein-wundershop-mtb.de\/index.php\/wp-json\/wp\/v2\/product_brand?post=417"},{"taxonomy":"product_cat","embeddable":true,"href":"https:\/\/xn--frulein-wundershop-mtb.de\/index.php\/wp-json\/wp\/v2\/product_cat?post=417"},{"taxonomy":"product_tag","embeddable":true,"href":"https:\/\/xn--frulein-wundershop-mtb.de\/index.php\/wp-json\/wp\/v2\/product_tag?post=417"}],"curies":[{"name":"wp","href":"https:\/\/api.w.org\/{rel}","templated":true}]}}