{"id":524,"date":"2025-04-06T21:26:08","date_gmt":"2025-04-06T19:26:08","guid":{"rendered":"https:\/\/xn--frulein-wundershop-mtb.de\/?post_type=product&#038;p=524"},"modified":"2025-04-06T21:26:41","modified_gmt":"2025-04-06T19:26:41","slug":"schalmuetze-baumwollfleece-hellblau","status":"publish","type":"product","link":"https:\/\/xn--frulein-wundershop-mtb.de\/index.php\/produkt\/schalmuetze-baumwollfleece-hellblau\/","title":{"rendered":"Schalm\u00fctze Baumwollfleece Hellblau"},"content":{"rendered":"<p>Kleine Info zum Baumwollfleece :<br \/>\nDadurch, dass es sich um reine Baumwolle ohne Polyester-Zusatz handelt, solltet ihr bei der Pflege <\/p>\n<p>folgende Tipps beachten:<br \/>\nNach dem Waschen geht der Stoff etwas ein, die Oberfl\u00e4che des Baumwollfleece wird frottee-\u00e4hnlich wirken. Es hat keinen Einfluss auf die Qualit\u00e4t und Funktionalit\u00e4t. Durch sanftes b\u00fcrsten mit einer B\u00fcrste erhaltet ihr die flauschig-weiche Oberfl\u00e4che wieder. B\u00fcrsten bitte erst nach dem Trocknen.<\/p>\n<p>Baumwollfleece einfach bei 30\u00b0C schonend waschen, nicht schleudern, nicht im nassen Zustand aussch\u00fctteln, in Form ziehen, frei trocknen lassen, nach Bedarf b\u00fcrsten.<\/p>\n<p>So, und nun viel Freude beim Bl\u00e4tter rascheln.<br \/>\nBei der Bestellung bitte das Alter (bis 4 Jahre) angeben.<\/p>\n","protected":false},"excerpt":{"rendered":"<p>Kuschelige Schalm\u00fctze, Schlumpfm\u00fctze aus hochwertigem melierten Bio- Baumwollfleece.<\/p>\n","protected":false},"featured_media":571,"comment_status":"open","ping_status":"closed","template":"","meta":[],"product_brand":[],"product_cat":[31,35],"product_tag":[],"class_list":{"0":"post-524","1":"product","2":"type-product","3":"status-publish","4":"has-post-thumbnail","6":"product_cat-fuer-kleine","7":"product_cat-wintermuetzen","8":"product_shipping_class-normal","10":"first","11":"instock","12":"shipping-taxable","13":"purchasable","14":"product-type-simple"},"_links":{"self":[{"href":"https:\/\/xn--frulein-wundershop-mtb.de\/index.php\/wp-json\/wp\/v2\/product\/524","targetHints":{"allow":["GET"]}}],"collection":[{"href":"https:\/\/xn--frulein-wundershop-mtb.de\/index.php\/wp-json\/wp\/v2\/product"}],"about":[{"href":"https:\/\/xn--frulein-wundershop-mtb.de\/index.php\/wp-json\/wp\/v2\/types\/product"}],"replies":[{"embeddable":true,"href":"https:\/\/xn--frulein-wundershop-mtb.de\/index.php\/wp-json\/wp\/v2\/comments?post=524"}],"wp:featuredmedia":[{"embeddable":true,"href":"https:\/\/xn--frulein-wundershop-mtb.de\/index.php\/wp-json\/wp\/v2\/media\/571"}],"wp:attachment":[{"href":"https:\/\/xn--frulein-wundershop-mtb.de\/index.php\/wp-json\/wp\/v2\/media?parent=524"}],"wp:term":[{"taxonomy":"product_brand","embeddable":true,"href":"https:\/\/xn--frulein-wundershop-mtb.de\/index.php\/wp-json\/wp\/v2\/product_brand?post=524"},{"taxonomy":"product_cat","embeddable":true,"href":"https:\/\/xn--frulein-wundershop-mtb.de\/index.php\/wp-json\/wp\/v2\/product_cat?post=524"},{"taxonomy":"product_tag","embeddable":true,"href":"https:\/\/xn--frulein-wundershop-mtb.de\/index.php\/wp-json\/wp\/v2\/product_tag?post=524"}],"curies":[{"name":"wp","href":"https:\/\/api.w.org\/{rel}","templated":true}]}}