{"id":627,"date":"2025-04-06T21:27:22","date_gmt":"2025-04-06T19:27:22","guid":{"rendered":"https:\/\/xn--frulein-wundershop-mtb.de\/?post_type=product&#038;p=627"},"modified":"2025-04-06T21:27:49","modified_gmt":"2025-04-06T19:27:49","slug":"wollwalk-babyschuhe-terra","status":"publish","type":"product","link":"https:\/\/xn--frulein-wundershop-mtb.de\/index.php\/produkt\/wollwalk-babyschuhe-terra\/","title":{"rendered":"Wollwalk Babyschuhe Terra"},"content":{"rendered":"<p>Warme F\u00fc\u00dfe mit Wollwalk, extra langer B\u00fcndchenschaft, damit\u00b4s auch h\u00e4lt am Beinchen.<br \/>\n100% Wolle , waschbar im Wollwaschgang oder ausb\u00fcrsten.<br \/>\nGew\u00fcnschte Gr\u00f6\u00dfe (17-21)  bitte bei der Bestellung mit angeben.<\/p>\n","protected":false},"excerpt":{"rendered":"<p>Warme F\u00fc\u00dfe mit Wollwalk, extra langer B\u00fcndchenschaft, damit\u00b4s auch h\u00e4lt am Beinchen. 100% Wolle , waschbar im Wollwaschgang oder ausb\u00fcrsten. Gew\u00fcnschte Gr\u00f6\u00dfe (17-21) bitte bei der Bestellung mit angeben.<\/p>\n","protected":false},"featured_media":675,"comment_status":"open","ping_status":"closed","template":"","meta":[],"product_brand":[],"product_cat":[31,38],"product_tag":[],"class_list":{"0":"post-627","1":"product","2":"type-product","3":"status-publish","4":"has-post-thumbnail","6":"product_cat-fuer-kleine","7":"product_cat-schuhe","8":"product_shipping_class-maxi","10":"first","11":"instock","12":"shipping-taxable","13":"purchasable","14":"product-type-simple"},"_links":{"self":[{"href":"https:\/\/xn--frulein-wundershop-mtb.de\/index.php\/wp-json\/wp\/v2\/product\/627","targetHints":{"allow":["GET"]}}],"collection":[{"href":"https:\/\/xn--frulein-wundershop-mtb.de\/index.php\/wp-json\/wp\/v2\/product"}],"about":[{"href":"https:\/\/xn--frulein-wundershop-mtb.de\/index.php\/wp-json\/wp\/v2\/types\/product"}],"replies":[{"embeddable":true,"href":"https:\/\/xn--frulein-wundershop-mtb.de\/index.php\/wp-json\/wp\/v2\/comments?post=627"}],"wp:featuredmedia":[{"embeddable":true,"href":"https:\/\/xn--frulein-wundershop-mtb.de\/index.php\/wp-json\/wp\/v2\/media\/675"}],"wp:attachment":[{"href":"https:\/\/xn--frulein-wundershop-mtb.de\/index.php\/wp-json\/wp\/v2\/media?parent=627"}],"wp:term":[{"taxonomy":"product_brand","embeddable":true,"href":"https:\/\/xn--frulein-wundershop-mtb.de\/index.php\/wp-json\/wp\/v2\/product_brand?post=627"},{"taxonomy":"product_cat","embeddable":true,"href":"https:\/\/xn--frulein-wundershop-mtb.de\/index.php\/wp-json\/wp\/v2\/product_cat?post=627"},{"taxonomy":"product_tag","embeddable":true,"href":"https:\/\/xn--frulein-wundershop-mtb.de\/index.php\/wp-json\/wp\/v2\/product_tag?post=627"}],"curies":[{"name":"wp","href":"https:\/\/api.w.org\/{rel}","templated":true}]}}