{"id":629,"date":"2025-04-06T21:27:22","date_gmt":"2025-04-06T19:27:22","guid":{"rendered":"https:\/\/xn--frulein-wundershop-mtb.de\/?post_type=product&#038;p=629"},"modified":"2025-04-06T21:27:52","modified_gmt":"2025-04-06T19:27:52","slug":"wollwalk-kleidchen-gruen","status":"publish","type":"product","link":"https:\/\/xn--frulein-wundershop-mtb.de\/index.php\/produkt\/wollwalk-kleidchen-gruen\/","title":{"rendered":"Wollwalk Kleidchen Gr\u00fcn"},"content":{"rendered":"<p>Warm eingepackt in der kalten Jahreszeit. Schlichtes H\u00e4ngerkleidchen aus reiner Wolle, verziert mit Knopf (der kann variieren).<br \/>\nWollwalk, waschbar im Wollprogramm.<br \/>\nWunschgr\u00f6\u00dfe bitte bei Bestellung mit angeben.<\/p>\n","protected":false},"excerpt":{"rendered":"<p>Warm eingepackt in der kalten Jahreszeit. Schlichtes H\u00e4ngerkleidchen aus reiner Wolle, verziert mit Knopf (der kann variieren). Wollwalk, waschbar im Wollprogramm. Wunschgr\u00f6\u00dfe bitte bei Bestellung mit angeben.<\/p>\n","protected":false},"featured_media":677,"comment_status":"open","ping_status":"closed","template":"","meta":[],"product_brand":[],"product_cat":[31,39],"product_tag":[],"class_list":{"0":"post-629","1":"product","2":"type-product","3":"status-publish","4":"has-post-thumbnail","6":"product_cat-fuer-kleine","7":"product_cat-kleider","8":"product_shipping_class-maxi","10":"first","11":"instock","12":"shipping-taxable","13":"purchasable","14":"product-type-simple"},"_links":{"self":[{"href":"https:\/\/xn--frulein-wundershop-mtb.de\/index.php\/wp-json\/wp\/v2\/product\/629","targetHints":{"allow":["GET"]}}],"collection":[{"href":"https:\/\/xn--frulein-wundershop-mtb.de\/index.php\/wp-json\/wp\/v2\/product"}],"about":[{"href":"https:\/\/xn--frulein-wundershop-mtb.de\/index.php\/wp-json\/wp\/v2\/types\/product"}],"replies":[{"embeddable":true,"href":"https:\/\/xn--frulein-wundershop-mtb.de\/index.php\/wp-json\/wp\/v2\/comments?post=629"}],"wp:featuredmedia":[{"embeddable":true,"href":"https:\/\/xn--frulein-wundershop-mtb.de\/index.php\/wp-json\/wp\/v2\/media\/677"}],"wp:attachment":[{"href":"https:\/\/xn--frulein-wundershop-mtb.de\/index.php\/wp-json\/wp\/v2\/media?parent=629"}],"wp:term":[{"taxonomy":"product_brand","embeddable":true,"href":"https:\/\/xn--frulein-wundershop-mtb.de\/index.php\/wp-json\/wp\/v2\/product_brand?post=629"},{"taxonomy":"product_cat","embeddable":true,"href":"https:\/\/xn--frulein-wundershop-mtb.de\/index.php\/wp-json\/wp\/v2\/product_cat?post=629"},{"taxonomy":"product_tag","embeddable":true,"href":"https:\/\/xn--frulein-wundershop-mtb.de\/index.php\/wp-json\/wp\/v2\/product_tag?post=629"}],"curies":[{"name":"wp","href":"https:\/\/api.w.org\/{rel}","templated":true}]}}