{"id":634,"date":"2025-04-06T21:27:23","date_gmt":"2025-04-06T19:27:23","guid":{"rendered":"https:\/\/xn--frulein-wundershop-mtb.de\/?post_type=product&#038;p=634"},"modified":"2025-04-06T21:30:03","modified_gmt":"2025-04-06T19:30:03","slug":"kinderweste-blau","status":"publish","type":"product","link":"https:\/\/xn--frulein-wundershop-mtb.de\/index.php\/produkt\/kinderweste-blau\/","title":{"rendered":"Kinderweste Blau"},"content":{"rendered":"<p>Kinderweste aus warmem Wollwalk (100% Wolle), abgef\u00fcttert mit Baumwollpl\u00fcsch (80% BW, 20% PE)<br \/>\nzu verschlie\u00dfen mit handgeschnitztem Holzknopf (dieser variiert, weil Unikate), Lederapplikation<\/p>\n","protected":false},"excerpt":{"rendered":"<p>Kinderweste aus warmem Wollwalk (100% Wolle), abgef\u00fcttert mit Baumwollpl\u00fcsch (80% BW, 20% PE) zu verschlie\u00dfen mit handgeschnitztem Holzknopf (dieser variiert, weil Unikate), Lederapplikation<\/p>\n","protected":false},"featured_media":685,"comment_status":"closed","ping_status":"closed","template":"","meta":[],"product_brand":[],"product_cat":[31,33],"product_tag":[],"class_list":{"0":"post-634","1":"product","2":"type-product","3":"status-publish","4":"has-post-thumbnail","6":"product_cat-fuer-kleine","7":"product_cat-westen","8":"product_shipping_class-maxi","10":"first","11":"instock","12":"shipping-taxable","13":"purchasable","14":"product-type-variable"},"_links":{"self":[{"href":"https:\/\/xn--frulein-wundershop-mtb.de\/index.php\/wp-json\/wp\/v2\/product\/634","targetHints":{"allow":["GET"]}}],"collection":[{"href":"https:\/\/xn--frulein-wundershop-mtb.de\/index.php\/wp-json\/wp\/v2\/product"}],"about":[{"href":"https:\/\/xn--frulein-wundershop-mtb.de\/index.php\/wp-json\/wp\/v2\/types\/product"}],"replies":[{"embeddable":true,"href":"https:\/\/xn--frulein-wundershop-mtb.de\/index.php\/wp-json\/wp\/v2\/comments?post=634"}],"wp:featuredmedia":[{"embeddable":true,"href":"https:\/\/xn--frulein-wundershop-mtb.de\/index.php\/wp-json\/wp\/v2\/media\/685"}],"wp:attachment":[{"href":"https:\/\/xn--frulein-wundershop-mtb.de\/index.php\/wp-json\/wp\/v2\/media?parent=634"}],"wp:term":[{"taxonomy":"product_brand","embeddable":true,"href":"https:\/\/xn--frulein-wundershop-mtb.de\/index.php\/wp-json\/wp\/v2\/product_brand?post=634"},{"taxonomy":"product_cat","embeddable":true,"href":"https:\/\/xn--frulein-wundershop-mtb.de\/index.php\/wp-json\/wp\/v2\/product_cat?post=634"},{"taxonomy":"product_tag","embeddable":true,"href":"https:\/\/xn--frulein-wundershop-mtb.de\/index.php\/wp-json\/wp\/v2\/product_tag?post=634"}],"curies":[{"name":"wp","href":"https:\/\/api.w.org\/{rel}","templated":true}]}}